{"id":6636,"date":"2017-07-14T12:59:43","date_gmt":"2017-07-14T10:59:43","guid":{"rendered":"http:\/\/rivemaroc.com\/?page_id=6636\/"},"modified":"2025-12-09T23:55:24","modified_gmt":"2025-12-09T22:55:24","slug":"rive-maroc-precop","status":"publish","type":"page","link":"https:\/\/rivemaroc.com\/de\/rive-maroc-precop\/","title":{"rendered":"RIVE MAROC PRECOP"},"content":{"rendered":"<section class=\"l-section wpb_row height_huge color_primary with_img parallax_hor bgwidth_130\"><div class=\"l-section-img\" style=\"background-image: url(https:\/\/rivemaroc.com\/wp-content\/uploads\/2017\/07\/bg-texte-20.jpg);\" data-img-width=\"1900\" data-img-height=\"600\"><\/div><div class=\"l-section-h i-cf\"><div class=\"g-cols type_default valign_top\"><div class=\"vc_col-sm-12 wpb_column vc_column_container\"><div class=\"vc_column-inner\"><div class=\"wpb_wrapper\">[vc_custom_heading text=&#8220;RIVE Maroc PRECOP&#8220; font_container=&#8220;tag:h2|font_size:48|text_align:center&#8220; use_theme_fonts=&#8220;yes&#8220;]<div class=\"w-iconbox iconpos_top style_default color_custom no_title no_text\"><a class=\"w-iconbox-link\" href=\"#intro\"><div class=\"w-iconbox-icon\" style=\"color:#ffffff;\"><i class=\"fa fa-chevron-down\"><\/i><\/div><\/a><\/div><\/div><\/div><\/div><\/div><\/div><\/section><section class=\"l-section wpb_row height_large\" id=\"intro\"><div class=\"l-section-h i-cf\"><div class=\"g-cols type_default valign_top\"><div class=\"vc_col-sm-12 wpb_column vc_column_container\"><div class=\"vc_column-inner\"><div class=\"wpb_wrapper\">\n\t<div class=\"wpb_text_column \">\n\t\t<div class=\"wpb_wrapper\">\n\t\t\t<h6>RIVE2DAKAR<\/h6>\n<p>Die Premiere findet vom 15.01 &#8211; 25.01.2026 statt.<\/p>\n<h6>PRECOP<br \/>\nAlle Fahrzeuge, deren Leistung nicht ausreichen, um an der RIVE Maroc teilzunehmen sind herzlichst Willkommen beim RIVE Maroc PRECOP. Der PRECOP \u00a0beginnt bereits am Vortag der letzten RIVE Maroc Etappe, Marrakesch \u2013 Ouarzazate, f\u00fcr alle Teilnehmer, welche die 200 km nicht an einem Tag schaffen. \u00a0Es wird ausreichend 220V &amp; 380V Steckdosen an der Wegstrecke geben (im Roadbook vermerkt).<\/h6>\n<h6>Die 2 &#8211; Tages Teilnehmer \u00fcbernachten gemeinsam in der N\u00e4he des Tichka-Gipfels, w\u00e4hrend die Fahrzeuge \u00fcber Nacht geladen werden k\u00f6nnen. Am n\u00e4chsten Tag geht es nach einem Schulbesuch direkt auf das Solarfestival, wo ebenfalls die Teilnehmer der RIVE Maroc im Laufe des Tages eintreffen werden.<\/h6>\n<h6>Wir w\u00fcrden uns sehr freuen eine gro\u00dfe Diversit\u00e4t an unterschiedlichsten Fahrzeugen begr\u00fc\u00dfen zu d\u00fcrfen. Besonders freuen wir uns \u00fcber Solarfahrzeuge (plus Solarfahrr\u00e4der), elektrische Leichtfahrzeuge (L), E-Bikes, e-Motorr\u00e4der, e-Roller etc.<\/h6>\n<h6>Das Ziel des RIVE MAROC PRECOP 25 ist neben der Sensiblisierung auch eine &#8222;T\u00fcr\u00f6ffnung&#8220; der nachhaltigen Mobilit\u00e4t zwischen Marrakesch und Ouarzazate, insbesondere im Bereich des nachhaltigen Tourismus.<\/h6>\n\n\t\t<\/div>\n\t<\/div>\n<div class=\"w-separator type_invisible size_large thick_1 style_solid color_border cont_none\"><span class=\"w-separator-h\"><\/span><\/div><div class=\"w-actionbox color_primary controls_right\"><div class=\"w-actionbox-text\"><h2>Anmeldung Newsletter<\/h2><\/div><div class=\"w-actionbox-controls\"><a class=\"w-btn color_white style_solid icon_atright\" href=\"http:\/\/rivemaroc.com\/de\/anmeldung\/\"><i class=\"fa fa-arrow-circle-right\"><\/i><span class=\"w-btn-label\">hier!<\/span><\/a><\/div><\/div><\/div><\/div><\/div><\/div><\/div><\/section>\n","protected":false},"excerpt":{"rendered":"[vc_custom_heading text=\"RIVE Maroc PRECOP\" font_container=\"tag:h2|font_size:48|text_align:center\" use_theme_fonts=\"yes\"] RIVE2DAKAR Die Premiere findet vom 15.01 - 25.01.2026 statt. PRECOP Alle Fahrzeuge, deren Leistung nicht ausreichen, um an der RIVE Maroc teilzunehmen sind herzlichst Willkommen beim RIVE Maroc PRECOP. Der PRECOP \u00a0beginnt bereits am Vortag der letzten RIVE Maroc Etappe, Marrakesch \u2013 Ouarzazate, f\u00fcr alle Teilnehmer, welche die 200...","protected":false},"author":1,"featured_media":0,"parent":0,"menu_order":0,"comment_status":"closed","ping_status":"closed","template":"","meta":{"om_disable_all_campaigns":false,"_monsterinsights_skip_tracking":false,"_monsterinsights_sitenote_active":false,"_monsterinsights_sitenote_note":"","_monsterinsights_sitenote_category":0,"footnotes":""},"class_list":["post-6636","page","type-page","status-publish","hentry"],"aioseo_notices":[],"_links":{"self":[{"href":"https:\/\/rivemaroc.com\/de\/wp-json\/wp\/v2\/pages\/6636","targetHints":{"allow":["GET"]}}],"collection":[{"href":"https:\/\/rivemaroc.com\/de\/wp-json\/wp\/v2\/pages"}],"about":[{"href":"https:\/\/rivemaroc.com\/de\/wp-json\/wp\/v2\/types\/page"}],"author":[{"embeddable":true,"href":"https:\/\/rivemaroc.com\/de\/wp-json\/wp\/v2\/users\/1"}],"replies":[{"embeddable":true,"href":"https:\/\/rivemaroc.com\/de\/wp-json\/wp\/v2\/comments?post=6636"}],"version-history":[{"count":13,"href":"https:\/\/rivemaroc.com\/de\/wp-json\/wp\/v2\/pages\/6636\/revisions"}],"predecessor-version":[{"id":8672,"href":"https:\/\/rivemaroc.com\/de\/wp-json\/wp\/v2\/pages\/6636\/revisions\/8672"}],"wp:attachment":[{"href":"https:\/\/rivemaroc.com\/de\/wp-json\/wp\/v2\/media?parent=6636"}],"curies":[{"name":"wp","href":"https:\/\/api.w.org\/{rel}","templated":true}]}}