{"id":6639,"date":"2017-07-15T08:18:26","date_gmt":"2017-07-15T06:18:26","guid":{"rendered":"http:\/\/rivemaroc.com\/?page_id=6639\/"},"modified":"2025-12-24T13:37:40","modified_gmt":"2025-12-24T12:37:40","slug":"kategorien","status":"publish","type":"page","link":"https:\/\/rivemaroc.com\/de\/kategorien\/","title":{"rendered":"Kategorien"},"content":{"rendered":"<section class=\"l-section wpb_row height_huge color_primary with_img parallax_hor bgwidth_130\"><div class=\"l-section-img\" style=\"background-image: url(https:\/\/rivemaroc.com\/wp-content\/uploads\/2017\/07\/bg-text12.jpg);\" data-img-width=\"1900\" data-img-height=\"600\"><\/div><div class=\"l-section-h i-cf\"><div class=\"g-cols type_default valign_top\"><div class=\"vc_col-sm-12 wpb_column vc_column_container\"><div class=\"vc_column-inner\"><div class=\"wpb_wrapper\">[vc_custom_heading text=&#8220;Kategorien&#8220; font_container=&#8220;tag:h2|font_size:48|text_align:center&#8220; use_theme_fonts=&#8220;yes&#8220;]<div class=\"w-iconbox iconpos_top style_default color_custom no_title no_text\"><a class=\"w-iconbox-link\" href=\"#intro\"><div class=\"w-iconbox-icon\" style=\"color:#ffffff;\"><i class=\"fa fa-chevron-down\"><\/i><\/div><\/a><\/div><\/div><\/div><\/div><\/div><\/div><\/section><section class=\"l-section wpb_row height_large\" id=\"intro\"><div class=\"l-section-h i-cf\"><div class=\"g-cols type_default valign_top\"><div class=\"vc_col-sm-12 wpb_column vc_column_container\"><div class=\"vc_column-inner\"><div class=\"wpb_wrapper\">\n\t<div class=\"wpb_text_column \">\n\t\t<div class=\"wpb_wrapper\">\n\t\t\t<h4 style=\"text-align: left;\"><strong>E-Motorr\u00e4der<\/strong><\/h4>\n<h6>E-Motorr\u00e4der, welche am Tag 200 km (mit Ladeetappen) zur\u00fccklegen k\u00f6nnen, sind herzlich willkommen an der RIVE Maroc teilzunehmen.<\/h6>\n<h4><strong>Leichtelektrofahrzeuge (L)<\/strong><\/h4>\n<h6>Leichtelektrofahrzeuge, eine der effizientesten E-Fahrzeuge, sind besonders gerne gesehen an der RIVE Maroc.<\/h6>\n<h6>RIVE Maroc \u00a0<b>eSAHARA CHALLENGE<\/b>: Die Bedingung ist das Erreichen der Tagesetappe von 200 km mit ausreichenden Ladehalte.<\/h6>\n<h6>RIVE Maroc <b>eATLAS CLIMB<\/b>: Reichweite von 350 km ohne Ladehalte notwendig.<\/h6>\n<h4><strong>Elektroautos (M)<\/strong><\/h4>\n<h6>Alle Elektroautos sind herzlich Willkommen. Das Ziel der RIVE Maroc ist eine gro\u00dfe Diversit\u00e4t an unterschiedlichen Modellen w\u00e4hrend den unterschiedlichen Etappen pr\u00e4sentieren zu k\u00f6nnen.<\/h6>\n<h6>RIVE Maroc <b>eSAHARA CHALLENGE<\/b>: Tagesetappen von bis zu 200 km ohne Ladeinfrastruktur.<\/h6>\n<h6>RIVE Maroc <b>eATLAS CLIMB<\/b>: Reichweite von 350 km erforderlich.<\/h6>\n<h4><strong>Umbauten mit Elektromotor<\/strong><\/h4>\n<h6 style=\"text-align: left;\">Besonders interessant f\u00fcr die RIVE Maroc ist die Klasse der Umbauten. In Marokko gibt es sehr viele Oldtimer und aktuell versuchen wir hierf\u00fcr die gesetzlichen Regelungen zu \u00e4ndern, so dass Umbauten auch in Marokko zul\u00e4ssig sein werden. Es w\u00e4re sch\u00f6n, w\u00e4hrend der RIVE Maroc einige Umbauten aus Europa begr\u00fc\u00dfen zu d\u00fcrfen.<\/h6>\n\n\t\t<\/div>\n\t<\/div>\n<\/div><\/div><\/div><\/div><\/div><\/section>\n","protected":false},"excerpt":{"rendered":"[vc_custom_heading text=\"Kategorien\" font_container=\"tag:h2|font_size:48|text_align:center\" use_theme_fonts=\"yes\"] E-Motorr\u00e4der E-Motorr\u00e4der, welche am Tag 200 km (mit Ladeetappen) zur\u00fccklegen k\u00f6nnen, sind herzlich willkommen an der RIVE Maroc teilzunehmen. Leichtelektrofahrzeuge (L) Leichtelektrofahrzeuge, eine der effizientesten E-Fahrzeuge, sind besonders gerne gesehen an der RIVE Maroc. RIVE Maroc \u00a0eSAHARA CHALLENGE: Die Bedingung ist das Erreichen der Tagesetappe von 200 km mit ausreichenden Ladehalte....","protected":false},"author":1,"featured_media":0,"parent":0,"menu_order":0,"comment_status":"closed","ping_status":"closed","template":"","meta":{"om_disable_all_campaigns":false,"_monsterinsights_skip_tracking":false,"_monsterinsights_sitenote_active":false,"_monsterinsights_sitenote_note":"","_monsterinsights_sitenote_category":0,"footnotes":""},"class_list":["post-6639","page","type-page","status-publish","hentry"],"aioseo_notices":[],"_links":{"self":[{"href":"https:\/\/rivemaroc.com\/de\/wp-json\/wp\/v2\/pages\/6639","targetHints":{"allow":["GET"]}}],"collection":[{"href":"https:\/\/rivemaroc.com\/de\/wp-json\/wp\/v2\/pages"}],"about":[{"href":"https:\/\/rivemaroc.com\/de\/wp-json\/wp\/v2\/types\/page"}],"author":[{"embeddable":true,"href":"https:\/\/rivemaroc.com\/de\/wp-json\/wp\/v2\/users\/1"}],"replies":[{"embeddable":true,"href":"https:\/\/rivemaroc.com\/de\/wp-json\/wp\/v2\/comments?post=6639"}],"version-history":[{"count":9,"href":"https:\/\/rivemaroc.com\/de\/wp-json\/wp\/v2\/pages\/6639\/revisions"}],"predecessor-version":[{"id":8727,"href":"https:\/\/rivemaroc.com\/de\/wp-json\/wp\/v2\/pages\/6639\/revisions\/8727"}],"wp:attachment":[{"href":"https:\/\/rivemaroc.com\/de\/wp-json\/wp\/v2\/media?parent=6639"}],"curies":[{"name":"wp","href":"https:\/\/api.w.org\/{rel}","templated":true}]}}