{"id":6641,"date":"2017-07-15T08:25:49","date_gmt":"2017-07-15T06:25:49","guid":{"rendered":"http:\/\/rivemaroc.com\/?page_id=6641\/"},"modified":"2025-12-24T21:19:55","modified_gmt":"2025-12-24T20:19:55","slug":"ziele-und-grundsaetze","status":"publish","type":"page","link":"https:\/\/rivemaroc.com\/de\/ziele-und-grundsaetze\/","title":{"rendered":"Ziele und Grunds\u00e4tze"},"content":{"rendered":"<section class=\"l-section wpb_row height_huge color_primary with_img parallax_hor bgwidth_130\"><div class=\"l-section-img\" style=\"background-image: url(https:\/\/rivemaroc.com\/wp-content\/uploads\/2017\/07\/bg-text15.jpg);\" data-img-width=\"1900\" data-img-height=\"600\"><\/div><div class=\"l-section-h i-cf\"><div class=\"g-cols type_default valign_top\"><div class=\"vc_col-sm-12 wpb_column vc_column_container\"><div class=\"vc_column-inner\"><div class=\"wpb_wrapper\">[vc_custom_heading text=&#8220;Ziele und Grunds\u00e4tze&#8220; font_container=&#8220;tag:h2|font_size:48|text_align:center&#8220; use_theme_fonts=&#8220;yes&#8220;]<div class=\"w-iconbox iconpos_top style_default color_custom no_title no_text\"><a class=\"w-iconbox-link\" href=\"#intro\"><div class=\"w-iconbox-icon\" style=\"color:#ffffff;\"><i class=\"fa fa-chevron-down\"><\/i><\/div><\/a><\/div><\/div><\/div><\/div><\/div><\/div><\/section><section class=\"l-section wpb_row height_large\" id=\"intro\"><div class=\"l-section-h i-cf\"><div class=\"g-cols type_default valign_top\"><div class=\"vc_col-sm-12 wpb_column vc_column_container\"><div class=\"vc_column-inner\"><div class=\"wpb_wrapper\">\n\t<div class=\"wpb_text_column \">\n\t\t<div class=\"wpb_wrapper\">\n\t\t\t<ol>\n<li>\n<h6><strong>Sensiblisierung<\/strong><\/h6>\n<\/li>\n<li>\n<h6><strong>Schaffung einer Ladeinfrastruktur<\/strong><\/h6>\n<\/li>\n<li>\n<h6><strong>Schaffung von Kontakten zwischen Anbieter und Nachfrager<\/strong><\/h6>\n<\/li>\n<li>\n<h6><strong>F\u00f6rderung des nachhaltigen Tourismus<\/strong><\/h6>\n<\/li>\n<li>\n<h6><strong>Unterst\u00fctzung eines sozialen Projektes<\/strong><\/h6>\n<\/li>\n<\/ol>\n<h6>In Marokko gibt es <strong><a href=\"http:\/\/www.ecoecoles.ma\/fr\/espace-curieux.html\" target=\"_blank\" rel=\"noopener\">9 Ecoschulen<\/a><\/strong>. Eine von Ihnen, mitten im Hohen Atlas gelegen, werden wir mit Medikamenten, Winterkleidung, Schulmaterialen, etc. unterst\u00fctzen.<\/h6>\n<h6>Jeder Teilnehmer wird aufgerufen eine kleine &#8222;Sammlung&#8220; an Materialien mitzubringen. Diese Geste wird in die Gesamtbewertung eingehen.<\/h6>\n<ol start=\"6\">\n<li>\n<h6><strong>Unterst\u00fctzung eines Tierprojektes<\/strong><\/h6>\n<\/li>\n<\/ol>\n<h6>Eines von vielen Problemen ist die \u00dcberpopulation der Strassenhunde. Seit Jahrzehnten werden diese regelm\u00e4\u00dfig von den Kommunen qualvoll vergiftet. Tanger und Agadir sind die ersten marokkanischen St\u00e4dte, welche die Sterilisation von Strassenhunde unterst\u00fctzen.<\/h6>\n<h6><span lang=\"DE\">Bei dieser Rallye werden wir der Tierorganisation \u00a0SFT \u2013 \u00a0<\/span><a href=\"http:\/\/www.sftmorocco.org\" target=\"_blank\" rel=\"noopener\"><b><span lang=\"ES\"><span lang=\"DE\">Le Sanctuaire de la Faune de Tanger<\/span><\/span><\/b><\/a><span lang=\"DE\">\u00a0unsere Unterst\u00fctzung geben.<\/span><\/h6>\n\n\t\t<\/div>\n\t<\/div>\n<\/div><\/div><\/div><\/div><\/div><\/section>\n","protected":false},"excerpt":{"rendered":"[vc_custom_heading text=\"Ziele und Grunds\u00e4tze\" font_container=\"tag:h2|font_size:48|text_align:center\" use_theme_fonts=\"yes\"] Sensiblisierung Schaffung einer Ladeinfrastruktur Schaffung von Kontakten zwischen Anbieter und Nachfrager F\u00f6rderung des nachhaltigen Tourismus Unterst\u00fctzung eines sozialen Projektes In Marokko gibt es 9 Ecoschulen. Eine von Ihnen, mitten im Hohen Atlas gelegen, werden wir mit Medikamenten, Winterkleidung, Schulmaterialen, etc. unterst\u00fctzen. Jeder Teilnehmer wird aufgerufen eine kleine \"Sammlung\" an...","protected":false},"author":1,"featured_media":0,"parent":0,"menu_order":0,"comment_status":"closed","ping_status":"closed","template":"","meta":{"om_disable_all_campaigns":false,"_monsterinsights_skip_tracking":false,"_monsterinsights_sitenote_active":false,"_monsterinsights_sitenote_note":"","_monsterinsights_sitenote_category":0,"footnotes":""},"class_list":["post-6641","page","type-page","status-publish","hentry"],"aioseo_notices":[],"_links":{"self":[{"href":"https:\/\/rivemaroc.com\/de\/wp-json\/wp\/v2\/pages\/6641","targetHints":{"allow":["GET"]}}],"collection":[{"href":"https:\/\/rivemaroc.com\/de\/wp-json\/wp\/v2\/pages"}],"about":[{"href":"https:\/\/rivemaroc.com\/de\/wp-json\/wp\/v2\/types\/page"}],"author":[{"embeddable":true,"href":"https:\/\/rivemaroc.com\/de\/wp-json\/wp\/v2\/users\/1"}],"replies":[{"embeddable":true,"href":"https:\/\/rivemaroc.com\/de\/wp-json\/wp\/v2\/comments?post=6641"}],"version-history":[{"count":5,"href":"https:\/\/rivemaroc.com\/de\/wp-json\/wp\/v2\/pages\/6641\/revisions"}],"predecessor-version":[{"id":8733,"href":"https:\/\/rivemaroc.com\/de\/wp-json\/wp\/v2\/pages\/6641\/revisions\/8733"}],"wp:attachment":[{"href":"https:\/\/rivemaroc.com\/de\/wp-json\/wp\/v2\/media?parent=6641"}],"curies":[{"name":"wp","href":"https:\/\/api.w.org\/{rel}","templated":true}]}}