{"id":6643,"date":"2017-07-15T08:33:15","date_gmt":"2017-07-15T06:33:15","guid":{"rendered":"http:\/\/rivemaroc.com\/?page_id=6643\/"},"modified":"2025-12-24T14:06:42","modified_gmt":"2025-12-24T13:06:42","slug":"wertung","status":"publish","type":"page","link":"https:\/\/rivemaroc.com\/de\/wertung\/","title":{"rendered":"Wertung"},"content":{"rendered":"<section class=\"l-section wpb_row height_huge color_primary with_img parallax_hor bgwidth_130\"><div class=\"l-section-img\" style=\"background-image: url(https:\/\/rivemaroc.com\/wp-content\/uploads\/2017\/07\/bg-texte-21.jpg);\" data-img-width=\"1900\" data-img-height=\"600\"><\/div><div class=\"l-section-h i-cf\"><div class=\"g-cols type_default valign_top\"><div class=\"vc_col-sm-12 wpb_column vc_column_container\"><div class=\"vc_column-inner\"><div class=\"wpb_wrapper\">[vc_custom_heading text=&#8220;Wertung&#8220; font_container=&#8220;tag:h2|font_size:48|text_align:center&#8220; use_theme_fonts=&#8220;yes&#8220;]<div class=\"w-iconbox iconpos_top style_default color_custom no_title no_text\"><a class=\"w-iconbox-link\" href=\"#intro\"><div class=\"w-iconbox-icon\" style=\"color:#ffffff;\"><i class=\"fa fa-chevron-down\"><\/i><\/div><\/a><\/div><\/div><\/div><\/div><\/div><\/div><\/section><section class=\"l-section wpb_row height_large\" id=\"intro\"><div class=\"l-section-h i-cf\"><div class=\"g-cols type_default valign_top\"><div class=\"vc_col-sm-12 wpb_column vc_column_container\"><div class=\"vc_column-inner\"><div class=\"wpb_wrapper\">\n\t<div class=\"wpb_text_column \">\n\t\t<div class=\"wpb_wrapper\">\n\t\t\t<h6>Das Wichtigste zuerst. Die <strong>RIVE MAROC <\/strong>hat keinen Rallyecharakter! Hauptziel ist die Sensibilisierung f\u00fcr E-Mobilit\u00e4t in Europa als auch in Marokko. Des Weiteren soll die RIVE MAROC zur Schaffung einer Infrastruktur an Ladem\u00f6glichkeiten beitragen und sich als j\u00e4hrliches Event innerhalb des nachhaltigen Tourismus in Marokko etablieren.<\/h6>\n<h6>Der Klimagipfel COP 22 (2016) in Marrakesch war der Startschuss f\u00fcr die E-Mobilit\u00e4t in Marokko\u00a0 und war mitunter ein Grund der Motivation der Planung dieser ersten 1. E-Rallye Marokkos.<\/h6>\n<h6>Folgende <strong>Wertungskategorien<\/strong>\u00a0werden aufaddiert, um am Ende die <strong>RIVE MAROC TROPHAE<\/strong> an eines der teilnehmenden Teams zu \u00fcbergeben.<\/h6>\n<h6><strong>1. eSAHARA CHALLENGES<\/strong><\/h6>\n<p>Wir bieten 5 verschiedene eSAHARA CHALLENGES mit unterschiedlichem Schwierigkeitsgrad in der Sahara an. Bei Teilnahme gibt es die M\u00f6glichkeit Punkte zu gewinnen aber auch zu verlieren.<\/p>\n<h6><strong>2. FAHRZEUG<\/strong><\/h6>\n<pre><strong>1.1 Effizienz<\/strong><\/pre>\n<pre>Unterschiedliche Strecken w\u00e4hrend der eRallye\nMessung der kWh (Ah) am Anfang und Ende der Strecke<\/pre>\n<h6><strong>3. SOZIAL &#8211; \u00d6KO &#8211; TIERHILFE<\/strong><\/h6>\n<pre><strong>Sozial\n<\/strong><strong>2.1 # Laptops\/Tablets<\/strong>\n<strong>2.2 # Sachspenden \n<\/strong>Es werden folgende Bewertungskriterien angewendet:\nMenge, Qualit\u00e4t\u00a0 &amp; Ideen der Unterst\u00fctzung f\u00fcr unsere\nEcoschule im Hohen Atlas. Dringend gebraucht werden Winterkleider,\nMedikamente und Schulutensilien.\n<\/pre>\n<pre><strong>\u00d6ko<\/strong>\n\n<strong>2.3 Plastikfreie Sachgegenst\u00e4nde \/finanz. Unterst\u00fctzung \n(Projekt 2019: Solare Aussenbeleuchtung)<\/strong><strong>\n\nTierhilfe<\/strong>\n\n<strong>2.4 Hundeutensilien\/finanz. Unterst\u00fctzung)<\/strong>\n\nEs werden folgende Bewertungskriterien angewendet:\nMenge, Qualit\u00e4t &amp; Ideen der Unterst\u00fctzung f\u00fcr\u00a0 die <a href=\"http:\/\/www.sftmorocco.org\/\" target=\"_blank\" rel=\"noopener\"><strong>SFT Tanger<\/strong><\/a>, welche\nverantwortlich ist f\u00fcr die Hundesterilisation in Tanger. Dar\u00fcberhinaus\nwird aber auch Eseln, Affen und vielen anderen Tieren in Not geholfen.\nDringend gebraucht werden:\nSpenden finanzieller Art; Tierfutter;Leinen und Halsb\u00e4nder;\nMedikamente (Entwurmung, Zecken, \u2026)\n\nDie mitgebrachten Sachspenden werden beim Briefing in Marrakech \u00fcbergeben.\n\nKopien der Spendenquittungen von SFT \u2013 Animal Sanctuary Tanger bei finanzieller Unterst\u00fctzung (\u00dcberweisung SFT - Animal Sanctuary m\u00f6glich, Stichwort RIVE MAROC 2019) \u00a0bitte beim Briefing in Tanger \u00fcbergeben.<\/pre>\n<h6><strong>4. BILDER<\/strong><\/h6>\n<pre><strong>3.1 # Jokerphotos\n<\/strong>Im Roadbook ver\u00f6ffentlicht und auf der Wegstrecke \u00a0zu finden. \nWenn eines dieser Bilder real gesichtet wir, bitte ein Foto mit eigenem Fahrzeug an gleicher Stelle zu \u00a0machen.<\/pre>\n<pre><strong style=\"font-size: 18px; font-family: -apple-system, BlinkMacSystemFont, 'Segoe UI', Roboto, Oxygen-Sans, Ubuntu, Cantarell, 'Helvetica Neue', sans-serif;\">5. \u00d6FFENTLICHKEITSARBEIT<\/strong>\n<\/pre>\n<pre>Instagram mit Account Namen @rivemaroc_202x_team_name\n\n<\/pre>\n<pre><strong style=\"font-size: 18px; font-family: -apple-system, BlinkMacSystemFont, 'Segoe UI', Roboto, Oxygen-Sans, Ubuntu, Cantarell, 'Helvetica Neue', sans-serif;\">6. STRAFPUNKTE<\/strong><\/pre>\n<pre>Achtung, gilt bei fest angegebenen Zeiten im Roadbook (inklusive Start-&amp; Abfahrtszeit). Hier muss p\u00fcnktlich eingetroffen\/abgefahren werden. Wer zu fr\u00fch oder zu sp\u00e4t ankommt, erh\u00e4lt 1 Negativpunkt\/Min.\n\n<strong>\u00a0<\/strong><strong>\u00a0<\/strong><strong>\u00a0<\/strong><\/pre>\n<h6><\/h6>\n\n\t\t<\/div>\n\t<\/div>\n<\/div><\/div><\/div><\/div><\/div><\/section>\n","protected":false},"excerpt":{"rendered":"[vc_custom_heading text=\"Wertung\" font_container=\"tag:h2|font_size:48|text_align:center\" use_theme_fonts=\"yes\"] Das Wichtigste zuerst. Die RIVE MAROC hat keinen Rallyecharakter! Hauptziel ist die Sensibilisierung f\u00fcr E-Mobilit\u00e4t in Europa als auch in Marokko. Des Weiteren soll die RIVE MAROC zur Schaffung einer Infrastruktur an Ladem\u00f6glichkeiten beitragen und sich als j\u00e4hrliches Event innerhalb des nachhaltigen Tourismus in Marokko etablieren. Der Klimagipfel COP 22 (2016)...","protected":false},"author":1,"featured_media":0,"parent":0,"menu_order":0,"comment_status":"closed","ping_status":"closed","template":"","meta":{"om_disable_all_campaigns":false,"_monsterinsights_skip_tracking":false,"_monsterinsights_sitenote_active":false,"_monsterinsights_sitenote_note":"","_monsterinsights_sitenote_category":0,"footnotes":""},"class_list":["post-6643","page","type-page","status-publish","hentry"],"aioseo_notices":[],"_links":{"self":[{"href":"https:\/\/rivemaroc.com\/de\/wp-json\/wp\/v2\/pages\/6643","targetHints":{"allow":["GET"]}}],"collection":[{"href":"https:\/\/rivemaroc.com\/de\/wp-json\/wp\/v2\/pages"}],"about":[{"href":"https:\/\/rivemaroc.com\/de\/wp-json\/wp\/v2\/types\/page"}],"author":[{"embeddable":true,"href":"https:\/\/rivemaroc.com\/de\/wp-json\/wp\/v2\/users\/1"}],"replies":[{"embeddable":true,"href":"https:\/\/rivemaroc.com\/de\/wp-json\/wp\/v2\/comments?post=6643"}],"version-history":[{"count":21,"href":"https:\/\/rivemaroc.com\/de\/wp-json\/wp\/v2\/pages\/6643\/revisions"}],"predecessor-version":[{"id":8729,"href":"https:\/\/rivemaroc.com\/de\/wp-json\/wp\/v2\/pages\/6643\/revisions\/8729"}],"wp:attachment":[{"href":"https:\/\/rivemaroc.com\/de\/wp-json\/wp\/v2\/media?parent=6643"}],"curies":[{"name":"wp","href":"https:\/\/api.w.org\/{rel}","templated":true}]}}