{"id":6658,"date":"2017-07-15T09:42:41","date_gmt":"2017-07-15T07:42:41","guid":{"rendered":"http:\/\/rivemaroc.com\/?page_id=6658\/"},"modified":"2025-12-30T23:54:24","modified_gmt":"2025-12-30T22:54:24","slug":"organisation","status":"publish","type":"page","link":"https:\/\/rivemaroc.com\/de\/organisation\/","title":{"rendered":"Organisation"},"content":{"rendered":"<section class=\"l-section wpb_row height_huge color_primary with_img parallax_hor bgwidth_130\"><div class=\"l-section-img\" style=\"background-image: url(https:\/\/rivemaroc.com\/wp-content\/uploads\/2017\/07\/bg-text11.jpg);\" data-img-width=\"1900\" data-img-height=\"600\"><\/div><div class=\"l-section-h i-cf\"><div class=\"g-cols type_default valign_top\"><div class=\"vc_col-sm-12 wpb_column vc_column_container\"><div class=\"vc_column-inner\"><div class=\"wpb_wrapper\">[vc_custom_heading text=&#8220;Organisation&#8220; font_container=&#8220;tag:h2|font_size:48|text_align:center&#8220; use_theme_fonts=&#8220;yes&#8220;]<div class=\"w-iconbox iconpos_top style_default color_custom no_title no_text\"><a class=\"w-iconbox-link\" href=\"#intro\"><div class=\"w-iconbox-icon\" style=\"color:#ffffff;\"><i class=\"fa fa-chevron-down\"><\/i><\/div><\/a><\/div><div class=\"w-separator type_invisible size_medium thick_1 style_solid color_border cont_none\"><span class=\"w-separator-h\"><\/span><\/div><\/div><\/div><\/div><\/div><\/div><\/section><section class=\"l-section wpb_row height_large\" id=\"intro\"><div class=\"l-section-h i-cf\"><div class=\"g-cols type_default valign_top\"><div class=\"vc_col-sm-12 wpb_column vc_column_container\"><div class=\"vc_column-inner\"><div class=\"wpb_wrapper\"><div class=\"w-separator type_invisible size_medium thick_1 style_solid color_border cont_none\"><span class=\"w-separator-h\"><\/span><\/div><div class=\"g-cols wpb_row type_default valign_top vc_inner \"><div class=\"vc_col-sm-3 wpb_column vc_column_container\"><div class=\"vc_column-inner\"><div class=\"wpb_wrapper\"><div class=\"w-person layout_circle with_socials with_desc\" itemscope=\"itemscope\" itemtype=\"https:\/\/schema.org\/Person\"><div class=\"w-person-image\"><img loading=\"lazy\" decoding=\"async\" src=\"https:\/\/rivemaroc.com\/wp-content\/uploads\/2017\/07\/silvia-pic-350x350.jpg\" width=\"350\" height=\"350\" alt=\"Silvia Brutschin\" itemprop=\"image\"><div class=\"w-person-links\"><div class=\"w-person-links-list\"><a class=\"w-person-links-item\" href=\"mailto:info@epamaroc.de\"><i class=\"fa fa-envelope\"><\/i><\/a><a class=\"w-person-links-item\" href=\"#\" target=\"_blank\"><i class=\"fa fa-facebook\"><\/i><\/a><a class=\"w-person-links-item\" href=\"#\" target=\"_blank\"><i class=\"fa fa-twitter\"><\/i><\/a><\/div><\/div><\/div><div class=\"w-person-content\"><h4 class=\"w-person-name\" itemprop=\"name\"><span>Silvia Brutschin<\/span><\/h4><div class=\"w-person-role\" itemprop=\"jobTitle\">Gr\u00fcnderin & Organisatorin<\/div><div class=\"w-person-description\" itemprop=\"description\">E-Pionnier Au Maroc.<\/p>\n<p>Seit 2011 elektrisch in Marokko unterwegs.<\/div><\/div><\/div><div class=\"w-person layout_circle with_socials\" itemscope=\"itemscope\" itemtype=\"https:\/\/schema.org\/Person\"><div class=\"w-person-image\"><a class=\"w-person-link\" href=\"https:\/\/didiontour.com\/\" target=\"_blank\"><img loading=\"lazy\" decoding=\"async\" src=\"https:\/\/rivemaroc.com\/wp-content\/uploads\/2025\/12\/IMG_0821-350x350.jpeg\" width=\"350\" height=\"350\" alt=\"Dietmar K\u00f6ller\" itemprop=\"image\"><\/a><div class=\"w-person-links\"><div class=\"w-person-links-list\"><a class=\"w-person-links-item\" href=\"mailto:info@epamaroc.de\"><i class=\"fa fa-envelope\"><\/i><\/a><a class=\"w-person-links-item\" href=\"#\" target=\"_blank\"><i class=\"fa fa-facebook\"><\/i><\/a><a class=\"w-person-links-item\" href=\"#\" target=\"_blank\"><i class=\"fa fa-twitter\"><\/i><\/a><\/div><\/div><\/div><div class=\"w-person-content\"><a class=\"w-person-link\" href=\"https:\/\/didiontour.com\/\" target=\"_blank\"><h4 class=\"w-person-name\" itemprop=\"name\"><span>Dietmar K\u00f6ller<\/span><\/h4><\/a><div class=\"w-person-role\" itemprop=\"jobTitle\">Fotograf und Fotocoach bei didiontour.com<\/div><\/div><\/div><\/div><\/div><\/div><div class=\"vc_col-sm-3 wpb_column vc_column_container\"><div class=\"vc_column-inner\"><div class=\"wpb_wrapper\"><div class=\"w-person layout_circle with_socials with_desc\" itemscope=\"itemscope\" itemtype=\"https:\/\/schema.org\/Person\"><div class=\"w-person-image\"><a class=\"w-person-link\" href=\"http:\/\/www.kilowatt.ma\" target=\"_blank\"><img loading=\"lazy\" decoding=\"async\" src=\"https:\/\/rivemaroc.com\/wp-content\/uploads\/2023\/04\/AE78C0BA-970C-445E-B044-3E52950188C4-350x350.jpeg\" width=\"350\" height=\"350\" alt=\"Ali Lakrabi\" itemprop=\"image\"><\/a><div class=\"w-person-links\"><div class=\"w-person-links-list\"><a class=\"w-person-links-item\" href=\"mailto:#\"><i class=\"fa fa-envelope\"><\/i><\/a><a class=\"w-person-links-item\" href=\"https:\/\/www.facebook.com\/samira.arjdal\" target=\"_blank\"><i class=\"fa fa-facebook\"><\/i><\/a><a class=\"w-person-links-item\" href=\"#\" target=\"_blank\"><i class=\"fa fa-twitter\"><\/i><\/a><a class=\"w-person-links-item\" href=\"#\" target=\"_blank\"><i class=\"fa fa-linkedin\"><\/i><\/a><\/div><\/div><\/div><div class=\"w-person-content\"><a class=\"w-person-link\" href=\"http:\/\/www.kilowatt.ma\" target=\"_blank\"><h4 class=\"w-person-name\" itemprop=\"name\"><span>Ali Lakrabi<\/span><\/h4><\/a><div class=\"w-person-role\" itemprop=\"jobTitle\">Ladeinfrastruktur & Management<\/div><div class=\"w-person-description\" itemprop=\"description\">E-Pionier in Marokko. Gr\u00fcnder von Kilowatt.ma<br \/>\nErster Verantwortlicher f\u00fcr nationale Ladeinfrastruktur<\/div><\/div><\/div><\/div><\/div><\/div><div class=\"vc_col-sm-3 wpb_column vc_column_container\"><div class=\"vc_column-inner\"><div class=\"wpb_wrapper\"><div class=\"w-person layout_circle with_socials with_desc\" itemscope=\"itemscope\" itemtype=\"https:\/\/schema.org\/Person\"><div class=\"w-person-image\"><a class=\"w-person-link\" href=\"http:\/\/www.kilowatt.ma\" target=\"_blank\"><img loading=\"lazy\" decoding=\"async\" src=\"https:\/\/rivemaroc.com\/wp-content\/uploads\/2023\/04\/23271DFB-94FF-4CFA-B077-2DD58F8AC3CD-350x350.jpeg\" width=\"350\" height=\"350\" alt=\"Ayoub Mrassli\" itemprop=\"image\"><\/a><div class=\"w-person-links\"><div class=\"w-person-links-list\"><a class=\"w-person-links-item\" href=\"mailto:#\"><i class=\"fa fa-envelope\"><\/i><\/a><a class=\"w-person-links-item\" href=\"https:\/\/www.facebook.com\/samira.arjdal\" target=\"_blank\"><i class=\"fa fa-facebook\"><\/i><\/a><a class=\"w-person-links-item\" href=\"#\" target=\"_blank\"><i class=\"fa fa-twitter\"><\/i><\/a><a class=\"w-person-links-item\" href=\"#\" target=\"_blank\"><i class=\"fa fa-linkedin\"><\/i><\/a><\/div><\/div><\/div><div class=\"w-person-content\"><a class=\"w-person-link\" href=\"http:\/\/www.kilowatt.ma\" target=\"_blank\"><h4 class=\"w-person-name\" itemprop=\"name\"><span>Ayoub Mrassli<\/span><\/h4><\/a><div class=\"w-person-role\" itemprop=\"jobTitle\">Lademanagrment RIVE Maroc<\/div><div class=\"w-person-description\" itemprop=\"description\">Elektroingenieur bei kilowatt.ma<\/div><\/div><\/div><\/div><\/div><\/div><div class=\"vc_col-sm-3 wpb_column vc_column_container\"><div class=\"vc_column-inner\"><div class=\"wpb_wrapper\"><div class=\"w-person layout_circle with_socials with_desc\" itemscope=\"itemscope\" itemtype=\"https:\/\/schema.org\/Person\"><div class=\"w-person-image\"><img loading=\"lazy\" decoding=\"async\" src=\"https:\/\/rivemaroc.com\/wp-content\/uploads\/2025\/12\/IMG_0805-1-350x349.jpeg\" width=\"350\" height=\"349\" alt=\"Hamza Lahssini\" itemprop=\"image\"><div class=\"w-person-links\"><div class=\"w-person-links-list\"><a class=\"w-person-links-item\" href=\"mailto:webartcs@gmail.com\"><i class=\"fa fa-envelope\"><\/i><\/a><a class=\"w-person-links-item\" href=\"https:\/\/www.facebook.com\/profile.php?id=100008487962520\" target=\"_blank\"><i class=\"fa fa-facebook\"><\/i><\/a><a class=\"w-person-links-item\" href=\"https:\/\/twitter.com\/cswebart\" target=\"_blank\"><i class=\"fa fa-twitter\"><\/i><\/a><\/div><\/div><\/div><div class=\"w-person-content\"><h4 class=\"w-person-name\" itemprop=\"name\"><span>Hamza Lahssini<\/span><\/h4><div class=\"w-person-role\" itemprop=\"jobTitle\">Technischer Verantwortlicher der Team Fahrzeuge<\/div><div class=\"w-person-description\" itemprop=\"description\">Leitender Angestellter bei<br \/>\nBOSCH Car Service Casablanca<\/div><\/div><\/div><div class=\"w-person layout_circle with_socials with_desc\" itemscope=\"itemscope\" itemtype=\"https:\/\/schema.org\/Person\"><div class=\"w-person-image\"><a class=\"w-person-link\" href=\"http:\/\/www.cswebart.com\" target=\"_blank\"><img loading=\"lazy\" decoding=\"async\" src=\"https:\/\/rivemaroc.com\/wp-content\/uploads\/2018\/04\/CSLOGOblanc-1-350x350.png\" width=\"350\" height=\"350\" alt=\"S. Chakib\" itemprop=\"image\"><\/a><div class=\"w-person-links\"><div class=\"w-person-links-list\"><a class=\"w-person-links-item\" href=\"mailto:webartcs@gmail.com\"><i class=\"fa fa-envelope\"><\/i><\/a><a class=\"w-person-links-item\" href=\"https:\/\/www.facebook.com\/profile.php?id=100008487962520\" target=\"_blank\"><i class=\"fa fa-facebook\"><\/i><\/a><a class=\"w-person-links-item\" href=\"https:\/\/twitter.com\/cswebart\" target=\"_blank\"><i class=\"fa fa-twitter\"><\/i><\/a><\/div><\/div><\/div><div class=\"w-person-content\"><a class=\"w-person-link\" href=\"http:\/\/www.cswebart.com\" target=\"_blank\"><h4 class=\"w-person-name\" itemprop=\"name\"><span>S. Chakib<\/span><\/h4><\/a><div class=\"w-person-role\" itemprop=\"jobTitle\">Webseite<\/div><div class=\"w-person-description\" itemprop=\"description\">Design und Realisierung<\/div><\/div><\/div><\/div><\/div><\/div><\/div><div class=\"w-separator type_invisible size_medium thick_1 style_solid color_border cont_none\"><span class=\"w-separator-h\"><\/span><\/div><\/div><\/div><\/div><\/div><\/div><\/section>\n","protected":false},"excerpt":{"rendered":"[vc_custom_heading text=\"Organisation\" font_container=\"tag:h2|font_size:48|text_align:center\" use_theme_fonts=\"yes\"]Silvia BrutschinGr\u00fcnderin & OrganisatorinE-Pionnier Au Maroc. Seit 2011 elektrisch in Marokko unterwegs.Dietmar K\u00f6llerFotograf und Fotocoach bei didiontour.comAli LakrabiLadeinfrastruktur & ManagementE-Pionier in Marokko. Gr\u00fcnder von Kilowatt.ma Erster Verantwortlicher f\u00fcr nationale LadeinfrastrukturAyoub MrassliLademanagrment RIVE MarocElektroingenieur bei kilowatt.maHamza LahssiniTechnischer Verantwortlicher der Team FahrzeugeLeitender Angestellter bei BOSCH Car Service CasablancaS. ChakibWebseiteDesign und Realisierung","protected":false},"author":1,"featured_media":0,"parent":0,"menu_order":0,"comment_status":"closed","ping_status":"closed","template":"","meta":{"om_disable_all_campaigns":false,"_monsterinsights_skip_tracking":false,"_monsterinsights_sitenote_active":false,"_monsterinsights_sitenote_note":"","_monsterinsights_sitenote_category":0,"footnotes":""},"class_list":["post-6658","page","type-page","status-publish","hentry"],"aioseo_notices":[],"_links":{"self":[{"href":"https:\/\/rivemaroc.com\/de\/wp-json\/wp\/v2\/pages\/6658","targetHints":{"allow":["GET"]}}],"collection":[{"href":"https:\/\/rivemaroc.com\/de\/wp-json\/wp\/v2\/pages"}],"about":[{"href":"https:\/\/rivemaroc.com\/de\/wp-json\/wp\/v2\/types\/page"}],"author":[{"embeddable":true,"href":"https:\/\/rivemaroc.com\/de\/wp-json\/wp\/v2\/users\/1"}],"replies":[{"embeddable":true,"href":"https:\/\/rivemaroc.com\/de\/wp-json\/wp\/v2\/comments?post=6658"}],"version-history":[{"count":27,"href":"https:\/\/rivemaroc.com\/de\/wp-json\/wp\/v2\/pages\/6658\/revisions"}],"predecessor-version":[{"id":8760,"href":"https:\/\/rivemaroc.com\/de\/wp-json\/wp\/v2\/pages\/6658\/revisions\/8760"}],"wp:attachment":[{"href":"https:\/\/rivemaroc.com\/de\/wp-json\/wp\/v2\/media?parent=6658"}],"curies":[{"name":"wp","href":"https:\/\/api.w.org\/{rel}","templated":true}]}}