{"id":6758,"date":"2017-07-29T15:06:09","date_gmt":"2017-07-29T13:06:09","guid":{"rendered":"http:\/\/rivemaroc.com\/?page_id=6758\/"},"modified":"2026-04-03T16:02:42","modified_gmt":"2026-04-03T14:02:42","slug":"presse","status":"publish","type":"page","link":"https:\/\/rivemaroc.com\/de\/presse\/","title":{"rendered":"Presse"},"content":{"rendered":"<section class=\"l-section wpb_row height_huge color_primary with_img parallax_hor bgwidth_130\"><div class=\"l-section-img\" style=\"background-image: url(https:\/\/rivemaroc.com\/wp-content\/uploads\/2017\/07\/bg-text-26.jpg);\" data-img-width=\"1900\" data-img-height=\"600\"><\/div><div class=\"l-section-h i-cf\"><div class=\"g-cols type_default valign_top\"><div class=\"vc_col-sm-12 wpb_column vc_column_container\"><div class=\"vc_column-inner\"><div class=\"wpb_wrapper\">[vc_custom_heading text=&#8220;Presse&#8220; font_container=&#8220;tag:h2|font_size:48|text_align:center&#8220; use_theme_fonts=&#8220;yes&#8220;]<div class=\"w-iconbox iconpos_top style_default color_custom no_title no_text\"><a class=\"w-iconbox-link\" href=\"#intro\"><div class=\"w-iconbox-icon\" style=\"color:#ffffff;\"><i class=\"fa fa-chevron-down\"><\/i><\/div><\/a><\/div><\/div><\/div><\/div><\/div><\/div><\/section><section class=\"l-section wpb_row height_large\" id=\"intro\"><div class=\"l-section-h i-cf\"><div class=\"g-cols type_default valign_top\"><div class=\"vc_col-sm-12 wpb_column vc_column_container\"><div class=\"vc_column-inner\"><div class=\"wpb_wrapper\">\n\t<div class=\"wpb_text_column \">\n\t\t<div class=\"wpb_wrapper\">\n\t\t\t<ul>\n<li><strong>DerMobilist Podcast: <a href=\"https:\/\/diemobilisten.buzzsprout.com\/2349704\/episodes\/18909078-klebeband-karton-und-kamera-e-auto-survival-in-marokko-008\">E-Auto Survival in Marokko<\/a> (02.04.2026)<\/strong><\/li>\n<li><strong>Autorevue.at: <a href=\"https:\/\/www.autorevue.at\/autowelt\/elektrisch-durch-die-wueste\" target=\"_blank\" rel=\"noopener\">Elektrisch durch die W\u00fcste<\/a> (18.03.2026)<\/strong><\/li>\n<li><strong>E-Movotian Podcast: <a href=\"https:\/\/podcasts.apple.com\/de\/podcast\/e-movotion\/id1713298325?\">RIVE2Dakar<\/a> (03.03.2026)<\/strong><\/li>\n<li><strong>E-Movotian Podcast: <a href=\"https:\/\/open.spotify.com\/episode\/1v4Z1VgFohurS9A4eAnUeb?\">RIVE Maroc<\/a> (18.11.2025)<\/strong><\/li>\n<li><strong>E-Movotian \u00a0Podcast: <a href=\"https:\/\/e-movotion.podigee.io\/69-neue-episode\">RIVE Maroc<\/a> (01.07.2025)<\/strong><\/li>\n<li><strong>Arrive Magazin:<\/strong>\u00a0<strong>Elektrisch durch die W\u00fcste:<\/strong> <strong><a href=\"https:\/\/arrive-magazin.com\/blick-ins-heft-arrive-04-2025\/\" target=\"_blank\" rel=\"noopener\">Mit mobilen Solarzellen von Marokko bis nach Senegal<\/a> (04\/2025)<\/strong><\/li>\n<li><strong>SWR Landesschau Rheinland-Pfalz:<\/strong> <a href=\"https:\/\/www.ardmediathek.de\/video\/landesschau-rheinland-pfalz\/frauenteam-bei-e-mobil-rallye-in-marokko\/swr-rp\/Y3JpZDovL3N3ci5kZS9hZXgvbzIxNDE5Mjk\"><strong>Frauenteam bei E-mobil Rallye in Marokko<\/strong><\/a><strong> (07.11.2024)<\/strong><\/li>\n<li><strong><img loading=\"lazy\" decoding=\"async\" class=\"size-medium wp-image-8385 aligncenter\" src=\"https:\/\/rivemaroc.com\/wp-content\/uploads\/2025\/05\/IMG_0742-300x225.jpeg\" alt=\"\" width=\"300\" height=\"225\" srcset=\"https:\/\/rivemaroc.com\/wp-content\/uploads\/2025\/05\/IMG_0742-300x225.jpeg 300w, https:\/\/rivemaroc.com\/wp-content\/uploads\/2025\/05\/IMG_0742-1024x769.jpeg 1024w, https:\/\/rivemaroc.com\/wp-content\/uploads\/2025\/05\/IMG_0742-768x577.jpeg 768w, https:\/\/rivemaroc.com\/wp-content\/uploads\/2025\/05\/IMG_0742.jpeg 1125w\" sizes=\"auto, (max-width: 300px) 100vw, 300px\" \/><\/strong><strong>Bytes \u201aN\u2018 Batteries Podcast:<a href=\"https:\/\/meinpodcast.de\/bytes-n-batteries\/67-im-elektroauto-durch-die-wueste-marokkos-die-rallye-rive-maroc-wartet\"> Im Elektroauto durch die W\u00fcste<\/a>\u00a0(20.03.2023)<\/strong><\/li>\n<\/ul>\n<ul>\n<li style=\"text-align: left;\"><strong>Kreiszeitung B\u00f6blinger Bote:\u00a0<a class=\"\" title=\"Aidlinger ist auch in Afrika elektrisch unterwegs \" href=\"http:\/\/rivemaroc.com\/wp-content\/uploads\/2020\/05\/B\u00f6blinger-Bote.pdf\" target=\"_blank\" rel=\"noopener\">Aidlinger ist auch in Afrika elektrisch unterwegs<\/a>\u00a0(09.05.2020)\u00a0 \u00a0 \u00a0 \u00a0 \u00a0 \u00a0 \u00a0 \u00a0 \u00a0 \u00a0 \u00a0 \u00a0 \u00a0 \u00a0 \u00a0 \u00a0 \u00a0 \u00a0 \u00a0 \u00a0 \u00a0 \u00a0 \u00a0 \u00a0 \u00a0 \u00a0 \u00a0 \u00a0 \u00a0 \u00a0 \u00a0 \u00a0 \u00a0 \u00a0 \u00a0 \u00a0 \u00a0 \u00a0 \u00a0 \u00a0 \u00a0 \u00a0 \u00a0 \u00a0 \u00a0 \u00a0 \u00a0 \u00a0 \u00a0 \u00a0 \u00a0 \u00a0 \u00a0 \u00a0 \u00a0\u00a0<\/strong><strong>&#8222;<\/strong><em style=\"font-family: -apple-system, BlinkMacSystemFont, 'Segoe UI', Roboto, Oxygen-Sans, Ubuntu, Cantarell, 'Helvetica Neue', sans-serif; text-align: center;\">Der Aidlinger Michael B\u00e4r brennt f\u00fcr E-Mobilit\u00e4t und hat bereits zweimal an der Rive Maroc\u00a0 \u00a0teilgenommen &#8211; einer Rallye f\u00fcr Elektoautos f\u00fcr den guten Zweck.&#8220;<\/em><\/li>\n<li style=\"text-align: left;\"><strong>BSM: <a href=\"https:\/\/www.bsm-ev.de\/events\/wettfahrt-rive-maroc-2019\">Wettfahrt RIVE MAROC 2019<\/a><\/strong><\/li>\n<li style=\"text-align: left;\"><strong>Emobilserver.de:<\/strong>\u00a0<strong><a href=\"https:\/\/www.elektroauto-news.net\/podcast\/folge-016-silvia-brutschin-rive-maroc\">Dritt<\/a><a href=\"https:\/\/www.emobilserver.de\/nachrichten\/elektro-fahrzeuge\/elektro-autos\/1873-dritte-e-rallye-rive-maroc-geht-in-marokko-an-den-start.html\">e<\/a><a href=\"https:\/\/www.emobilserver.de\/nachrichten\/elektro-fahrzeuge\/elektro-autos\/1873-dritte-e-rallye-rive-maroc-geht-in-marokko-an-den-start.html\"> E-Rallye RIVE MAROC geht in Marokko an den Start<\/a> (12.08.2019)<\/strong><\/li>\n<li><strong>Elektroauto-news.net: <a href=\"https:\/\/www.elektroauto-news.net\/podcast\/folge-016-silvia-brutschin-rive-maroc\">Im Gespr\u00e4ch mit Silvia Brutschin \u00fcber RIVE Maroc 2019<\/a> (19.03.2019)<\/strong><\/li>\n<li><strong>Elektroauto-news.net: <a href=\"https:\/\/www.elektroauto-news.net\/2019\/e-rallye-rive-maroc-2019-ausblick\/\">Die E-Rallye Rive Maroc 2019 \u2013 das erwartet uns<\/a>\u00a0 (05.03.2019)<\/strong><\/li>\n<li><strong>T-Magazin<\/strong>: <a href=\"https:\/\/t-magazin.de\/t-magazin-online-lesen\/t-magazin-1-ausgabe-2019\/\"><strong>Von Kiel nach Marokko<\/strong><\/a> <strong>(01.2019)<\/strong><\/li>\n<li><strong>Cleanelectric.de Podcast: E-Rallye RIVE Maroc<a href=\"https:\/\/www.cleanelectric.de\/rivemaroc\/\" target=\"_blank\" rel=\"noopener\"> E-Rallye RIVE Maroc<\/a> (22.07.2018)<\/strong><\/li>\n<li><strong>INSTADRIVE: <a href=\"https:\/\/insta-drive.com\/reisen-mit-dem-elektroauto\/\">Reisen mit dem Elektroauto \u2013 so gelang Kurt Krautmacher die Reise mit dem E-Auto von \u00d6sterreich nach Marokko<\/a> (03.2018)<\/strong><\/li>\n<li><strong>Oekonews.at: <a href=\"https:\/\/www.oekonews.at\/?mdoc_id=1117129\">Mit dem Tesla Model X in die Sahara?<\/a> (08.02.2018)<\/strong><\/li>\n<li><strong>Badische Zeitung: <a href=\"http:\/\/www.badische-zeitung.de\/kann-man-mit-dem-elektroauto-in-den-urlaub-fahren\">Kann man mit dem Elektroauto in den Urlaub fahren?<\/a> (04.02.2018)<\/strong><\/li>\n<li><strong>eTecMag: Deutsche E-Pionierin im Orient \u2013 TWIKE bei der RIVE MAROC (16.01.2018)<\/strong><\/li>\n<li><strong>Electrify-BW: <a href=\"https:\/\/electrify-bw.de\/electrify-bw-der-podcast-22-das-letzte-abenteuer\/\">Electrify-BW \u2013 Der Podcast #22: Das letzte Abenteuer<\/a> (12.01.2018)<\/strong><\/li>\n<li><strong>Display Max: <a href=\"https:\/\/www.display-max.de\/de\/news\/rive-maroc-mit-aufblasbaren-torbogen-durch-marokko\">RIVE MAROC mit aufblasbaren Torbogen durch Marokko<\/a> (12.2017)<\/strong><\/li>\n<li><strong>N\u00f6n.At:\u00a0<a href=\"http:\/\/www.noen.at\/niederoesterreich\/gesellschaft\/noe-der-woche\/doris-holler-bruckner-mit-dem-tesla-durch-die-wueste\/67.272.199\">Mit dem Tesla durch die W\u00fcste<\/a> (14.11.2017)<\/strong><\/li>\n<li><strong>Oekonews.at: <a href=\"http:\/\/www.oekonews.at\/?mdoc_id=1115765\">Ein besonderer Start f\u00fcr eine Etappe der ersten E-Rallye Marokkos<\/a> (07.11.2017)<\/strong><\/li>\n<li><strong>Oekonews.at: <a href=\"http:\/\/www.oekonews.at\/index.php?mdoc_id=1115757%20(\">Langstrecke mit dem Elektroauto? Es geht!<\/a> (30.10.2017)<\/strong><\/li>\n<li><strong>Oekonews.at: <a href=\"http:\/\/www.oekonews.at\/index.php?mdoc_id=1115489\">RIVE Maroc 2017: Eine spannende E-Rallye durch Marokko<\/a> (29.09.2017)<\/strong><\/li>\n<li><strong>Bundesverband Solare Mobilit\u00e4t:\u00a0<a href=\"https:\/\/www.bsm-ev.de\/events\/wettfahrt-rive-maroc-2017\" target=\"_blank\" rel=\"noopener\" data-saferedirecturl=\"https:\/\/www.google.com\/url?hl=fr&amp;q=https:\/\/www.bsm-ev.de\/events\/wettfahrt-rive-maroc-2017&amp;source=gmail&amp;ust=1503063133006000&amp;usg=AFQjCNEGUuDo7dCNQZpW3BK4Pf0oO1SiDQ\">Wettfahrt RIVE MAROC<\/a>\u00a0(16.08.2017)<\/strong><\/li>\n<li><strong>Ecomento.de:\u00a0<\/strong><strong style=\"color: #ff0000;\"><a href=\"https:\/\/ecomento.de\/2017\/07\/28\/rive-maroc-die-erste-elektro-rallye-marokkos\/\" target=\"_blank\" rel=\"noopener\">RIVE MAROC, die erste Elektro-Rallye Marokkos<\/a> \u00a0<\/strong><span style=\"color: #000000;\"><strong>(28.07.2017)<\/strong><\/span><\/li>\n<li><strong>Pressemitteilung EPAMAROC:\u00a0<\/strong>\u00a0<strong><a href=\"http:\/\/www.openpr.de\/news\/960659.html\" target=\"_blank\" rel=\"noopener\" data-saferedirecturl=\"https:\/\/www.google.com\/url?hl=fr&amp;q=http:\/\/www.openpr.de\/news\/960659.html&amp;source=gmail&amp;ust=1501595893937000&amp;usg=AFQjCNE9G_1RT64E-qBehX8OFjjSpLqhJQ\">RIVE MAROC\u00a0: F\u00f6rderung der E-Mobilit\u00e4t mit der ersten E-Rallye Marokkos<\/a><\/strong>\u00a0<strong>(27.07.2017)<\/strong><\/li>\n<\/ul>\n\n\t\t<\/div>\n\t<\/div>\n<\/div><\/div><\/div><\/div><\/div><\/section>\n","protected":false},"excerpt":{"rendered":"[vc_custom_heading text=\"Presse\" font_container=\"tag:h2|font_size:48|text_align:center\" use_theme_fonts=\"yes\"] DerMobilist Podcast: E-Auto Survival in Marokko (02.04.2026) Autorevue.at: Elektrisch durch die W\u00fcste (18.03.2026) E-Movotian Podcast: RIVE2Dakar (03.03.2026) E-Movotian Podcast: RIVE Maroc (18.11.2025) E-Movotian \u00a0Podcast: RIVE Maroc (01.07.2025) Arrive Magazin:\u00a0Elektrisch durch die W\u00fcste: Mit mobilen Solarzellen von Marokko bis nach Senegal (04\/2025) SWR Landesschau Rheinland-Pfalz: Frauenteam bei E-mobil Rallye in Marokko (07.11.2024)...","protected":false},"author":1,"featured_media":0,"parent":0,"menu_order":0,"comment_status":"closed","ping_status":"closed","template":"","meta":{"om_disable_all_campaigns":false,"_monsterinsights_skip_tracking":false,"_monsterinsights_sitenote_active":false,"_monsterinsights_sitenote_note":"","_monsterinsights_sitenote_category":0,"footnotes":""},"class_list":["post-6758","page","type-page","status-publish","hentry"],"aioseo_notices":[],"_links":{"self":[{"href":"https:\/\/rivemaroc.com\/de\/wp-json\/wp\/v2\/pages\/6758","targetHints":{"allow":["GET"]}}],"collection":[{"href":"https:\/\/rivemaroc.com\/de\/wp-json\/wp\/v2\/pages"}],"about":[{"href":"https:\/\/rivemaroc.com\/de\/wp-json\/wp\/v2\/types\/page"}],"author":[{"embeddable":true,"href":"https:\/\/rivemaroc.com\/de\/wp-json\/wp\/v2\/users\/1"}],"replies":[{"embeddable":true,"href":"https:\/\/rivemaroc.com\/de\/wp-json\/wp\/v2\/comments?post=6758"}],"version-history":[{"count":37,"href":"https:\/\/rivemaroc.com\/de\/wp-json\/wp\/v2\/pages\/6758\/revisions"}],"predecessor-version":[{"id":9250,"href":"https:\/\/rivemaroc.com\/de\/wp-json\/wp\/v2\/pages\/6758\/revisions\/9250"}],"wp:attachment":[{"href":"https:\/\/rivemaroc.com\/de\/wp-json\/wp\/v2\/media?parent=6758"}],"curies":[{"name":"wp","href":"https:\/\/api.w.org\/{rel}","templated":true}]}}