{"id":7126,"date":"2018-12-16T02:42:40","date_gmt":"2018-12-16T01:42:40","guid":{"rendered":"http:\/\/rivemaroc.com\/charte-dengagement-precop\/"},"modified":"2026-03-30T19:51:07","modified_gmt":"2026-03-30T17:51:07","slug":"wertung-precop","status":"publish","type":"page","link":"https:\/\/rivemaroc.com\/de\/wertung-precop\/","title":{"rendered":"Wertung RIVE2Dakar"},"content":{"rendered":"<section class=\"l-section wpb_row height_huge color_primary with_img parallax_hor bgwidth_130\"><div class=\"l-section-img\" style=\"background-image: url(https:\/\/rivemaroc.com\/wp-content\/uploads\/2026\/03\/IMG_0897-scaled.jpeg);\" data-img-width=\"2560\" data-img-height=\"1276\"><\/div><div class=\"l-section-h i-cf\"><div class=\"g-cols type_default valign_top\"><div class=\"vc_col-sm-12 wpb_column vc_column_container\"><div class=\"vc_column-inner\"><div class=\"wpb_wrapper\">[vc_custom_heading text=&#8220;Ziele und Grunds\u00e4tze&#8220; font_container=&#8220;tag:h2|font_size:48|text_align:center&#8220; use_theme_fonts=&#8220;yes&#8220;]<div class=\"w-iconbox iconpos_top style_default color_custom no_title no_text\"><a class=\"w-iconbox-link\" href=\"#intro\"><div class=\"w-iconbox-icon\" style=\"color:#ffffff;\"><i class=\"fa fa-chevron-down\"><\/i><\/div><\/a><\/div><\/div><\/div><\/div><\/div><\/div><\/section><section class=\"l-section wpb_row height_large\" id=\"intro\"><div class=\"l-section-h i-cf\"><div class=\"g-cols type_default valign_top\"><div class=\"vc_col-sm-12 wpb_column vc_column_container\"><div class=\"vc_column-inner\"><div class=\"wpb_wrapper\">\n\t<div class=\"wpb_text_column \">\n\t\t<div class=\"wpb_wrapper\">\n\t\t\t<p>Unsere Schwerpunkte:<\/p>\n<ol>\n<li>Bewusstsein schaffen f\u00fcr nachhaltige Mobilit\u00e4t<\/li>\n<li>Aufbau von Ladestationen f\u00fcr Elektrofahrzeuge<\/li>\n<li>Vernetzung von eMobilisten und Interessenten<\/li>\n<li>F\u00f6rderung von nachhaltigem Tourismus durch umweltfreundliche Mobilit\u00e4t<\/li>\n<li>Unterst\u00fctzung sozialer Projekte (aktuell arbeiten wir an einem Schulprojekt in Chami, Mauretanien)<\/li>\n<\/ol>\n\n\t\t<\/div>\n\t<\/div>\n<\/div><\/div><\/div><\/div><\/div><\/section>\n","protected":false},"excerpt":{"rendered":"[vc_custom_heading text=\"Ziele und Grunds\u00e4tze\" font_container=\"tag:h2|font_size:48|text_align:center\" use_theme_fonts=\"yes\"] Unsere Schwerpunkte: Bewusstsein schaffen f\u00fcr nachhaltige Mobilit\u00e4t Aufbau von Ladestationen f\u00fcr Elektrofahrzeuge Vernetzung von eMobilisten und Interessenten F\u00f6rderung von nachhaltigem Tourismus durch umweltfreundliche Mobilit\u00e4t Unterst\u00fctzung sozialer Projekte (aktuell arbeiten wir an einem Schulprojekt in Chami, Mauretanien)","protected":false},"author":1,"featured_media":0,"parent":0,"menu_order":0,"comment_status":"closed","ping_status":"closed","template":"","meta":{"om_disable_all_campaigns":false,"_monsterinsights_skip_tracking":false,"_monsterinsights_sitenote_active":false,"_monsterinsights_sitenote_note":"","_monsterinsights_sitenote_category":0,"footnotes":""},"class_list":["post-7126","page","type-page","status-publish","hentry"],"aioseo_notices":[],"_links":{"self":[{"href":"https:\/\/rivemaroc.com\/de\/wp-json\/wp\/v2\/pages\/7126","targetHints":{"allow":["GET"]}}],"collection":[{"href":"https:\/\/rivemaroc.com\/de\/wp-json\/wp\/v2\/pages"}],"about":[{"href":"https:\/\/rivemaroc.com\/de\/wp-json\/wp\/v2\/types\/page"}],"author":[{"embeddable":true,"href":"https:\/\/rivemaroc.com\/de\/wp-json\/wp\/v2\/users\/1"}],"replies":[{"embeddable":true,"href":"https:\/\/rivemaroc.com\/de\/wp-json\/wp\/v2\/comments?post=7126"}],"version-history":[{"count":6,"href":"https:\/\/rivemaroc.com\/de\/wp-json\/wp\/v2\/pages\/7126\/revisions"}],"predecessor-version":[{"id":9154,"href":"https:\/\/rivemaroc.com\/de\/wp-json\/wp\/v2\/pages\/7126\/revisions\/9154"}],"wp:attachment":[{"href":"https:\/\/rivemaroc.com\/de\/wp-json\/wp\/v2\/media?parent=7126"}],"curies":[{"name":"wp","href":"https:\/\/api.w.org\/{rel}","templated":true}]}}