{"id":8138,"date":"2024-04-09T19:43:35","date_gmt":"2024-04-09T17:43:35","guid":{"rendered":"http:\/\/rivemaroc.com\/?page_id=8138\/"},"modified":"2026-04-26T18:10:49","modified_gmt":"2026-04-26T16:10:49","slug":"accueil-2","status":"publish","type":"page","link":"https:\/\/rivemaroc.com\/de\/accueil-2\/","title":{"rendered":"Accueil"},"content":{"rendered":"<section class=\"l-section wpb_row height_auto width_full color_primary\"><div class=\"l-section-h i-cf\"><div class=\"g-cols type_default valign_top\"><div class=\"vc_col-sm-12 wpb_column vc_column_container\"><div class=\"vc_column-inner\"><div class=\"wpb_wrapper\">[rev_slider_vc alias=&#8220;youtube-hero&#8220;]<\/div><\/div><\/div><\/div><\/div><\/section><section class=\"l-section wpb_row height_huge with_overlay\" id=\"second\"><div class=\"l-section-overlay\" style=\"background-color: rgba(255,255,255,0.62)\"><\/div><div class=\"l-section-h i-cf\"><div class=\"g-cols type_default valign_top\"><div class=\"vc_col-sm-12 wpb_column vc_column_container\"><div class=\"vc_column-inner\"><div class=\"wpb_wrapper\">\n\t<div class=\"wpb_text_column \">\n\t\t<div class=\"wpb_wrapper\">\n\t\t\t<h1 style=\"text-align: center;\"><strong>RIVE Maroc<\/strong><\/h1>\n<h4 style=\"text-align: center;\">Le Rallye \/ Rencontre Internationale de V\u00e9hicules \u00c9lectriques RIVE Maroc est un \u00e9v\u00e9nement organis\u00e9 par des professionnels du domaine. 30 participants venant du monde entier pour la 7. \u00e9dition du RIVE Maroc feront partie d&#8217;une course dont le d\u00e9part sera de Marrakech et l&#8217;arriv\u00e9e \u00e0 Ouarzazate passant par Zagora et Mhamid.<\/h4>\n\n\t\t<\/div>\n\t<\/div>\n<\/div><\/div><\/div><\/div><\/div><\/section><section class=\"l-section wpb_row height_large\"><div class=\"l-section-h i-cf\"><div class=\"g-cols type_default valign_top\"><div class=\"vc_col-sm-6 vc_col-md-3 wpb_column vc_column_container\"><div class=\"vc_column-inner\"><div class=\"wpb_wrapper\"><div class=\"w-iconbox iconpos_top style_outlined color_primary\"><a class=\"w-iconbox-link\" href=\"#first\"><div class=\"w-iconbox-icon\"><i class=\"fa fa-cogs\"><\/i><\/div><h4 class=\"w-iconbox-title\">Organisation<\/h4><\/a><div class=\"w-iconbox-text\">RIVE Maroc est organis\u00e9 par des professionnels du domaine.<\/div><\/div><\/div><\/div><\/div><div class=\"vc_col-sm-6 vc_col-md-3 wpb_column vc_column_container\"><div class=\"vc_column-inner\"><div class=\"wpb_wrapper\"><div class=\"w-iconbox iconpos_top style_outlined color_primary\"><a class=\"w-iconbox-link\" href=\"#second\"><div class=\"w-iconbox-icon\"><i class=\"fa fa-address-book\"><\/i><\/div><h4 class=\"w-iconbox-title\">Participation<\/h4><\/a><div class=\"w-iconbox-text\">30 participants max du monde entier participent \u00e0 cet \u00e9v\u00e9nement.<\/div><\/div><\/div><\/div><\/div><div class=\"vc_col-sm-6 vc_col-md-3 wpb_column vc_column_container\"><div class=\"vc_column-inner\"><div class=\"wpb_wrapper\"><div class=\"w-iconbox iconpos_top style_outlined color_primary\"><a class=\"w-iconbox-link\" href=\"#third\"><div class=\"w-iconbox-icon\"><i class=\"fa fa-car\"><\/i><\/div><h4 class=\"w-iconbox-title\">V\u00e9hicules<\/h4><\/a><div class=\"w-iconbox-text\">Tous types de v\u00e9hicules \u00e9lectriques seront au rendez-vous.<\/div><\/div><\/div><\/div><\/div><div class=\"vc_col-sm-6 vc_col-md-3 wpb_column vc_column_container\"><div class=\"vc_column-inner\"><div class=\"wpb_wrapper\"><div class=\"w-separator type_invisible size_large thick_1 style_solid color_border cont_none\"><span class=\"w-separator-h\"><\/span><\/div><div class=\"w-iconbox iconpos_top style_outlined color_primary\"><a class=\"w-iconbox-link\" href=\"#fourth\"><div class=\"w-iconbox-icon\"><i class=\"fa fa-flag-checkered\"><\/i><\/div><h4 class=\"w-iconbox-title\">Le parcours<\/h4><\/a><div class=\"w-iconbox-text\">Marrakech &#8211; Ouarzazate &#8211; Zagora &#8211; Mhamid<\/div><\/div><\/div><\/div><\/div><\/div><\/div><\/section><section class=\"l-section wpb_row height_huge color_custom with_img parallax_ver\" style=\"background-color: #ffffff; color: #434955;\"><div class=\"l-section-img\" style=\"background-image: url(https:\/\/rivemaroc.com\/wp-content\/uploads\/2013\/05\/bg-text-5.jpg);background-repeat: no-repeat;\" data-img-width=\"1900\" data-img-height=\"600\"><\/div><div class=\"l-section-h i-cf\"><div class=\"g-cols type_default valign_top\"><div class=\"vc_col-sm-12 wpb_column vc_column_container\"><div class=\"vc_column-inner\"><div class=\"wpb_wrapper\">\n\t<div class=\"wpb_text_column \">\n\t\t<div class=\"wpb_wrapper\">\n\t\t\t<h2 style=\"text-align: center;\"><span style=\"color: #ffffff;\">D\u00e9part de la course dans&#8230;<\/span><\/h2>\n\n\t\t<\/div>\n\t<\/div>\n<style>#count-down-wrap-6786 .ult_countdown-amount { font-weight:bold;font-weight:bold;  font-family : ;\tcolor: #ffffff; } #count-down-wrap-6786 .ult_countdown-period{font-weight:normal;\tcolor: #ffffff;\tfont-family: ;}<\/style><div \" data-ultimate-target='#count-down-wrap-6786 .ult_countdown-period'  data-responsive-json-new='{\"font-size\":\"desktop:18px;\",\"line-height\":\"\"}' \" class=\"ult-responsive ult_countdown   ult-cd-no-border ult-cd-s1\"><div id=\"count-down-wrap-6786\"  class=\"ult-responsive ult_countdown-div ult_countdown-dateAndTime ult-wptz\" data-labels=\"Ans,Mois,Semaines,Jours,Heures,Minutes,Secondes\" data-labels2=\"Ans,Moi,Semaine,Jour,Heure,Minute,Seconde\"  data-terminal-date=\"2025\/10\/24 08:00:00\" data-countformat=\"DHMS\" data-time-zone=\"2\" data-time-now=\"2026\/05\/01 06:23:39\"  data-tick-col=\"#ffffff\"   data-ultimate-target='#count-down-wrap-6786 .ult_countdown-amount'  data-responsive-json-new='{\"font-size\":\"desktop:70px;\",\"line-height\":\"\"}'  data-tick-p-col=\"#ffffff\"  data-tick-style=\"font-weight:bold;\"  data-tick-p-style=\"\"  data-bg-color=\"\" data-br-radius=\"\" data-padd=\"0\" >2025\/10\/24 08:00:00<\/div><\/div><\/div><\/div><\/div><\/div><\/div><\/section><section class=\"l-section wpb_row height_auto\" id=\"third\"><div class=\"l-section-h i-cf\"><div class=\"g-cols type_default valign_top\"><div class=\"vc_col-sm-12 wpb_column vc_column_container\"><div class=\"vc_column-inner\"><div class=\"wpb_wrapper\"><div class=\"w-separator type_invisible size_large thick_1 style_solid color_border cont_none\"><span class=\"w-separator-h\"><\/span><\/div>\n\t<div class=\"wpb_text_column \">\n\t\t<div class=\"wpb_wrapper\">\n\t\t\t<h2 style=\"text-align: center;\"><span style=\"color: #434955;\">Photos <strong>RIVE Maroc<\/strong><\/span><\/h2>\n\n\t\t<\/div>\n\t<\/div>\n<div class=\"w-gallery type_default cols_4 style_simple link_media\"><div class=\"w-gallery-list\"><a class=\"w-gallery-item order_1\" href=\"https:\/\/rivemaroc.com\/wp-content\/uploads\/2018\/12\/Winner-of-RIVE-MAROC-2018-Team-Geero-Tesla-S.jpg\" title=\"Winner of RIVE MAROC 2018 - Team Geero (Tesla S)\"><div class=\"w-gallery-item-img\"><img loading=\"lazy\" decoding=\"async\" width=\"600\" height=\"431\" src=\"https:\/\/rivemaroc.com\/wp-content\/uploads\/2018\/12\/Winner-of-RIVE-MAROC-2018-Team-Geero-Tesla-S-600x431.jpg\" class=\"attachment-tnail-1x1 size-tnail-1x1\" alt=\"\" \/><\/div><\/a><a class=\"w-gallery-item order_2\" href=\"https:\/\/rivemaroc.com\/wp-content\/uploads\/2018\/12\/RiveMaroc-51.jpg\" title=\"RiveMaroc-51\"><div class=\"w-gallery-item-img\"><img loading=\"lazy\" decoding=\"async\" width=\"600\" height=\"600\" src=\"https:\/\/rivemaroc.com\/wp-content\/uploads\/2018\/12\/RiveMaroc-51-600x600.jpg\" class=\"attachment-tnail-1x1 size-tnail-1x1\" alt=\"\" srcset=\"https:\/\/rivemaroc.com\/wp-content\/uploads\/2018\/12\/RiveMaroc-51-600x600.jpg 600w, https:\/\/rivemaroc.com\/wp-content\/uploads\/2018\/12\/RiveMaroc-51-150x150.jpg 150w, https:\/\/rivemaroc.com\/wp-content\/uploads\/2018\/12\/RiveMaroc-51-350x350.jpg 350w\" sizes=\"auto, (max-width: 600px) 100vw, 600px\" \/><\/div><\/a><a class=\"w-gallery-item order_3\" href=\"https:\/\/rivemaroc.com\/wp-content\/uploads\/2018\/12\/RiveMaroc-50.jpg\" title=\"RiveMaroc-50\"><div class=\"w-gallery-item-img\"><img loading=\"lazy\" decoding=\"async\" width=\"600\" height=\"600\" src=\"https:\/\/rivemaroc.com\/wp-content\/uploads\/2018\/12\/RiveMaroc-50-600x600.jpg\" class=\"attachment-tnail-1x1 size-tnail-1x1\" alt=\"\" srcset=\"https:\/\/rivemaroc.com\/wp-content\/uploads\/2018\/12\/RiveMaroc-50-600x600.jpg 600w, https:\/\/rivemaroc.com\/wp-content\/uploads\/2018\/12\/RiveMaroc-50-150x150.jpg 150w, https:\/\/rivemaroc.com\/wp-content\/uploads\/2018\/12\/RiveMaroc-50-350x350.jpg 350w\" sizes=\"auto, (max-width: 600px) 100vw, 600px\" \/><\/div><\/a><a class=\"w-gallery-item order_4\" href=\"https:\/\/rivemaroc.com\/wp-content\/uploads\/2017\/02\/photo-rive-maroc-10.jpg\" title=\"photo-rive-maroc-10\"><div class=\"w-gallery-item-img\"><img loading=\"lazy\" decoding=\"async\" width=\"600\" height=\"600\" src=\"https:\/\/rivemaroc.com\/wp-content\/uploads\/2017\/02\/photo-rive-maroc-10-600x600.jpg\" class=\"attachment-tnail-1x1 size-tnail-1x1\" alt=\"\" srcset=\"https:\/\/rivemaroc.com\/wp-content\/uploads\/2017\/02\/photo-rive-maroc-10-600x600.jpg 600w, https:\/\/rivemaroc.com\/wp-content\/uploads\/2017\/02\/photo-rive-maroc-10-150x150.jpg 150w, https:\/\/rivemaroc.com\/wp-content\/uploads\/2017\/02\/photo-rive-maroc-10-350x350.jpg 350w\" sizes=\"auto, (max-width: 600px) 100vw, 600px\" \/><\/div><\/a><a class=\"w-gallery-item order_5\" href=\"https:\/\/rivemaroc.com\/wp-content\/uploads\/2018\/12\/20181021_123521.jpg\" title=\"20181021_123521\"><div class=\"w-gallery-item-img\"><img loading=\"lazy\" decoding=\"async\" width=\"600\" height=\"600\" src=\"https:\/\/rivemaroc.com\/wp-content\/uploads\/2018\/12\/20181021_123521-600x600.jpg\" class=\"attachment-tnail-1x1 size-tnail-1x1\" alt=\"\" srcset=\"https:\/\/rivemaroc.com\/wp-content\/uploads\/2018\/12\/20181021_123521-600x600.jpg 600w, https:\/\/rivemaroc.com\/wp-content\/uploads\/2018\/12\/20181021_123521-150x150.jpg 150w, https:\/\/rivemaroc.com\/wp-content\/uploads\/2018\/12\/20181021_123521-350x350.jpg 350w\" sizes=\"auto, (max-width: 600px) 100vw, 600px\" \/><\/div><\/a><a class=\"w-gallery-item order_6\" href=\"https:\/\/rivemaroc.com\/wp-content\/uploads\/2018\/12\/RIVE-MAROC-2018-Drone-Kamel-Home-page-NEW-Try-2.jpg\" title=\"DCIM100MEDIADJI_0975.JPG\"><div class=\"w-gallery-item-img\"><img loading=\"lazy\" decoding=\"async\" width=\"600\" height=\"600\" src=\"https:\/\/rivemaroc.com\/wp-content\/uploads\/2018\/12\/RIVE-MAROC-2018-Drone-Kamel-Home-page-NEW-Try-2-600x600.jpg\" class=\"attachment-tnail-1x1 size-tnail-1x1\" alt=\"\" srcset=\"https:\/\/rivemaroc.com\/wp-content\/uploads\/2018\/12\/RIVE-MAROC-2018-Drone-Kamel-Home-page-NEW-Try-2-600x600.jpg 600w, https:\/\/rivemaroc.com\/wp-content\/uploads\/2018\/12\/RIVE-MAROC-2018-Drone-Kamel-Home-page-NEW-Try-2-150x150.jpg 150w, https:\/\/rivemaroc.com\/wp-content\/uploads\/2018\/12\/RIVE-MAROC-2018-Drone-Kamel-Home-page-NEW-Try-2-350x350.jpg 350w\" sizes=\"auto, (max-width: 600px) 100vw, 600px\" \/><\/div><\/a><a class=\"w-gallery-item order_7\" href=\"https:\/\/rivemaroc.com\/wp-content\/uploads\/2025\/05\/IMG_1917.jpeg\" title=\"Chargeur Zagora\"><div class=\"w-gallery-item-img\"><img loading=\"lazy\" decoding=\"async\" width=\"600\" height=\"600\" src=\"https:\/\/rivemaroc.com\/wp-content\/uploads\/2025\/05\/IMG_1917-600x600.jpeg\" class=\"attachment-tnail-1x1 size-tnail-1x1\" alt=\"\" srcset=\"https:\/\/rivemaroc.com\/wp-content\/uploads\/2025\/05\/IMG_1917-600x600.jpeg 600w, https:\/\/rivemaroc.com\/wp-content\/uploads\/2025\/05\/IMG_1917-150x150.jpeg 150w, https:\/\/rivemaroc.com\/wp-content\/uploads\/2025\/05\/IMG_1917-300x300.jpeg 300w, https:\/\/rivemaroc.com\/wp-content\/uploads\/2025\/05\/IMG_1917-768x768.jpeg 768w, https:\/\/rivemaroc.com\/wp-content\/uploads\/2025\/05\/IMG_1917-350x350.jpeg 350w, https:\/\/rivemaroc.com\/wp-content\/uploads\/2025\/05\/IMG_1917.jpeg 898w\" sizes=\"auto, (max-width: 600px) 100vw, 600px\" \/><\/div><\/a><a class=\"w-gallery-item order_8\" href=\"https:\/\/rivemaroc.com\/wp-content\/uploads\/2018\/12\/Aid-Ben-Haddou-Andreas.jpg\" title=\"Aid Ben Haddou Andreas\"><div class=\"w-gallery-item-img\"><img loading=\"lazy\" decoding=\"async\" width=\"600\" height=\"430\" src=\"https:\/\/rivemaroc.com\/wp-content\/uploads\/2018\/12\/Aid-Ben-Haddou-Andreas-600x430.jpg\" class=\"attachment-tnail-1x1 size-tnail-1x1\" alt=\"\" \/><\/div><\/a><a class=\"w-gallery-item order_9\" href=\"https:\/\/rivemaroc.com\/wp-content\/uploads\/2018\/12\/RiveMaroc-9.jpg\" title=\"RiveMaroc-9\"><div class=\"w-gallery-item-img\"><img loading=\"lazy\" decoding=\"async\" width=\"600\" height=\"600\" src=\"https:\/\/rivemaroc.com\/wp-content\/uploads\/2018\/12\/RiveMaroc-9-600x600.jpg\" class=\"attachment-tnail-1x1 size-tnail-1x1\" alt=\"\" srcset=\"https:\/\/rivemaroc.com\/wp-content\/uploads\/2018\/12\/RiveMaroc-9-600x600.jpg 600w, https:\/\/rivemaroc.com\/wp-content\/uploads\/2018\/12\/RiveMaroc-9-150x150.jpg 150w, https:\/\/rivemaroc.com\/wp-content\/uploads\/2018\/12\/RiveMaroc-9-350x350.jpg 350w\" sizes=\"auto, (max-width: 600px) 100vw, 600px\" \/><\/div><\/a><a class=\"w-gallery-item order_10\" href=\"https:\/\/rivemaroc.com\/wp-content\/uploads\/2018\/12\/Samira-Bauch.jpg\" title=\"Samira Bauch\"><div class=\"w-gallery-item-img\"><img loading=\"lazy\" decoding=\"async\" width=\"600\" height=\"600\" src=\"https:\/\/rivemaroc.com\/wp-content\/uploads\/2018\/12\/Samira-Bauch-600x600.jpg\" class=\"attachment-tnail-1x1 size-tnail-1x1\" alt=\"\" srcset=\"https:\/\/rivemaroc.com\/wp-content\/uploads\/2018\/12\/Samira-Bauch-600x600.jpg 600w, https:\/\/rivemaroc.com\/wp-content\/uploads\/2018\/12\/Samira-Bauch-150x150.jpg 150w, https:\/\/rivemaroc.com\/wp-content\/uploads\/2018\/12\/Samira-Bauch-350x350.jpg 350w\" sizes=\"auto, (max-width: 600px) 100vw, 600px\" \/><\/div><\/a><a class=\"w-gallery-item order_11\" href=\"https:\/\/rivemaroc.com\/wp-content\/uploads\/2017\/02\/photo-rive-maroc-12.jpg\" title=\"photo-rive-maroc-12\"><div class=\"w-gallery-item-img\"><img loading=\"lazy\" decoding=\"async\" width=\"600\" height=\"600\" src=\"https:\/\/rivemaroc.com\/wp-content\/uploads\/2017\/02\/photo-rive-maroc-12-600x600.jpg\" class=\"attachment-tnail-1x1 size-tnail-1x1\" alt=\"\" srcset=\"https:\/\/rivemaroc.com\/wp-content\/uploads\/2017\/02\/photo-rive-maroc-12-600x600.jpg 600w, https:\/\/rivemaroc.com\/wp-content\/uploads\/2017\/02\/photo-rive-maroc-12-150x150.jpg 150w, https:\/\/rivemaroc.com\/wp-content\/uploads\/2017\/02\/photo-rive-maroc-12-350x350.jpg 350w\" sizes=\"auto, (max-width: 600px) 100vw, 600px\" \/><\/div><\/a><a class=\"w-gallery-item order_12\" href=\"https:\/\/rivemaroc.com\/wp-content\/uploads\/2018\/12\/RiveMaroc-12.jpg\" title=\"RiveMaroc-12\"><div class=\"w-gallery-item-img\"><img loading=\"lazy\" decoding=\"async\" width=\"600\" height=\"600\" src=\"https:\/\/rivemaroc.com\/wp-content\/uploads\/2018\/12\/RiveMaroc-12-600x600.jpg\" class=\"attachment-tnail-1x1 size-tnail-1x1\" alt=\"\" srcset=\"https:\/\/rivemaroc.com\/wp-content\/uploads\/2018\/12\/RiveMaroc-12-600x600.jpg 600w, https:\/\/rivemaroc.com\/wp-content\/uploads\/2018\/12\/RiveMaroc-12-150x150.jpg 150w, https:\/\/rivemaroc.com\/wp-content\/uploads\/2018\/12\/RiveMaroc-12-350x350.jpg 350w\" sizes=\"auto, (max-width: 600px) 100vw, 600px\" \/><\/div><\/a><\/div><\/div>\n<div class=\"w-separator type_invisible size_large thick_1 style_solid color_border cont_none\"><span class=\"w-separator-h\"><\/span><\/div><\/div><\/div><\/div><\/div><\/div><\/section><section class=\"l-section wpb_row height_large color_primary\" id=\"fourth\"><div class=\"l-section-h i-cf\"><div class=\"g-cols type_default valign_top\"><div class=\"vc_col-sm-12 wpb_column vc_column_container\"><div class=\"vc_column-inner\"><div class=\"wpb_wrapper\"><div class=\"w-separator type_default size_large thick_1 style_solid color_border cont_none\"><span class=\"w-separator-h\"><\/span><\/div>\n\t<div class=\"wpb_text_column \">\n\t\t<div class=\"wpb_wrapper\">\n\t\t\t<h2 style=\"text-align: center;\"><span style=\"color: #434955;\">Abonnez-vous \u00e0 la <strong>Newsletter<\/strong><\/span><\/h2>\n<p style=\"text-align: center;\"><script>(function() {\n\twindow.mc4wp = window.mc4wp || {\n\t\tlisteners: [],\n\t\tforms: {\n\t\t\ton: function(evt, cb) {\n\t\t\t\twindow.mc4wp.listeners.push(\n\t\t\t\t\t{\n\t\t\t\t\t\tevent   : evt,\n\t\t\t\t\t\tcallback: cb\n\t\t\t\t\t}\n\t\t\t\t);\n\t\t\t}\n\t\t}\n\t}\n})();\n<\/script><!-- Mailchimp for WordPress v4.10.6 - https:\/\/wordpress.org\/plugins\/mailchimp-for-wp\/ --><form id=\"mc4wp-form-1\" class=\"mc4wp-form mc4wp-form-6058\" method=\"post\" data-id=\"6058\" data-name=\"RIVE MAROC NEWSLETTER\" ><div class=\"mc4wp-form-fields\"><p>\r\n    <label>Email<\/label>\r\n    <input type=\"email\" name=\"EMAIL\" \r\n    required=\"\">\r\n<\/p>\r\n\r\n<table width=\"100%\" border=\"0\" cellspacing=\"0\">\r\n  <tbody>\r\n   \r\n <p>\r\n    <label>First Name<\/label>\r\n    <input type=\"text\" name=\"FNAME\"\r\n    required=\"\">\r\n<\/p>\r\n\r\n  \r\n\r\n\r\n\r\n      <td> \r\n\r\n    <\/tr>\r\n    <tr>\r\n      <td colspan=\"2\"><center>\r\n\t<input type=\"submit\" value=\"Register\" \/>\r\n  <\/center><\/td>\r\n    <\/tr>\r\n  <\/tbody>\r\n<\/table><\/div><label style=\"display: none !important;\">Wenn du ein Mensch bist, lasse das Feld leer: <input type=\"text\" name=\"_mc4wp_honeypot\" value=\"\" tabindex=\"-1\" autocomplete=\"off\" \/><\/label><input type=\"hidden\" name=\"_mc4wp_timestamp\" value=\"1777609420\" \/><input type=\"hidden\" name=\"_mc4wp_form_id\" value=\"6058\" \/><input type=\"hidden\" name=\"_mc4wp_form_element_id\" value=\"mc4wp-form-1\" \/><div class=\"mc4wp-response\"><\/div><\/form><!-- \/ Mailchimp for WordPress Plugin --><\/p>\n\n\t\t<\/div>\n\t<\/div>\n<div class=\"w-actionbox color_primary controls_right\"><div class=\"w-actionbox-text\"><h2 style=\"font-size:h3\">Pour participer \u00e0 l'\u00e9v\u00e9nement RIVE Maroc<\/h2><\/div><div class=\"w-actionbox-controls\"><a class=\"w-btn color_white style_outlined icon_atright\" href=\"http:\/\/rivemaroc.com\/inscriptions\/\" style=\"font-size:20px;\"><i class=\"fa fa-arrow-circle-right\"><\/i><span class=\"w-btn-label\">PAR ICI<\/span><\/a><\/div><\/div><\/div><\/div><\/div><\/div><\/div><\/section><section class=\"l-section wpb_row height_large with_img\"><div class=\"l-section-img\" style=\"background-image: url(https:\/\/rivemaroc.com\/wp-content\/uploads\/2013\/05\/bg-text-3.png);\" data-img-width=\"1900\" data-img-height=\"600\"><\/div><div class=\"l-section-h i-cf\"><div class=\"g-cols type_default valign_top\"><div class=\"vc_col-sm-12 wpb_column vc_column_container\"><div class=\"vc_column-inner\"><div class=\"wpb_wrapper\">\n\t<div class=\"wpb_text_column \">\n\t\t<div class=\"wpb_wrapper\">\n\t\t\t<h2 style=\"text-align: center;\"><strong>LIENS SOCIAUX<\/strong><\/h2>\n\n\t\t<\/div>\n\t<\/div>\n<div class=\"g-cols wpb_row type_default valign_top vc_inner \"><div class=\"vc_col-sm-12 wpb_column vc_column_container\"><div class=\"vc_column-inner\"><div class=\"wpb_wrapper\"><\/div><\/div><\/div><\/div><div class=\"w-socials align_center style_solid circle color_brand index_1\" style=\"font-size:40px;\"><div class=\"w-socials-list\"><div class=\"w-socials-item email\">\n\t\t\t\t<a class=\"w-socials-item-link\" target=\"_blank\" href=\"mailto:info@rivemaroc.com\">\n\t\t\t\t\t<span class=\"w-socials-item-link-hover\"><\/span>\n\t\t\t\t\t<span class=\"w-socials-item-link-title\">Email<\/span>\n\t\t\t\t<\/a>\n\t\t\t\t<div class=\"w-socials-item-popup\">\n\t\t\t\t\t<span>Email<\/span>\n\t\t\t\t<\/div>\n\t\t\t<\/div><div class=\"w-socials-item facebook\">\n\t\t\t\t<a class=\"w-socials-item-link\" target=\"_blank\" href=\"https:\/\/www.facebook.com\/RIVEMaroc\/?fref=ts\">\n\t\t\t\t\t<span class=\"w-socials-item-link-hover\"><\/span>\n\t\t\t\t\t<span class=\"w-socials-item-link-title\">Facebook<\/span>\n\t\t\t\t<\/a>\n\t\t\t\t<div class=\"w-socials-item-popup\">\n\t\t\t\t\t<span>Facebook<\/span>\n\t\t\t\t<\/div>\n\t\t\t<\/div><div class=\"w-socials-item twitter\">\n\t\t\t\t<a class=\"w-socials-item-link\" target=\"_blank\" href=\"https:\/\/twitter.com\/rivemaroc\">\n\t\t\t\t\t<span class=\"w-socials-item-link-hover\"><\/span>\n\t\t\t\t\t<span class=\"w-socials-item-link-title\">Twitter<\/span>\n\t\t\t\t<\/a>\n\t\t\t\t<div class=\"w-socials-item-popup\">\n\t\t\t\t\t<span>Twitter<\/span>\n\t\t\t\t<\/div>\n\t\t\t<\/div><div class=\"w-socials-item youtube\">\n\t\t\t\t<a class=\"w-socials-item-link\" target=\"_blank\" href=\"https:\/\/www.youtube.com\/channel\/UCUZwC12RTbHi65bLwXaKrqA\">\n\t\t\t\t\t<span class=\"w-socials-item-link-hover\"><\/span>\n\t\t\t\t\t<span class=\"w-socials-item-link-title\">YouTube<\/span>\n\t\t\t\t<\/a>\n\t\t\t\t<div class=\"w-socials-item-popup\">\n\t\t\t\t\t<span>YouTube<\/span>\n\t\t\t\t<\/div>\n\t\t\t<\/div><div class=\"w-socials-item flickr\">\n\t\t\t\t<a class=\"w-socials-item-link\" target=\"_blank\" href=\"https:\/\/www.flickr.com\/photos\/rivemaroc\/albums\">\n\t\t\t\t\t<span class=\"w-socials-item-link-hover\"><\/span>\n\t\t\t\t\t<span class=\"w-socials-item-link-title\">Flickr<\/span>\n\t\t\t\t<\/a>\n\t\t\t\t<div class=\"w-socials-item-popup\">\n\t\t\t\t\t<span>Flickr<\/span>\n\t\t\t\t<\/div>\n\t\t\t<\/div><div class=\"w-socials-item instagram\">\n\t\t\t\t<a class=\"w-socials-item-link\" target=\"_blank\" href=\"https:\/\/www.instagram.com\/rivemaroc\/\">\n\t\t\t\t\t<span class=\"w-socials-item-link-hover\"><\/span>\n\t\t\t\t\t<span class=\"w-socials-item-link-title\">Instagram<\/span>\n\t\t\t\t<\/a>\n\t\t\t\t<div class=\"w-socials-item-popup\">\n\t\t\t\t\t<span>Instagram<\/span>\n\t\t\t\t<\/div>\n\t\t\t<\/div><\/div><\/div><\/div><\/div><\/div><\/div><\/div><\/section>\n","protected":false},"excerpt":{"rendered":"[rev_slider_vc alias=\"youtube-hero\"] RIVE Maroc Le Rallye \/ Rencontre Internationale de V\u00e9hicules \u00c9lectriques RIVE Maroc est un \u00e9v\u00e9nement organis\u00e9 par des professionnels du domaine. 30 participants venant du monde entier pour la 7. \u00e9dition du RIVE Maroc feront partie d'une course dont le d\u00e9part sera de Marrakech et l'arriv\u00e9e \u00e0 Ouarzazate passant par Zagora et Mhamid....","protected":false},"author":2,"featured_media":0,"parent":0,"menu_order":0,"comment_status":"closed","ping_status":"closed","template":"","meta":{"om_disable_all_campaigns":false,"_monsterinsights_skip_tracking":false,"_monsterinsights_sitenote_active":false,"_monsterinsights_sitenote_note":"","_monsterinsights_sitenote_category":0,"footnotes":""},"class_list":["post-8138","page","type-page","status-publish","hentry"],"aioseo_notices":[],"_links":{"self":[{"href":"https:\/\/rivemaroc.com\/de\/wp-json\/wp\/v2\/pages\/8138","targetHints":{"allow":["GET"]}}],"collection":[{"href":"https:\/\/rivemaroc.com\/de\/wp-json\/wp\/v2\/pages"}],"about":[{"href":"https:\/\/rivemaroc.com\/de\/wp-json\/wp\/v2\/types\/page"}],"author":[{"embeddable":true,"href":"https:\/\/rivemaroc.com\/de\/wp-json\/wp\/v2\/users\/2"}],"replies":[{"embeddable":true,"href":"https:\/\/rivemaroc.com\/de\/wp-json\/wp\/v2\/comments?post=8138"}],"version-history":[{"count":5,"href":"https:\/\/rivemaroc.com\/de\/wp-json\/wp\/v2\/pages\/8138\/revisions"}],"predecessor-version":[{"id":9337,"href":"https:\/\/rivemaroc.com\/de\/wp-json\/wp\/v2\/pages\/8138\/revisions\/9337"}],"wp:attachment":[{"href":"https:\/\/rivemaroc.com\/de\/wp-json\/wp\/v2\/media?parent=8138"}],"curies":[{"name":"wp","href":"https:\/\/api.w.org\/{rel}","templated":true}]}}