{"id":8737,"date":"2025-12-28T17:48:31","date_gmt":"2025-12-28T16:48:31","guid":{"rendered":"https:\/\/rivemaroc.com\/?page_id=8737\/"},"modified":"2025-12-28T18:04:39","modified_gmt":"2025-12-28T17:04:39","slug":"rive2share","status":"publish","type":"page","link":"https:\/\/rivemaroc.com\/de\/rive2share\/","title":{"rendered":"RIVE2Share"},"content":{"rendered":"<section class=\"l-section wpb_row height_large\"><div class=\"l-section-h i-cf\"><div class=\"g-cols type_default valign_top\"><div class=\"vc_col-sm-12 wpb_column vc_column_container\"><div class=\"vc_column-inner\"><div class=\"wpb_wrapper\">\n\t<div class=\"wpb_text_column \">\n\t\t<div class=\"wpb_wrapper\">\n\t\t\t<figure class=\"wp-block-image size-large\"><img loading=\"lazy\" decoding=\"async\" width=\"683\" height=\"1024\" src=\"https:\/\/rivemaroc.com\/wp-content\/uploads\/2025\/12\/IMG_0817-683x1024.jpeg\" alt=\"\" class=\"wp-image-8738\" srcset=\"https:\/\/rivemaroc.com\/wp-content\/uploads\/2025\/12\/IMG_0817-683x1024.jpeg 683w, https:\/\/rivemaroc.com\/wp-content\/uploads\/2025\/12\/IMG_0817-200x300.jpeg 200w, https:\/\/rivemaroc.com\/wp-content\/uploads\/2025\/12\/IMG_0817-768x1152.jpeg 768w, https:\/\/rivemaroc.com\/wp-content\/uploads\/2025\/12\/IMG_0817.jpeg 1024w\" sizes=\"auto, (max-width: 683px) 100vw, 683px\" \/><\/figure>\n\n\t\t<\/div>\n\t<\/div>\n<\/div><\/div><\/div><\/div><\/div><\/section><section class=\"l-section wpb_row height_large\"><div class=\"l-section-h i-cf\"><div class=\"g-cols type_default valign_top\"><div class=\"vc_col-sm-12 wpb_column vc_column_container\"><div class=\"vc_column-inner\"><div class=\"wpb_wrapper\">\n\t<div class=\"wpb_text_column \">\n\t\t<div class=\"wpb_wrapper\">\n\t\t\t<h4><b>RIVE2Share \u2013 Gemeinsam unterwegs mit Solo-Fahrern anderer Teams<\/b><\/h4>\n<p>Auch 2026 wird in den meisten L\u00e4ndern der Anteil an Elektrofahrzeugen noch weit von 50\u202f% entfernt sein. <strong>RIVE2Share<\/strong> bietet die Gelegenheit, Menschen zu inspirieren und einzubinden, die neugierig auf Elektromobilit\u00e4t sind.<\/p>\n<p>Mit RIVE2Share wird es m\u00f6glich:<\/p>\n<ul>\n<li><strong>Du besitzt noch kein Elektrofahrzeug<\/strong>, m\u00f6chtest aber eine ganze Woche lang in die Welt der E-Mobilit\u00e4t eintauchen?<br \/>Begleite uns auf eine unvergessliche Reise in die Sahara. Vielleicht schon eine Fahrt durch Europa oder direkt in Marokko \u2013 die M\u00f6glichkeiten sind vielf\u00e4ltig.<\/li>\n<li><strong>Du f\u00e4hrst bereits ein Elektrofahrzeug<\/strong>, f\u00fchlst dich aber nicht wohl dabei, alleine bis nach Marokko oder innerhalb Marokkos zu fahren?<br \/>Nimm einen interessierten Co-Fahrer mit \u2013 entweder aus deinem Heimatland oder von unserem Treffpunkt in Marrakesch.<\/li>\n<li><b>Du bist ein Single Team<\/b> und bist aber offen daf\u00fcr, deine Fahrt mit einem anderen Teilnehmer zu teilen?<br \/>Biete einen Platz an und teile das Abenteuer.<\/li>\n<\/ul>\n\n\t\t<\/div>\n\t<\/div>\n<\/div><\/div><\/div><\/div><\/div><\/section><section class=\"l-section wpb_row height_large\"><div class=\"l-section-h i-cf\"><div class=\"g-cols type_default valign_top\"><div class=\"vc_col-sm-12 wpb_column vc_column_container\"><div class=\"vc_column-inner\"><div class=\"wpb_wrapper\"><div id=\"ultimate-heading-329569e4bf16c4edd\" class=\"uvc-heading ult-adjust-bottom-margin ultimate-heading-329569e4bf16c4edd uvc-8073 \" data-hspacer=\"no_spacer\"  data-halign=\"center\" style=\"text-align:center\"><div class=\"uvc-heading-spacer no_spacer\" style=\"top\"><\/div><\/div><\/div><\/div><\/div><\/div><\/div><\/section>\n","protected":false},"excerpt":{"rendered":"RIVE2Share \u2013 Gemeinsam unterwegs mit Solo-Fahrern anderer Teams Auch 2026 wird in den meisten L\u00e4ndern der Anteil an Elektrofahrzeugen noch weit von 50\u202f% entfernt sein. RIVE2Share bietet die Gelegenheit, Menschen zu inspirieren und einzubinden, die neugierig auf Elektromobilit\u00e4t sind. Mit RIVE2Share wird es m\u00f6glich: Du besitzt noch kein Elektrofahrzeug, m\u00f6chtest aber eine ganze Woche lang...","protected":false},"author":2,"featured_media":0,"parent":0,"menu_order":0,"comment_status":"closed","ping_status":"closed","template":"","meta":{"om_disable_all_campaigns":false,"_monsterinsights_skip_tracking":false,"_monsterinsights_sitenote_active":false,"_monsterinsights_sitenote_note":"","_monsterinsights_sitenote_category":0,"footnotes":""},"class_list":["post-8737","page","type-page","status-publish","hentry"],"aioseo_notices":[],"_links":{"self":[{"href":"https:\/\/rivemaroc.com\/de\/wp-json\/wp\/v2\/pages\/8737","targetHints":{"allow":["GET"]}}],"collection":[{"href":"https:\/\/rivemaroc.com\/de\/wp-json\/wp\/v2\/pages"}],"about":[{"href":"https:\/\/rivemaroc.com\/de\/wp-json\/wp\/v2\/types\/page"}],"author":[{"embeddable":true,"href":"https:\/\/rivemaroc.com\/de\/wp-json\/wp\/v2\/users\/2"}],"replies":[{"embeddable":true,"href":"https:\/\/rivemaroc.com\/de\/wp-json\/wp\/v2\/comments?post=8737"}],"version-history":[{"count":3,"href":"https:\/\/rivemaroc.com\/de\/wp-json\/wp\/v2\/pages\/8737\/revisions"}],"predecessor-version":[{"id":8743,"href":"https:\/\/rivemaroc.com\/de\/wp-json\/wp\/v2\/pages\/8737\/revisions\/8743"}],"wp:attachment":[{"href":"https:\/\/rivemaroc.com\/de\/wp-json\/wp\/v2\/media?parent=8737"}],"curies":[{"name":"wp","href":"https:\/\/api.w.org\/{rel}","templated":true}]}}