{"id":8827,"date":"2026-03-01T18:50:55","date_gmt":"2026-03-01T17:50:55","guid":{"rendered":"https:\/\/rivemaroc.com\/?page_id=8827\/"},"modified":"2026-03-24T17:57:27","modified_gmt":"2026-03-24T16:57:27","slug":"adventure-southside","status":"publish","type":"page","link":"https:\/\/rivemaroc.com\/de\/adventure-southside\/","title":{"rendered":""},"content":{"rendered":"<section class=\"l-section wpb_row height_huge with_img parallax_hor bgwidth_130 with_overlay type_sticky\" data-sticky-disable-width=\"900\"><div class=\"l-section-img\" style=\"background-image: url(https:\/\/rivemaroc.com\/wp-content\/uploads\/2026\/03\/IMG_0838-scaled.jpeg);background-repeat: repeat-x;\" data-img-width=\"2560\" data-img-height=\"1900\"><\/div><div class=\"l-section-overlay\" style=\"background-color: rgba(0,0,0,0.01)\"><\/div><div class=\"l-section-h i-cf\"><div class=\"g-cols type_default valign_top\"><div class=\"vc_col-sm-12 wpb_column vc_column_container\"><div class=\"vc_column-inner\"><div class=\"wpb_wrapper\">[vc_custom_heading text=&#8220;Adventure Southside&#8220; font_container=&#8220;tag:h2|font_size:48|text_align:center|color:%23ffffff&#8220; use_theme_fonts=&#8220;yes&#8220;]<\/div><\/div><\/div><\/div><\/div><\/section><div class=\"l-section-gap\"><\/div><section class=\"l-section wpb_row height_large type_sticky\" data-sticky-disable-width=\"900\"><div class=\"l-section-h i-cf\"><div class=\"g-cols type_default valign_top\"><div class=\"vc_col-sm-12 wpb_column vc_column_container\"><div class=\"vc_column-inner\"><div class=\"wpb_wrapper\">\n\t<div class=\"wpb_text_column \">\n\t\t<div class=\"wpb_wrapper\">\n\t\t\t<h1 style=\"text-align: center;\"><img loading=\"lazy\" decoding=\"async\" class=\"alignnone size-medium wp-image-8864 aligncenter\" src=\"https:\/\/rivemaroc.com\/wp-content\/uploads\/2026\/03\/IMG_0833-260x300.jpeg\" alt=\"\" width=\"260\" height=\"300\" srcset=\"https:\/\/rivemaroc.com\/wp-content\/uploads\/2026\/03\/IMG_0833-260x300.jpeg 260w, https:\/\/rivemaroc.com\/wp-content\/uploads\/2026\/03\/IMG_0833-888x1024.jpeg 888w, https:\/\/rivemaroc.com\/wp-content\/uploads\/2026\/03\/IMG_0833-768x886.jpeg 768w, https:\/\/rivemaroc.com\/wp-content\/uploads\/2026\/03\/IMG_0833.jpeg 1125w\" sizes=\"auto, (max-width: 260px) 100vw, 260px\" \/><br \/>\nAbenteuer trifft Elektromobilit\u00e4t<\/h1>\n<p>Zum zweiten Mal finden elektrisch Reisende auf der <strong>Adventure Southside<\/strong>\u00a0ihr ganz eigenes Zuhause: <strong>das E-Mobility Camp<\/strong> \u2013 der Treffpunkt f\u00fcr alle, die nachhaltig unterwegs sind und Abenteuer neu denken.<\/p>\n<p>Nach der erfolgreichen Premiere des eCamps im Jahr 2025 w\u00e4chst das Format in seiner zweiten Edition deutlich weiter \u2013 und bringt in diesem Jahr gleich eine weitere Neuheit mit:<\/p>\n<p>Erstmals gibt es eine eigene <b>Ausstellerfl\u00e4che E-Mobility &amp; Friends<\/b> f\u00fcr gewerbliche eCamper<\/p>\n<p>Das E-Mobility Camp wird gr\u00f6\u00dfer \u2013 und vielf\u00e4ltiger:<\/p>\n<p>Statt bisher 20 Stellpl\u00e4tzen stehen nun bis zu <b>50 Pl\u00e4tze<\/b> f\u00fcr elektrisch Reisende zur Verf\u00fcgung.<\/p>\n<p>Zudem wird es erstmals <b>Themenabende<\/b> von eCampern f\u00fcr eCamper und Interessierte direkt vor Ort geben \u2013 zum Austausch, Vernetzen und Inspirieren.<\/p>\n<p>Auch 2026 erwarten Dich auf der gro\u00dfen B\u00fchne wieder Vortr\u00e4ge von elektrifizierten Globetrottern, die von ihren Reisen, Umbauten und Erfahrungen berichten.<\/p>\n<p>Organisiert wird das E-Mobility Camp sowie die zugeh\u00f6rige Ausstellerfl\u00e4che in diesem Jahr von uns, der RIVEMaroc.<\/p>\n<p>Wenn wir Dein Interesse geweckt haben, freuen wir uns, Dein Ansprechpartner zu sein \u2013<\/p>\n<p>und Dich im Zeitraum vom <b>10. bis 12. Juli <\/b>auf dem <b>Messegel\u00e4nde Friedrichshafen<\/b> im Rahmen der Adventure Southside begr\u00fc\u00dfen zu d\u00fcrfen.<\/p>\n<p><img loading=\"lazy\" decoding=\"async\" class=\"alignnone size-medium wp-image-8867 aligncenter\" src=\"https:\/\/rivemaroc.com\/wp-content\/uploads\/2026\/03\/IMG_0836-288x300.jpeg\" alt=\"\" width=\"288\" height=\"300\" srcset=\"https:\/\/rivemaroc.com\/wp-content\/uploads\/2026\/03\/IMG_0836-288x300.jpeg 288w, https:\/\/rivemaroc.com\/wp-content\/uploads\/2026\/03\/IMG_0836-983x1024.jpeg 983w, https:\/\/rivemaroc.com\/wp-content\/uploads\/2026\/03\/IMG_0836-768x800.jpeg 768w, https:\/\/rivemaroc.com\/wp-content\/uploads\/2026\/03\/IMG_0836.jpeg 1063w\" sizes=\"auto, (max-width: 288px) 100vw, 288px\" \/><\/p>\n\n\t\t<\/div>\n\t<\/div>\n<div class=\"w-separator type_default size_medium thick_3 style_solid color_border cont_none\"><span class=\"w-separator-h\"><\/span><\/div><\/div><\/div><\/div><\/div><\/div><\/section><div class=\"l-section-gap\"><\/div><section class=\"l-section wpb_row height_large\"><div class=\"l-section-h i-cf\"><div class=\"g-cols type_default valign_top\"><div class=\"vc_col-sm-12 wpb_column vc_column_container\"><div class=\"vc_column-inner\"><div class=\"wpb_wrapper\">\n\t<div class=\"wpb_text_column \">\n\t\t<div class=\"wpb_wrapper\">\n\t\t\t<h4 style=\"text-align: center;\"><strong>DAS PROGRAMM\u00a0<\/strong><\/h4>\n<h4 style=\"text-align: center;\"><strong>&#8211; DEIN MESSEBEGLEITER &#8211;\u00a0<\/strong><\/h4>\n<p>&nbsp;<\/p>\n<p>Bei dem vielf\u00e4ltigen Programmangebot der Adventure Southside gilt es nicht den \u00dcberblick zu verlieren. Durch den folgenden Messebegleiter wirst Du immer wieder auf dem Laufenden gehalten.<\/p>\n<p>Schau doch gerne mal rein und erfahre welche Aussteller und Referenten sich bereits angemeldet haben.<\/p>\n<p><a href=\"https:\/\/agenda.adventuresouthside.com\/\">Link Messebegleiter\u00a0<\/a><\/p>\n\n\t\t<\/div>\n\t<\/div>\n<\/div><\/div><\/div><\/div><\/div><\/section><section class=\"l-section wpb_row height_large\"><div class=\"l-section-h i-cf\"><div class=\"g-cols type_default valign_top\"><div class=\"vc_col-sm-12 wpb_column vc_column_container\"><div class=\"vc_column-inner\"><div class=\"wpb_wrapper\"><div class=\"w-image align_center\"><div class=\"w-image-h\"><img loading=\"lazy\" decoding=\"async\" width=\"293\" height=\"300\" src=\"https:\/\/rivemaroc.com\/wp-content\/uploads\/2026\/03\/IMG_0861-293x300.jpeg\" class=\"attachment-medium size-medium\" alt=\"\" srcset=\"https:\/\/rivemaroc.com\/wp-content\/uploads\/2026\/03\/IMG_0861-293x300.jpeg 293w, https:\/\/rivemaroc.com\/wp-content\/uploads\/2026\/03\/IMG_0861-1001x1024.jpeg 1001w, https:\/\/rivemaroc.com\/wp-content\/uploads\/2026\/03\/IMG_0861-768x786.jpeg 768w, https:\/\/rivemaroc.com\/wp-content\/uploads\/2026\/03\/IMG_0861.jpeg 1125w\" sizes=\"auto, (max-width: 293px) 100vw, 293px\" \/><\/div><\/div><div class=\"w-separator type_default size_medium thick_3 style_solid color_border cont_none\"><span class=\"w-separator-h\"><\/span><\/div><\/div><\/div><\/div><\/div><\/div><\/section><section class=\"l-section wpb_row height_large\"><div class=\"l-section-h i-cf\"><div class=\"g-cols type_default valign_top\"><div class=\"vc_col-sm-12 wpb_column vc_column_container\"><div class=\"vc_column-inner\"><div class=\"wpb_wrapper\">\n\t<div class=\"wpb_text_column \">\n\t\t<div class=\"wpb_wrapper\">\n\t\t\t<h6 style=\"text-align: center;\"><strong>INFORMATIONEN VORAB<\/strong><\/h6>\n<p>\u2022 Podcast E-Movotion: <a href=\"https:\/\/e-movotion.podigee.io\/108-neue-episode\" target=\"_blank\" rel=\"noopener\">Umbau eines Lieferwagens zu einen Camperwagen <\/a>(24.03.2026)<\/p>\n\n\t\t<\/div>\n\t<\/div>\n<\/div><\/div><\/div><\/div><\/div><\/section>\n","protected":false},"excerpt":{"rendered":"[vc_custom_heading text=\"Adventure Southside\" font_container=\"tag:h2|font_size:48|text_align:center|color:%23ffffff\" use_theme_fonts=\"yes\"] Abenteuer trifft Elektromobilit\u00e4t Zum zweiten Mal finden elektrisch Reisende auf der Adventure Southside\u00a0ihr ganz eigenes Zuhause: das E-Mobility Camp \u2013 der Treffpunkt f\u00fcr alle, die nachhaltig unterwegs sind und Abenteuer neu denken. Nach der erfolgreichen Premiere des eCamps im Jahr 2025 w\u00e4chst das Format in seiner zweiten Edition deutlich weiter...","protected":false},"author":2,"featured_media":0,"parent":0,"menu_order":0,"comment_status":"closed","ping_status":"closed","template":"","meta":{"om_disable_all_campaigns":false,"_monsterinsights_skip_tracking":false,"_monsterinsights_sitenote_active":false,"_monsterinsights_sitenote_note":"","_monsterinsights_sitenote_category":0,"footnotes":""},"class_list":["post-8827","page","type-page","status-publish","hentry"],"aioseo_notices":[],"_links":{"self":[{"href":"https:\/\/rivemaroc.com\/de\/wp-json\/wp\/v2\/pages\/8827","targetHints":{"allow":["GET"]}}],"collection":[{"href":"https:\/\/rivemaroc.com\/de\/wp-json\/wp\/v2\/pages"}],"about":[{"href":"https:\/\/rivemaroc.com\/de\/wp-json\/wp\/v2\/types\/page"}],"author":[{"embeddable":true,"href":"https:\/\/rivemaroc.com\/de\/wp-json\/wp\/v2\/users\/2"}],"replies":[{"embeddable":true,"href":"https:\/\/rivemaroc.com\/de\/wp-json\/wp\/v2\/comments?post=8827"}],"version-history":[{"count":25,"href":"https:\/\/rivemaroc.com\/de\/wp-json\/wp\/v2\/pages\/8827\/revisions"}],"predecessor-version":[{"id":9089,"href":"https:\/\/rivemaroc.com\/de\/wp-json\/wp\/v2\/pages\/8827\/revisions\/9089"}],"wp:attachment":[{"href":"https:\/\/rivemaroc.com\/de\/wp-json\/wp\/v2\/media?parent=8827"}],"curies":[{"name":"wp","href":"https:\/\/api.w.org\/{rel}","templated":true}]}}