{"id":8830,"date":"2026-03-01T18:58:52","date_gmt":"2026-03-01T17:58:52","guid":{"rendered":"https:\/\/rivemaroc.com\/?page_id=8830\/"},"modified":"2026-04-17T15:13:12","modified_gmt":"2026-04-17T13:13:12","slug":"vortrage-adventure-southside","status":"publish","type":"page","link":"https:\/\/rivemaroc.com\/de\/vortrage-adventure-southside\/","title":{"rendered":"VORTR\u00c4GE ADVENTURE SOUTHSIDE"},"content":{"rendered":"<section class=\"l-section wpb_row height_large\"><div class=\"l-section-h i-cf\"><div class=\"g-cols type_default valign_top\"><div class=\"vc_col-sm-12 wpb_column vc_column_container\"><div class=\"vc_column-inner\"><div class=\"wpb_wrapper\">\n\t<div class=\"wpb_text_column \">\n\t\t<div class=\"wpb_wrapper\">\n\t\t\t<h3 style=\"text-align: center;\">Vortr\u00e4ge von elektrisch Reisenden &amp; eCampern<\/h3>\n<p> <img loading=\"lazy\" decoding=\"async\" class=\"size-medium wp-image-9294 aligncenter\" src=\"https:\/\/rivemaroc.com\/wp-content\/uploads\/2026\/04\/IMG_0927-200x300.jpeg\" alt=\"\" width=\"200\" height=\"300\" srcset=\"https:\/\/rivemaroc.com\/wp-content\/uploads\/2026\/04\/IMG_0927-200x300.jpeg 200w, https:\/\/rivemaroc.com\/wp-content\/uploads\/2026\/04\/IMG_0927-682x1024.jpeg 682w, https:\/\/rivemaroc.com\/wp-content\/uploads\/2026\/04\/IMG_0927-768x1154.jpeg 768w, https:\/\/rivemaroc.com\/wp-content\/uploads\/2026\/04\/IMG_0927.jpeg 898w\" sizes=\"auto, (max-width: 200px) 100vw, 200px\" \/><\/p>\n\n\t\t<\/div>\n\t<\/div>\n<div class=\"w-separator type_short size_medium thick_3 style_solid color_border cont_none\"><span class=\"w-separator-h\"><\/span><\/div><\/div><\/div><\/div><\/div><\/div><\/section><section class=\"l-section wpb_row height_large\"><div class=\"l-section-h i-cf\"><div class=\"g-cols type_default valign_top\"><div class=\"vc_col-sm-12 wpb_column vc_column_container\"><div class=\"vc_column-inner\"><div class=\"wpb_wrapper\">\n\t<div class=\"wpb_text_column \">\n\t\t<div class=\"wpb_wrapper\">\n\t\t\t<h4 style=\"text-align: center;\"><b>Mit elektrischen Microcars (L7e) bis in die W\u00fcste <\/b><\/h4>\n<h4 style=\"text-align: center;\">&#8211; Mit Microlinos an der RIVE Maroc \u00a02025 &#8211;<\/h4>\n<p style=\"text-align: center;\">Speaker: <a href=\"https:\/\/youtu.be\/qUwif_fuCYo\">Martin M\u00fchlberg<\/a> &amp; Wolfgang Jenne<\/p>\n<p style=\"text-align: center;\"><img loading=\"lazy\" decoding=\"async\" class=\"alignnone size-medium wp-image-9213\" src=\"https:\/\/rivemaroc.com\/wp-content\/uploads\/2026\/04\/IMG_0915-199x300.jpeg\" alt=\"\" width=\"199\" height=\"300\" srcset=\"https:\/\/rivemaroc.com\/wp-content\/uploads\/2026\/04\/IMG_0915-199x300.jpeg 199w, https:\/\/rivemaroc.com\/wp-content\/uploads\/2026\/04\/IMG_0915-678x1024.jpeg 678w, https:\/\/rivemaroc.com\/wp-content\/uploads\/2026\/04\/IMG_0915-768x1159.jpeg 768w, https:\/\/rivemaroc.com\/wp-content\/uploads\/2026\/04\/IMG_0915.jpeg 850w\" sizes=\"auto, (max-width: 199px) 100vw, 199px\" \/><\/p>\n<p style=\"text-align: center;\">Endloser Sand und mitten darin zwei Microlinos aus der Schweiz respektive Liechtenstein.<\/p>\n<p class=\"p1\" style=\"text-align: center;\">Im Herbst 2025 haben wir die Strecke bis in die Sahara mit unseren zwei als reine Kurzstreckenfahrzeuge konzipierten Microlinos absolviert.<\/p>\n<p class=\"p1\">Wir berichten wie man mit lediglich 10 respektive 15kWh diese Strecke bew\u00e4ltigen kann und was f\u00fcr Vorbereitungen dazu notwendig und was f\u00fcr Herausforderungen zu bew\u00e4ltigen waren.<\/p>\n\n\t\t<\/div>\n\t<\/div>\n<div class=\"w-separator type_short size_medium thick_3 style_solid color_border cont_none\"><span class=\"w-separator-h\"><\/span><\/div><\/div><\/div><\/div><\/div><\/div><\/section><section class=\"l-section wpb_row height_large\"><div class=\"l-section-h i-cf\"><div class=\"g-cols type_default valign_top\"><div class=\"vc_col-sm-12 wpb_column vc_column_container\"><div class=\"vc_column-inner\"><div class=\"wpb_wrapper\">\n\t<div class=\"wpb_text_column \">\n\t\t<div class=\"wpb_wrapper\">\n\t\t\t<h4 class=\"p1\" style=\"text-align: center;\"><strong>Leben im eCamper<\/strong><\/h4>\n<h4 class=\"p1\" style=\"text-align: center;\">&#8211; Liebe, Lars und Ladekabel &#8211;<\/h4>\n<p style=\"text-align: center;\">Speaker: B\u00e4rbel &amp; Christian Miessner (<a href=\"https:\/\/www.instagram.com\/yogamour.de?\">Yogamour<\/a>)<\/p>\n<p class=\"p1\" style=\"text-align: center;\"><img loading=\"lazy\" decoding=\"async\" class=\"alignnone size-medium wp-image-9215\" src=\"https:\/\/rivemaroc.com\/wp-content\/uploads\/2026\/04\/IMG_0914-203x300.jpeg\" alt=\"\" width=\"203\" height=\"300\" srcset=\"https:\/\/rivemaroc.com\/wp-content\/uploads\/2026\/04\/IMG_0914-203x300.jpeg 203w, https:\/\/rivemaroc.com\/wp-content\/uploads\/2026\/04\/IMG_0914-692x1024.jpeg 692w, https:\/\/rivemaroc.com\/wp-content\/uploads\/2026\/04\/IMG_0914-768x1137.jpeg 768w, https:\/\/rivemaroc.com\/wp-content\/uploads\/2026\/04\/IMG_0914.jpeg 908w\" sizes=\"auto, (max-width: 203px) 100vw, 203px\" \/><\/p>\n<p style=\"text-align: center;\">28 Jahre Camping, 2 Kinder, 1 selbstgebauter Elektro-Van &#8211; und irgendwann keine Wohnung mehr. B\u00e4rbel und Christian sind seit 35 Jahren verheiratet und wissen seit 28 Jahren, dass ein Van mehr Zuhause sein kann als jede Wohnung &#8211; zumindest f\u00fcr ein paar Wochen. Mit Kindern. Ohne Kinder. Im Regen. Am Atlantik. Meistens mit Humor.<\/p>\n<p class=\"p1\" style=\"text-align: center;\">Vor 3,5 Jahren haben sie die M\u00fcnchner Wohnung gek\u00fcndigt und den letzten Schritt gewagt: kein R\u00fcckfahrticket, kein Plan B, daf\u00fcr ein selbst umgebauter Elektro-Van namens Lars.<\/p>\n<p class=\"p1\" style=\"text-align: center;\">In diesem Vortrag erz\u00e4hlen die beiden die ehrliche Geschichte dahinter &#8211; inklusive der leeren Batterie im Allg\u00e4u eine Woche nach dem Start, 6 Quadratmeter B\u00fcro, Schlafzimmer und Ehe gleichzeitig, und der Frage, die sich irgendwann jeder stellt: Was braucht man eigentlich wirklich?<\/p>\n<p class=\"p1\" style=\"text-align: center;\">Kein Hochglanz-Vanlife. Keine Oko-Predigt. Zwei Menschen, ein Van &#8211; und 35 Jahre \u00dcbung im Kompromisse finden.<\/p>\n\n\t\t<\/div>\n\t<\/div>\n<div class=\"w-separator type_short size_medium thick_3 style_solid color_border cont_none\"><span class=\"w-separator-h\"><\/span><\/div><\/div><\/div><\/div><\/div><\/div><\/section><section class=\"l-section wpb_row height_large\"><div class=\"l-section-h i-cf\"><div class=\"g-cols type_default valign_top\"><div class=\"vc_col-sm-12 wpb_column vc_column_container\"><div class=\"vc_column-inner\"><div class=\"wpb_wrapper\">\n\t<div class=\"wpb_text_column \">\n\t\t<div class=\"wpb_wrapper\">\n\t\t\t<h4 class=\"p1\" dir=\"ltr\" style=\"text-align: center;\"><b>eCamping von Marokko bis nach Gambia<\/b><\/h4>\n<p class=\"p1\" style=\"text-align: center;\">Speaker: Silvia (<a href=\"https:\/\/didiontour.com\/\">RIVE Maroc<\/a>)<\/p>\n<p class=\"p1\" style=\"text-align: center;\"><img loading=\"lazy\" decoding=\"async\" class=\"size-medium wp-image-8970 aligncenter\" src=\"https:\/\/rivemaroc.com\/wp-content\/uploads\/2026\/03\/IMG_0857-300x300.jpeg\" alt=\"\" width=\"300\" height=\"300\" srcset=\"https:\/\/rivemaroc.com\/wp-content\/uploads\/2026\/03\/IMG_0857-300x300.jpeg 300w, https:\/\/rivemaroc.com\/wp-content\/uploads\/2026\/03\/IMG_0857-1024x1024.jpeg 1024w, https:\/\/rivemaroc.com\/wp-content\/uploads\/2026\/03\/IMG_0857-150x150.jpeg 150w, https:\/\/rivemaroc.com\/wp-content\/uploads\/2026\/03\/IMG_0857-768x768.jpeg 768w, https:\/\/rivemaroc.com\/wp-content\/uploads\/2026\/03\/IMG_0857-1536x1536.jpeg 1536w, https:\/\/rivemaroc.com\/wp-content\/uploads\/2026\/03\/IMG_0857-600x600.jpeg 600w, https:\/\/rivemaroc.com\/wp-content\/uploads\/2026\/03\/IMG_0857-350x350.jpeg 350w, https:\/\/rivemaroc.com\/wp-content\/uploads\/2026\/03\/IMG_0857.jpeg 1720w\" sizes=\"auto, (max-width: 300px) 100vw, 300px\" \/><br \/>\nMit dem Elektroauto nach Marokko?<\/p>\n<p class=\"p1\" style=\"text-align: center;\">Dank der gut ausgebauten Ladeinfrastruktur in Europa ist das heute kaum noch ein Abenteuer. Auch in Marokko \u2013 zumindest entlang der gro\u00dfen Verkehrsachsen und in den St\u00e4dten \u2013 ist elektrisches Reisen inzwischen m\u00f6glich.<\/p>\n<p class=\"p1\" style=\"text-align: center;\">Doch immer mehr eCamper zieht es meist dorthin, wo das Netz d\u00fcnn wird: in abgelegene Landschaften, kleine D\u00f6rfer und Regionen fernab der Hauptrouten. Genau dort beginnt die eigentliche Herausforderung.<\/p>\n<p class=\"p1\" style=\"text-align: center;\">Mit etwas Zeit, Geduld und Kreativit\u00e4t lassen sich auch lange Strecken elektrisch bew\u00e4ltigen \u2013 sogar bis nach Senegal.<\/p>\n<p class=\"p1\" style=\"text-align: center;\">Dieser Vortrag erz\u00e4hlt von Erfahrungen aus\u00a0<b>15 Jahren eCamping in Marokko<\/b>\u00a0sowie\u00a0<b>zwei Jahren eCamping in Mauretanien und Senegal<\/b>\u00a0\u2013 mit praktischen Einblicken, \u00fcberraschenden Begegnungen und vielen Geschichten aus dem Alltag des elektrischen Reisens in Westafrika.<\/p>\n<p class=\"p1\" style=\"text-align: center;\"><b>INFO REFERENTIN<\/b><\/p>\n<p class=\"p1\" style=\"text-align: center;\">Silvia Brutschin ist Geographin, Reisende und ePionierin seit 2011. Nach zahlreichen Expeditionen auf fast allen Kontinenten hat sie ihre Leidenschaft f\u00fcr Abenteuer mit nachhaltiger Mobilit\u00e4t verbunden.<\/p>\n<p class=\"p1\">Seit \u00fcber 15 Jahren ist sie gemeinsam mit mehreren Hunden zwischen Europa und Afrika unterwegs. Seit fast einem Jahrzehnt treibt sie den Aufbau von Ladeinfrastruktur in abgelegenen Regionen Marokkos voran \u2013 inzwischen auch in Mauretanien und Senegal \u2013 und gilt zudem als Pionierin f\u00fcr eRallyes in Marokko und neuerdings sogar bis nach Dakar.<\/p>\n<p class=\"p1\" style=\"text-align: center;\">Begonnen hat ihre elektrische Reise 2011 mit einem kleinen zweisitzigen Elektrofahrzeug. Heute f\u00e4hrt sie einen elektrischen Van und zeigt, dass elektrisches Reisen auch \u00fcber Kontinente hinweg m\u00f6glich ist.<\/p>\n\n\t\t<\/div>\n\t<\/div>\n<div class=\"w-separator type_short size_medium thick_3 style_solid color_border cont_none\"><span class=\"w-separator-h\"><\/span><\/div><\/div><\/div><\/div><\/div><\/div><\/section><section class=\"l-section wpb_row height_large\"><div class=\"l-section-h i-cf\"><div class=\"g-cols type_default valign_top\"><div class=\"vc_col-sm-12 wpb_column vc_column_container\"><div class=\"vc_column-inner\"><div class=\"wpb_wrapper\">\n\t<div class=\"wpb_text_column \">\n\t\t<div class=\"wpb_wrapper\">\n\t\t\t<h4 class=\"p1\" dir=\"ltr\" style=\"text-align: center;\"><b>Elektro-Pickup + Camper: Geht das wirklich?\u00a0<\/b><\/h4>\n<h4 style=\"text-align: center;\">&#8211; Alltag, Autarkie und Langstrecke im Praxistest &#8211;<\/h4>\n<p class=\"p1\" style=\"text-align: center;\">Speaker: Michael Margiciok (<a href=\"https:\/\/www.instagram.com\/michis_hasenbau?\">Hasenbau<\/a>)<\/p>\n<p class=\"p1\" style=\"text-align: center;\"><img loading=\"lazy\" decoding=\"async\" class=\"size-medium wp-image-9003 aligncenter\" src=\"https:\/\/rivemaroc.com\/wp-content\/uploads\/2026\/03\/IMG_0860-300x300.jpeg\" alt=\"\" width=\"300\" height=\"300\" srcset=\"https:\/\/rivemaroc.com\/wp-content\/uploads\/2026\/03\/IMG_0860-300x300.jpeg 300w, https:\/\/rivemaroc.com\/wp-content\/uploads\/2026\/03\/IMG_0860-1024x1024.jpeg 1024w, https:\/\/rivemaroc.com\/wp-content\/uploads\/2026\/03\/IMG_0860-150x150.jpeg 150w, https:\/\/rivemaroc.com\/wp-content\/uploads\/2026\/03\/IMG_0860-768x768.jpeg 768w, https:\/\/rivemaroc.com\/wp-content\/uploads\/2026\/03\/IMG_0860-1536x1536.jpeg 1536w, https:\/\/rivemaroc.com\/wp-content\/uploads\/2026\/03\/IMG_0860-600x600.jpeg 600w, https:\/\/rivemaroc.com\/wp-content\/uploads\/2026\/03\/IMG_0860-350x350.jpeg 350w, https:\/\/rivemaroc.com\/wp-content\/uploads\/2026\/03\/IMG_0860.jpeg 1600w\" sizes=\"auto, (max-width: 300px) 100vw, 300px\" \/><\/p>\n<div style=\"text-align: center;\">Elektromobilit\u00e4t trifft auf Camping \u2013 aber funktioniert das wirklich im Alltag?<\/div>\n<div dir=\"ltr\" style=\"text-align: center;\"><\/div>\n<div style=\"text-align: center;\">In diesem Vortrag zeigt Michael Margiciok anhand seines eigenen Projekts \u201eHasenbau\u201c, wie sich ein elektrischer Pickup mit Wohnkabine im echten Einsatz schl\u00e4gt. Von Langstreckenfahrten \u00fcber autarkes Arbeiten bis hin zum Leben unterwegs werden reale Erfahrungen, Herausforderungen und L\u00f6sungen transparent aufgezeigt.<\/div>\n<div><\/div>\n<div>\n<hr \/>\n<\/div>\n<div dir=\"ltr\" style=\"text-align: center;\"><\/div>\n<div style=\"text-align: center;\"><strong>Themen sind unter anderem:<\/strong><\/div>\n<div><\/div>\n<div><\/div>\n<div><\/div>\n<p style=\"text-align: center;\">\u2002Reichweite und Ladeinfrastruktur auf Reisen<\/p>\n<p style=\"text-align: center;\">\u00a0 \u00a0Energieversorgung und Autarkie im Camper<\/p>\n<p style=\"text-align: center;\">Alltagstauglichkeit eines Elektro-Pickups<\/p>\n<p style=\"text-align: center;\">\u00a0 \u00a0 \u00a0 \u00a0 \u00a0 Unterschiede zum klassischen Verbrenner-Setup<\/p>\n<div dir=\"ltr\" style=\"text-align: center;\"><\/div>\n<div style=\"text-align: center;\">Der Fokus liegt dabei nicht auf Theorie, sondern auf echten Praxiserfahrungen \u2013 ehrlich, direkt und ohne Sch\u00f6nreden.<\/div>\n<div dir=\"ltr\" style=\"text-align: center;\"><\/div>\n<div style=\"text-align: center;\">\n<hr \/>\n<\/div>\n<div dir=\"ltr\" style=\"text-align: center;\"><\/div>\n<div style=\"text-align: center;\"><strong>INFO REFERENT<\/strong><\/div>\n<div dir=\"ltr\" style=\"text-align: center;\"><\/div>\n<div style=\"text-align: center;\">Michael Margiciok ist Content Creator und Projektleiter in der Solarbranche. Unter dem Namen \u201eMichis Hasenbau\u201c dokumentiert er den Umbau und die Nutzung eines elektrischen Pickups mit Wohnkabine.<\/div>\n<div dir=\"ltr\" style=\"text-align: center;\"><\/div>\n<div style=\"text-align: center;\">Sein Fokus liegt auf autarkem Reisen, nachhaltiger Energieversorgung und praxisnahen L\u00f6sungen f\u00fcr den mobilen Alltag. Mit seinen Inhalten erreicht er regelm\u00e4\u00dfig mehrere hunderttausend Menschen und verbindet technische Themen mit realen Erfahrungen aus dem Alltag.<\/div>\n\n\t\t<\/div>\n\t<\/div>\n<\/div><\/div><\/div><\/div><\/div><\/section><section class=\"l-section wpb_row height_large\"><div class=\"l-section-h i-cf\"><div class=\"g-cols type_default valign_top\"><div class=\"vc_col-sm-12 wpb_column vc_column_container\"><div class=\"vc_column-inner\"><div class=\"wpb_wrapper\"><div class=\"w-separator type_short size_medium thick_3 style_solid color_border cont_none\"><span class=\"w-separator-h\"><\/span><\/div><\/div><\/div><\/div><\/div><\/div><\/section><section class=\"l-section wpb_row height_large\"><div class=\"l-section-h i-cf\"><div class=\"g-cols type_default valign_top\"><div class=\"vc_col-sm-12 wpb_column vc_column_container\"><div class=\"vc_column-inner\"><div class=\"wpb_wrapper\">\n\t<div class=\"wpb_text_column \">\n\t\t<div class=\"wpb_wrapper\">\n\t\t\t<h4 style=\"text-align: center;\"><strong>REISEN MIT EINEM SOLAREN eCAMPER<\/strong><\/h4>\n<p style=\"text-align: center;\">SPEAKER: Curdin W\u00fcthrich, Gr\u00fcnder Energie Ingenieur und <a href=\"https:\/\/soleva.org\/en\">Soleva <\/a><\/p>\n<p style=\"text-align: center;\"><a href=\"https:\/\/soleva.org\/en\"><img loading=\"lazy\" decoding=\"async\" class=\"size-medium wp-image-9277 aligncenter\" src=\"https:\/\/rivemaroc.com\/wp-content\/uploads\/2026\/04\/IMG_0920-300x159.jpeg\" alt=\"\" width=\"300\" height=\"159\" srcset=\"https:\/\/rivemaroc.com\/wp-content\/uploads\/2026\/04\/IMG_0920-300x159.jpeg 300w, https:\/\/rivemaroc.com\/wp-content\/uploads\/2026\/04\/IMG_0920-1024x543.jpeg 1024w, https:\/\/rivemaroc.com\/wp-content\/uploads\/2026\/04\/IMG_0920-768x407.jpeg 768w, https:\/\/rivemaroc.com\/wp-content\/uploads\/2026\/04\/IMG_0920.jpeg 1280w\" sizes=\"auto, (max-width: 300px) 100vw, 300px\" \/><br \/>\n<\/a><\/p>\n\n\t\t<\/div>\n\t<\/div>\n<\/div><\/div><\/div><\/div><\/div><\/section>\n<!-- \/wp:post-content -->","protected":false},"excerpt":{"rendered":"Vortr\u00e4ge von elektrisch Reisenden &amp; eCampern Mit elektrischen Microcars (L7e) bis in die W\u00fcste - Mit Microlinos an der RIVE Maroc \u00a02025 - Speaker: Martin M\u00fchlberg &amp; Wolfgang Jenne Endloser Sand und mitten darin zwei Microlinos aus der Schweiz respektive Liechtenstein. Im Herbst 2025 haben wir die Strecke bis in die Sahara mit unseren zwei...","protected":false},"author":2,"featured_media":0,"parent":0,"menu_order":0,"comment_status":"closed","ping_status":"closed","template":"","meta":{"om_disable_all_campaigns":false,"_monsterinsights_skip_tracking":false,"_monsterinsights_sitenote_active":false,"_monsterinsights_sitenote_note":"","_monsterinsights_sitenote_category":0,"footnotes":""},"class_list":["post-8830","page","type-page","status-publish","hentry"],"aioseo_notices":[],"_links":{"self":[{"href":"https:\/\/rivemaroc.com\/de\/wp-json\/wp\/v2\/pages\/8830","targetHints":{"allow":["GET"]}}],"collection":[{"href":"https:\/\/rivemaroc.com\/de\/wp-json\/wp\/v2\/pages"}],"about":[{"href":"https:\/\/rivemaroc.com\/de\/wp-json\/wp\/v2\/types\/page"}],"author":[{"embeddable":true,"href":"https:\/\/rivemaroc.com\/de\/wp-json\/wp\/v2\/users\/2"}],"replies":[{"embeddable":true,"href":"https:\/\/rivemaroc.com\/de\/wp-json\/wp\/v2\/comments?post=8830"}],"version-history":[{"count":18,"href":"https:\/\/rivemaroc.com\/de\/wp-json\/wp\/v2\/pages\/8830\/revisions"}],"predecessor-version":[{"id":9295,"href":"https:\/\/rivemaroc.com\/de\/wp-json\/wp\/v2\/pages\/8830\/revisions\/9295"}],"wp:attachment":[{"href":"https:\/\/rivemaroc.com\/de\/wp-json\/wp\/v2\/media?parent=8830"}],"curies":[{"name":"wp","href":"https:\/\/api.w.org\/{rel}","templated":true}]}}