{"id":8925,"date":"2026-03-17T14:34:30","date_gmt":"2026-03-17T13:34:30","guid":{"rendered":"https:\/\/rivemaroc.com\/?page_id=8925\/"},"modified":"2026-04-15T15:29:37","modified_gmt":"2026-04-15T13:29:37","slug":"energietage-freigericht-2","status":"publish","type":"page","link":"https:\/\/rivemaroc.com\/de\/energietage-freigericht-2\/","title":{"rendered":"ENERGIETAGE FREIGERICHT"},"content":{"rendered":"<section class=\"l-section wpb_row height_large\"><div class=\"l-section-h i-cf\"><div class=\"g-cols type_default valign_top\"><div class=\"vc_col-sm-12 wpb_column vc_column_container\"><div class=\"vc_column-inner\"><div class=\"wpb_wrapper\"><\/div><\/div><\/div><\/div><\/div><\/section><section class=\"l-section wpb_row height_large\"><div class=\"l-section-h i-cf\"><div class=\"g-cols type_default valign_top\"><div class=\"vc_col-sm-12 wpb_column vc_column_container\"><div class=\"vc_column-inner\"><div class=\"wpb_wrapper\"><div class=\"w-image align_center\"><div class=\"w-image-h\"><img loading=\"lazy\" decoding=\"async\" width=\"300\" height=\"300\" src=\"https:\/\/rivemaroc.com\/wp-content\/uploads\/2026\/04\/IMG_0919-300x300.png\" class=\"attachment-medium size-medium\" alt=\"\" srcset=\"https:\/\/rivemaroc.com\/wp-content\/uploads\/2026\/04\/IMG_0919-300x300.png 300w, https:\/\/rivemaroc.com\/wp-content\/uploads\/2026\/04\/IMG_0919-150x150.png 150w, https:\/\/rivemaroc.com\/wp-content\/uploads\/2026\/04\/IMG_0919-768x771.png 768w, https:\/\/rivemaroc.com\/wp-content\/uploads\/2026\/04\/IMG_0919-600x600.png 600w, https:\/\/rivemaroc.com\/wp-content\/uploads\/2026\/04\/IMG_0919-350x350.png 350w, https:\/\/rivemaroc.com\/wp-content\/uploads\/2026\/04\/IMG_0919.png 939w\" sizes=\"auto, (max-width: 300px) 100vw, 300px\" \/><\/div><\/div><\/div><\/div><\/div><\/div><\/div><\/section><section class=\"l-section wpb_row height_large\"><div class=\"l-section-h i-cf\"><div class=\"g-cols type_default valign_top\"><div class=\"vc_col-sm-12 wpb_column vc_column_container\"><div class=\"vc_column-inner\"><div class=\"wpb_wrapper\">\n\t<div class=\"wpb_text_column \">\n\t\t<div class=\"wpb_wrapper\">\n\t\t\t<h6><strong>Vortrag bei den 4. Freigerichter Energietagen<\/strong><\/h6>\n<p>Unser Partner, ESF (<a href=\"https:\/\/www.energie-stammtisch-freigericht.de\/nachrichtenliste\/nachrichten-einzelanzeige-1?\">Energiestammtisch Freigericht<\/a>), l\u00e4dt in diesem Jahr zu den <strong>4. Freigerichter Energietagen<\/strong> ein. Diese Einladung unterst\u00fctzen wir sehr gerne mit einem spannenden <strong>Vortrag<\/strong> \u00fcber unsere erste erfolgreich durchgef\u00fchrte <strong>RIVE2Dakar<\/strong>.<\/p>\n<p>Bereits im Sommer 2025 durften wir in Freigericht in gem\u00fctlicher Runde von unserer ersten Erkundungsfahrt nach Dakar berichten. Die Reise fand im Fr\u00fchjahr 2025 statt und wurde dabei ausschlie\u00dflich mit Solarenergie realisiert \u2013 ein Meilenstein f\u00fcr nachhaltige Langstrecken-Mobilit\u00e4t.<\/p>\n<p>Auch in diesem Jahr freuen wir uns darauf, unsere Erfahrungen, Herausforderungen und besonderen Momente dieser au\u00dfergew\u00f6hnlichen Reise zu teilen und gemeinsam \u00fcber die Zukunft nachhaltiger Mobilit\u00e4t zu diskutieren.<\/p>\n<p>&nbsp;<\/p>\n<p><img loading=\"lazy\" decoding=\"async\" class=\"size-medium wp-image-9290 aligncenter\" src=\"https:\/\/rivemaroc.com\/wp-content\/uploads\/2026\/04\/IMG_0923-300x225.jpeg\" alt=\"\" width=\"300\" height=\"225\" srcset=\"https:\/\/rivemaroc.com\/wp-content\/uploads\/2026\/04\/IMG_0923-300x225.jpeg 300w, https:\/\/rivemaroc.com\/wp-content\/uploads\/2026\/04\/IMG_0923-1024x768.jpeg 1024w, https:\/\/rivemaroc.com\/wp-content\/uploads\/2026\/04\/IMG_0923-768x576.jpeg 768w, https:\/\/rivemaroc.com\/wp-content\/uploads\/2026\/04\/IMG_0923-1536x1152.jpeg 1536w, https:\/\/rivemaroc.com\/wp-content\/uploads\/2026\/04\/IMG_0923-2048x1536.jpeg 2048w\" sizes=\"auto, (max-width: 300px) 100vw, 300px\" \/><\/p>\n<p>&nbsp;<\/p>\n\n\t\t<\/div>\n\t<\/div>\n<\/div><\/div><\/div><\/div><\/div><\/section><section class=\"l-section wpb_row height_large\"><div class=\"l-section-h i-cf\"><div class=\"g-cols type_default valign_top\"><div class=\"vc_col-sm-12 wpb_column vc_column_container\"><div class=\"vc_column-inner\"><div class=\"wpb_wrapper\">\n\t<div class=\"wpb_text_column \">\n\t\t<div class=\"wpb_wrapper\">\n\t\t\t<h6><strong>eCAMP Energietage Freigericht<\/strong><\/h6>\n\n\t\t<\/div>\n\t<\/div>\n<\/div><\/div><\/div><\/div><\/div><\/section><section class=\"l-section wpb_row height_large\"><div class=\"l-section-h i-cf\"><div class=\"g-cols type_default valign_top\"><div class=\"vc_col-sm-12 wpb_column vc_column_container\"><div class=\"vc_column-inner\"><div class=\"wpb_wrapper\">\n\t<div class=\"wpb_text_column \">\n\t\t<div class=\"wpb_wrapper\">\n\t\t\t<h6><strong>RIVE MAROC Community Treffen<\/strong><\/h6>\n\n\t\t<\/div>\n\t<\/div>\n\n\t<div class=\"wpb_text_column \">\n\t\t<div class=\"wpb_wrapper\">\n\t\t\t<h6><strong>RIVE MAROC \/ RIVE2Dakar Vorbereitungstreffen<\/strong><\/h6>\n\n\t\t<\/div>\n\t<\/div>\n<\/div><\/div><\/div><\/div><\/div><\/section>\n","protected":false},"excerpt":{"rendered":"Vortrag bei den 4. Freigerichter Energietagen Unser Partner, ESF (Energiestammtisch Freigericht), l\u00e4dt in diesem Jahr zu den 4. Freigerichter Energietagen ein. Diese Einladung unterst\u00fctzen wir sehr gerne mit einem spannenden Vortrag \u00fcber unsere erste erfolgreich durchgef\u00fchrte RIVE2Dakar. Bereits im Sommer 2025 durften wir in Freigericht in gem\u00fctlicher Runde von unserer ersten Erkundungsfahrt nach Dakar berichten....","protected":false},"author":2,"featured_media":0,"parent":0,"menu_order":0,"comment_status":"closed","ping_status":"closed","template":"","meta":{"om_disable_all_campaigns":false,"_monsterinsights_skip_tracking":false,"_monsterinsights_sitenote_active":false,"_monsterinsights_sitenote_note":"","_monsterinsights_sitenote_category":0,"footnotes":""},"class_list":["post-8925","page","type-page","status-publish","hentry"],"aioseo_notices":[],"_links":{"self":[{"href":"https:\/\/rivemaroc.com\/de\/wp-json\/wp\/v2\/pages\/8925","targetHints":{"allow":["GET"]}}],"collection":[{"href":"https:\/\/rivemaroc.com\/de\/wp-json\/wp\/v2\/pages"}],"about":[{"href":"https:\/\/rivemaroc.com\/de\/wp-json\/wp\/v2\/types\/page"}],"author":[{"embeddable":true,"href":"https:\/\/rivemaroc.com\/de\/wp-json\/wp\/v2\/users\/2"}],"replies":[{"embeddable":true,"href":"https:\/\/rivemaroc.com\/de\/wp-json\/wp\/v2\/comments?post=8925"}],"version-history":[{"count":2,"href":"https:\/\/rivemaroc.com\/de\/wp-json\/wp\/v2\/pages\/8925\/revisions"}],"predecessor-version":[{"id":9291,"href":"https:\/\/rivemaroc.com\/de\/wp-json\/wp\/v2\/pages\/8925\/revisions\/9291"}],"wp:attachment":[{"href":"https:\/\/rivemaroc.com\/de\/wp-json\/wp\/v2\/media?parent=8925"}],"curies":[{"name":"wp","href":"https:\/\/api.w.org\/{rel}","templated":true}]}}