{"id":9225,"date":"2026-04-02T16:17:21","date_gmt":"2026-04-02T14:17:21","guid":{"rendered":"https:\/\/rivemaroc.com\/?page_id=9225\/"},"modified":"2026-04-02T16:58:09","modified_gmt":"2026-04-02T14:58:09","slug":"team-sponsoren-2","status":"publish","type":"page","link":"https:\/\/rivemaroc.com\/de\/team-sponsoren-2\/","title":{"rendered":"TEAM SPONSOREN"},"content":{"rendered":"<section class=\"l-section wpb_row height_large with_img\"><div class=\"l-section-img\" style=\"background-image: url(https:\/\/rivemaroc.com\/wp-content\/uploads\/2026\/04\/IMG_0917.jpeg);background-size: contain;\" data-img-width=\"1080\" data-img-height=\"1350\"><\/div><div class=\"l-section-h i-cf\"><div class=\"g-cols type_default valign_top\"><div class=\"vc_col-sm-12 wpb_column vc_column_container\"><div class=\"vc_column-inner\"><div class=\"wpb_wrapper\">[vc_custom_heading text=&#8220;&#8220; font_container=&#8220;tag:h2|text_align:center&#8220;]<div id=\"ultimate-heading-746069e4a58cac1b4\" class=\"uvc-heading ult-adjust-bottom-margin ultimate-heading-746069e4a58cac1b4 uvc-576 \" data-hspacer=\"no_spacer\"  data-halign=\"center\" style=\"text-align:center\"><div class=\"uvc-heading-spacer no_spacer\" style=\"top\"><\/div><\/div><\/div><\/div><\/div><\/div><\/div><\/section><section class=\"l-section wpb_row height_large\"><div class=\"l-section-h i-cf\"><div class=\"g-cols type_default valign_top\"><div class=\"vc_col-sm-12 wpb_column vc_column_container\"><div class=\"vc_column-inner\"><div class=\"wpb_wrapper\">\n\t<div class=\"wpb_text_column \">\n\t\t<div class=\"wpb_wrapper\">\n\t\t\t<h6><strong>Team-Sponsoren sind willkommen!<\/strong><\/h6>\n<p>Eigene Sponsoren? Nicht nur erlaubt \u2013 sie sind ausdr\u00fccklich erw\u00fcnscht! Jeder Sponsor hilft uns, unser Projekt sichtbarer zu machen.<\/p>\n<p>Platziert werden k\u00f6nnen eigene Logos auf den hinteren T\u00fcren des Teams oder zus\u00e4tzlich professionell in das Teamvideo integrieren. Teamvideos sind nicht im RIVE Maroc Paket enthalten, bieten aber eine gro\u00dfartige M\u00f6glichkeit, individuell sichtbar zu werden.<\/p>\n<p>Sie wollen ein Teilnehmer &#8211; Team Sponsoren? Schauen Sie sich gerne unsere <a href=\"https:\/\/rivemaroc.com\/de\/teilnehmer-rive-maroc\/\">Teilnehmer<\/a> an und kontaktieren Sie uns. Wir stellen gerne den Kontakt zum jeweiligen Team her.<br \/>\n<strong style=\"font-size: 18px;\"><br \/>\nInstagram-Pr\u00e4senz f\u00fcr Team-Sponsoren<\/strong><\/p>\n<p>Wir unterst\u00fctzen die Instagram-Accounts der Teams mit dem offiziellen Format: rivemaroc_2026_[Teamname]. Ab dem Zeitpunkt der Anmeldung d\u00fcrfen hier selbstverst\u00e4ndlich auch eigene Sponsoren sichtbar gemacht werden \u2013 f\u00fcr maximale Sichtbarkeit direkt von Anfang an.<\/p>\n<h6><strong>Sponsoring der RIVE Maroc<\/strong><\/h6>\n<p>Auch interessierte Sponsoren der RIVE Maroc sind herzlich willkommen! F\u00fcr RIVE Maroc Sponsoren besteht die M\u00f6glichkeit, ihre Logos an den Vordert\u00fcren der Teams zu platzieren. Details zu den Platzierungen und Vorteilen finden Sie in unseren Sponsoren-Paketen, die Sie direkt bei uns anfordern k\u00f6nnen.<\/p>\n\n\t\t<\/div>\n\t<\/div>\n<\/div><\/div><\/div><\/div><\/div><\/section>\n","protected":false},"excerpt":{"rendered":"[vc_custom_heading text=\"\" font_container=\"tag:h2|text_align:center\"] Team-Sponsoren sind willkommen! Eigene Sponsoren? Nicht nur erlaubt \u2013 sie sind ausdr\u00fccklich erw\u00fcnscht! Jeder Sponsor hilft uns, unser Projekt sichtbarer zu machen. Platziert werden k\u00f6nnen eigene Logos auf den hinteren T\u00fcren des Teams oder zus\u00e4tzlich professionell in das Teamvideo integrieren. Teamvideos sind nicht im RIVE Maroc Paket enthalten, bieten aber eine gro\u00dfartige...","protected":false},"author":2,"featured_media":0,"parent":0,"menu_order":0,"comment_status":"closed","ping_status":"closed","template":"","meta":{"om_disable_all_campaigns":false,"_monsterinsights_skip_tracking":false,"_monsterinsights_sitenote_active":false,"_monsterinsights_sitenote_note":"","_monsterinsights_sitenote_category":0,"footnotes":""},"class_list":["post-9225","page","type-page","status-publish","hentry"],"aioseo_notices":[],"_links":{"self":[{"href":"https:\/\/rivemaroc.com\/de\/wp-json\/wp\/v2\/pages\/9225","targetHints":{"allow":["GET"]}}],"collection":[{"href":"https:\/\/rivemaroc.com\/de\/wp-json\/wp\/v2\/pages"}],"about":[{"href":"https:\/\/rivemaroc.com\/de\/wp-json\/wp\/v2\/types\/page"}],"author":[{"embeddable":true,"href":"https:\/\/rivemaroc.com\/de\/wp-json\/wp\/v2\/users\/2"}],"replies":[{"embeddable":true,"href":"https:\/\/rivemaroc.com\/de\/wp-json\/wp\/v2\/comments?post=9225"}],"version-history":[{"count":5,"href":"https:\/\/rivemaroc.com\/de\/wp-json\/wp\/v2\/pages\/9225\/revisions"}],"predecessor-version":[{"id":9232,"href":"https:\/\/rivemaroc.com\/de\/wp-json\/wp\/v2\/pages\/9225\/revisions\/9232"}],"wp:attachment":[{"href":"https:\/\/rivemaroc.com\/de\/wp-json\/wp\/v2\/media?parent=9225"}],"curies":[{"name":"wp","href":"https:\/\/api.w.org\/{rel}","templated":true}]}}