{"id":9254,"date":"2026-04-07T18:56:27","date_gmt":"2026-04-07T16:56:27","guid":{"rendered":"https:\/\/rivemaroc.com\/?page_id=9254\/"},"modified":"2026-04-07T19:22:37","modified_gmt":"2026-04-07T17:22:37","slug":"anfoderungen-teams","status":"publish","type":"page","link":"https:\/\/rivemaroc.com\/de\/anfoderungen-teams\/","title":{"rendered":"ANFORDERUNGEN TEAMS"},"content":{"rendered":"<section class=\"l-section wpb_row height_large\"><div class=\"l-section-h i-cf\"><div class=\"g-cols type_default valign_top\"><div class=\"vc_col-sm-12 wpb_column vc_column_container\"><div class=\"vc_column-inner\"><div class=\"wpb_wrapper\"><\/div><\/div><\/div><\/div><\/div><\/section><section class=\"l-section wpb_row height_large\"><div class=\"l-section-h i-cf\"><div class=\"g-cols type_default valign_top\"><div class=\"vc_col-sm-12 wpb_column vc_column_container\"><div class=\"vc_column-inner\"><div class=\"wpb_wrapper\">\n\t<div class=\"wpb_text_column \">\n\t\t<div class=\"wpb_wrapper\">\n\t\t\t<h6><strong>Anforderungen an die Teams \u2013 eRallye RIVE Maroc<\/strong><\/h6>\n<p>Die Teilnahme an der eRallye RIVE Maroc richtet sich an Teams, die sich einer spannenden, nachhaltigen Herausforderung im Bereich Elektromobilit\u00e4t stellen wollen. Damit eine reibungslose und faire Durchf\u00fchrung gew\u00e4hrleistet ist, sollten die Teams folgende Voraussetzungen erf\u00fcllen:<\/p>\n<p><strong>1. Teamstruktur<\/strong><\/p>\n<ul>\n<li>Jedes Team besteht aus 1 bis 4 Mitgliedern.<\/li>\n<li>Idealerweise verf\u00fcgt das Team \u00fcber eine Mischung aus technischen, organisatorischen und fahrerischen Kompetenzen.<\/li>\n<\/ul>\n<p><strong>2. Fahrzeug<\/strong><\/p>\n<ul>\n<li>Teilnahmeberechtigt sind elektrische Fahrzeuge, die eine Mindestreichweite von 180 km aufweisen k\u00f6nnen.<\/li>\n<li>4&#215;4 und eine gewisse Bodenfreiheit sind f\u00fcr die eSAHARA CHALLENGES vom Vorteil. Die Alternative ist die Fahrzeuge nach der ersten eSAHARA CHALLENGE in unserem ersten W\u00fcstencamp anzustellen und mit anderen Teams bzw. unseren Begleitfahrzeugen ins ERG CHEGAGA Gebiet mitzufahren oder am ersten W\u00fcstencamp zu verweilen.<\/li>\n<li>Ein Reserverad ist kein Muss aber empfehlenswert.<\/li>\n<li>Die Mitnahme eines mobilen Ladeger\u00e4tes (z.B. Juice Booster) ist unabdingbar.<\/li>\n<\/ul>\n<p><strong>3. Fahrer &amp; Verantwortung<\/strong><\/p>\n<ul>\n<li>Alle Fahrer m\u00fcssen im Besitz eines g\u00fcltigen F\u00fchrerscheins sein.<\/li>\n<li>Verantwortung f\u00fcr das Fahrzeug, die Einhaltung der Verkehrsregeln und den sicheren Umgang liegt beim jeweiligen Team.<\/li>\n<li>Eine Offenheit f\u00fcr andere L\u00e4nder und Kulturen sollte vorliegen.<\/li>\n<li>Reiseerfahrung sollte bereits vorliegen. Marokko gilt als \u201eAnf\u00e4ngerland\u201c f\u00fcr Afrika. Wir setzen Reiseerfahrung im europ\u00e4ischen Ausland voraus.<\/li>\n<\/ul>\n<p><strong>4. Anmeldung &amp; Vorbereitung<\/strong><\/p>\n<ul>\n<li>Teams m\u00fcssen sich rechtzeitig anmelden und die erforderlichen Unterlagen (Fahrzeugpapiere, Versicherung, Teamprofil) einreichen.<\/li>\n<li>Bitte kundig machen ob bereits eine Haftpflicht, Teilk &#8211; oder Vollkaskoversicherung f\u00fcr das Fahrzeug besteht. Wir empfehlen mindestens eine Teilkaskoversicherung. Falls die bisherige Versicherung diese f\u00fcr Marokko nicht anbietet, dem empfehlen wir einen Versicherungswechsel. Die andere M\u00f6glichkeit ist an der marokkanischen Grenze eine tempor\u00e4re Haftpflichtversicherung abzuschlie\u00dfen.<\/li>\n<li>Der Reisepass muss noch mindestens 6 Monate g\u00fcltig sein bei Einreise nach Marokko.<\/li>\n<li>Anschluss einer Auslandskrankenversicherung.<\/li>\n<li>Teilnahme an einem vorbereitenden Briefing vor Rallyebeginn ist verpflichtend.<\/li>\n<\/ul>\n<p><strong>5. Teamgeist &amp; Fairplay<\/strong><\/p>\n<ul>\n<li>Die Rallye legt gro\u00dfen Wert auf Teamwork, Fairness und Nachhaltigkeit.<\/li>\n<li>Respektvolles Miteinander, sowohl innerhalb des Teams als auch gegen\u00fcber anderen Teilnehmern, ist Grundvoraussetzung.<\/li>\n<\/ul>\n<p>Die eRallye RIVE Maroc ist eine einmalige Gelegenheit, Technik, Strategie und Teamwork in einer spektakul\u00e4ren Umgebung zu verbinden. Wir freuen uns auf motivierte Teams, die sich dieser Herausforderung stellen!<\/p>\n\n\t\t<\/div>\n\t<\/div>\n<\/div><\/div><\/div><\/div><\/div><\/section>\n","protected":false},"excerpt":{"rendered":"Anforderungen an die Teams \u2013 eRallye RIVE Maroc Die Teilnahme an der eRallye RIVE Maroc richtet sich an Teams, die sich einer spannenden, nachhaltigen Herausforderung im Bereich Elektromobilit\u00e4t stellen wollen. Damit eine reibungslose und faire Durchf\u00fchrung gew\u00e4hrleistet ist, sollten die Teams folgende Voraussetzungen erf\u00fcllen: 1. Teamstruktur Jedes Team besteht aus 1 bis 4 Mitgliedern. Idealerweise...","protected":false},"author":2,"featured_media":0,"parent":0,"menu_order":0,"comment_status":"closed","ping_status":"closed","template":"","meta":{"om_disable_all_campaigns":false,"_monsterinsights_skip_tracking":false,"_monsterinsights_sitenote_active":false,"_monsterinsights_sitenote_note":"","_monsterinsights_sitenote_category":0,"footnotes":""},"class_list":["post-9254","page","type-page","status-publish","hentry"],"aioseo_notices":[],"_links":{"self":[{"href":"https:\/\/rivemaroc.com\/de\/wp-json\/wp\/v2\/pages\/9254","targetHints":{"allow":["GET"]}}],"collection":[{"href":"https:\/\/rivemaroc.com\/de\/wp-json\/wp\/v2\/pages"}],"about":[{"href":"https:\/\/rivemaroc.com\/de\/wp-json\/wp\/v2\/types\/page"}],"author":[{"embeddable":true,"href":"https:\/\/rivemaroc.com\/de\/wp-json\/wp\/v2\/users\/2"}],"replies":[{"embeddable":true,"href":"https:\/\/rivemaroc.com\/de\/wp-json\/wp\/v2\/comments?post=9254"}],"version-history":[{"count":3,"href":"https:\/\/rivemaroc.com\/de\/wp-json\/wp\/v2\/pages\/9254\/revisions"}],"predecessor-version":[{"id":9262,"href":"https:\/\/rivemaroc.com\/de\/wp-json\/wp\/v2\/pages\/9254\/revisions\/9262"}],"wp:attachment":[{"href":"https:\/\/rivemaroc.com\/de\/wp-json\/wp\/v2\/media?parent=9254"}],"curies":[{"name":"wp","href":"https:\/\/api.w.org\/{rel}","templated":true}]}}