{"id":9297,"date":"2026-04-19T18:03:54","date_gmt":"2026-04-19T16:03:54","guid":{"rendered":"https:\/\/rivemaroc.com\/?page_id=9297\/"},"modified":"2026-04-19T19:18:31","modified_gmt":"2026-04-19T17:18:31","slug":"e4testival","status":"publish","type":"page","link":"https:\/\/rivemaroc.com\/de\/e4testival\/","title":{"rendered":"e4Testival"},"content":{"rendered":"<section class=\"l-section wpb_row height_large\"><div class=\"l-section-h i-cf\"><div class=\"g-cols type_default valign_top\"><div class=\"vc_col-sm-12 wpb_column vc_column_container\"><div class=\"vc_column-inner\"><div class=\"wpb_wrapper\">\n\t<div class=\"wpb_text_column \">\n\t\t<div class=\"wpb_wrapper\">\n\t\t\t<h6 style=\"text-align: center;\"><strong>e4Testival, Hockenheimring, 16. &#8211; 18.10.2026<\/strong><\/h6>\n\n\t\t<\/div>\n\t<\/div>\n<div class=\"w-separator type_short size_medium thick_3 style_solid color_border cont_none\"><span class=\"w-separator-h\"><\/span><\/div><\/div><\/div><\/div><\/div><\/div><\/section><section class=\"l-section wpb_row height_large\"><div class=\"l-section-h i-cf\"><div class=\"g-cols type_default valign_top\"><div class=\"vc_col-sm-12 wpb_column vc_column_container\"><div class=\"vc_column-inner\"><div class=\"wpb_wrapper\">\n\t<div class=\"wpb_text_column \">\n\t\t<div class=\"wpb_wrapper\">\n\t\t\t<h6 style=\"text-align: center;\"><strong>eCAMP<\/strong><\/h6>\n<div id=\"attachment_9310\" style=\"width: 310px\" class=\"wp-caption aligncenter\"><img loading=\"lazy\" decoding=\"async\" aria-describedby=\"caption-attachment-9310\" class=\"wp-image-9310 size-medium\" src=\"https:\/\/rivemaroc.com\/wp-content\/uploads\/2026\/04\/IMG_0934-300x172.jpeg\" alt=\"\" width=\"300\" height=\"172\" srcset=\"https:\/\/rivemaroc.com\/wp-content\/uploads\/2026\/04\/IMG_0934-300x172.jpeg 300w, https:\/\/rivemaroc.com\/wp-content\/uploads\/2026\/04\/IMG_0934-768x440.jpeg 768w, https:\/\/rivemaroc.com\/wp-content\/uploads\/2026\/04\/IMG_0934.jpeg 1022w\" sizes=\"auto, (max-width: 300px) 100vw, 300px\" \/><p id=\"caption-attachment-9310\" class=\"wp-caption-text\">Source: EV_Overlanding<\/p><\/div>\n<p>&nbsp;<\/p>\n<p>Zum \u00a0zweiten Mal wird es nun auf dem e4Testival ein eCamp geben. Eine gute Gelegenheit f\u00fcr ehemalige und k\u00fcnftige RIVE Maroc \/ RIVE2Dakar Teams zum gegenseitigen Austausch.<\/p>\n<p>&nbsp;<\/p>\n\n\t\t<\/div>\n\t<\/div>\n<\/div><\/div><\/div><\/div><\/div><\/section><section class=\"l-section wpb_row height_large\"><div class=\"l-section-h i-cf\"><div class=\"g-cols type_default valign_top\"><div class=\"vc_col-sm-12 wpb_column vc_column_container\"><div class=\"vc_column-inner\"><div class=\"wpb_wrapper\"><div class=\"w-separator type_short size_medium thick_3 style_solid color_border cont_none\"><span class=\"w-separator-h\"><\/span><\/div><\/div><\/div><\/div><\/div><\/div><\/section><section class=\"l-section wpb_row height_large\"><div class=\"l-section-h i-cf\"><div class=\"g-cols type_default valign_top\"><div class=\"vc_col-sm-12 wpb_column vc_column_container\"><div class=\"vc_column-inner\"><div class=\"wpb_wrapper\">\n\t<div class=\"wpb_text_column \">\n\t\t<div class=\"wpb_wrapper\">\n\t\t\t<h6 style=\"text-align: center;\"><strong>AUSSTELLERFL\u00c4CHE<\/strong><\/h6>\n<p><img loading=\"lazy\" decoding=\"async\" class=\"alignnone size-medium wp-image-9307 aligncenter\" src=\"https:\/\/rivemaroc.com\/wp-content\/uploads\/2026\/04\/IMG_0932-300x200.jpeg\" alt=\"\" width=\"300\" height=\"200\" srcset=\"https:\/\/rivemaroc.com\/wp-content\/uploads\/2026\/04\/IMG_0932-300x200.jpeg 300w, https:\/\/rivemaroc.com\/wp-content\/uploads\/2026\/04\/IMG_0932-1024x682.jpeg 1024w, https:\/\/rivemaroc.com\/wp-content\/uploads\/2026\/04\/IMG_0932-768x512.jpeg 768w, https:\/\/rivemaroc.com\/wp-content\/uploads\/2026\/04\/IMG_0932-1536x1023.jpeg 1536w, https:\/\/rivemaroc.com\/wp-content\/uploads\/2026\/04\/IMG_0932.jpeg 1600w\" sizes=\"auto, (max-width: 300px) 100vw, 300px\" \/><\/p>\n<p>Wir bekommen wieder eine Ausstellerfl\u00e4che f\u00fcr die RIVE Maroc Community. Wer hat Interesse? info@rivemaroc.de<\/p>\n\n\t\t<\/div>\n\t<\/div>\n<\/div><\/div><\/div><\/div><\/div><\/section><section class=\"l-section wpb_row height_large\"><div class=\"l-section-h i-cf\"><div class=\"g-cols type_default valign_top\"><div class=\"vc_col-sm-12 wpb_column vc_column_container\"><div class=\"vc_column-inner\"><div class=\"wpb_wrapper\"><div class=\"w-separator type_short size_medium thick_3 style_solid color_border cont_none\"><span class=\"w-separator-h\"><\/span><\/div><\/div><\/div><\/div><\/div><\/div><\/section><section class=\"l-section wpb_row height_large\"><div class=\"l-section-h i-cf\"><div class=\"g-cols type_default valign_top\"><div class=\"vc_col-sm-12 wpb_column vc_column_container\"><div class=\"vc_column-inner\"><div class=\"wpb_wrapper\">\n\t<div class=\"wpb_text_column \">\n\t\t<div class=\"wpb_wrapper\">\n\t\t\t<h6 style=\"text-align: center;\"><strong>SPEAKER<\/strong><\/h6>\n<p><img loading=\"lazy\" decoding=\"async\" class=\"size-medium wp-image-9304 aligncenter\" src=\"https:\/\/rivemaroc.com\/wp-content\/uploads\/2026\/04\/IMG_0929-300x294.jpeg\" alt=\"\" width=\"300\" height=\"294\" srcset=\"https:\/\/rivemaroc.com\/wp-content\/uploads\/2026\/04\/IMG_0929-300x294.jpeg 300w, https:\/\/rivemaroc.com\/wp-content\/uploads\/2026\/04\/IMG_0929-1024x1004.jpeg 1024w, https:\/\/rivemaroc.com\/wp-content\/uploads\/2026\/04\/IMG_0929-768x753.jpeg 768w, https:\/\/rivemaroc.com\/wp-content\/uploads\/2026\/04\/IMG_0929.jpeg 1125w\" sizes=\"auto, (max-width: 300px) 100vw, 300px\" \/><img loading=\"lazy\" decoding=\"async\" class=\"size-medium wp-image-9305 aligncenter\" src=\"https:\/\/rivemaroc.com\/wp-content\/uploads\/2026\/04\/IMG_0933-200x300.jpeg\" alt=\"\" width=\"200\" height=\"300\" srcset=\"https:\/\/rivemaroc.com\/wp-content\/uploads\/2026\/04\/IMG_0933-200x300.jpeg 200w, https:\/\/rivemaroc.com\/wp-content\/uploads\/2026\/04\/IMG_0933-682x1024.jpeg 682w, https:\/\/rivemaroc.com\/wp-content\/uploads\/2026\/04\/IMG_0933-768x1152.jpeg 768w, https:\/\/rivemaroc.com\/wp-content\/uploads\/2026\/04\/IMG_0933.jpeg 853w\" sizes=\"auto, (max-width: 200px) 100vw, 200px\" \/><\/p>\n<p>Mindestens zwei \u201eRIVE Maroc \/ RIVE2Dakar\u201c Speaker werden auch dieses Jahr wieder vor Ort sein.<\/p>\n\n\t\t<\/div>\n\t<\/div>\n<\/div><\/div><\/div><\/div><\/div><\/section><section class=\"l-section wpb_row height_large\"><div class=\"l-section-h i-cf\"><div class=\"g-cols type_default valign_top\"><div class=\"vc_col-sm-12 wpb_column vc_column_container\"><div class=\"vc_column-inner\"><div class=\"wpb_wrapper\"><div class=\"w-separator type_short size_medium thick_3 style_solid color_border cont_none\"><span class=\"w-separator-h\"><\/span><\/div><\/div><\/div><\/div><\/div><\/div><\/section><section class=\"l-section wpb_row height_large\"><div class=\"l-section-h i-cf\"><div class=\"g-cols type_default valign_top\"><div class=\"vc_col-sm-12 wpb_column vc_column_container\"><div class=\"vc_column-inner\"><div class=\"wpb_wrapper\">\n\t<div class=\"wpb_text_column \">\n\t\t<div class=\"wpb_wrapper\">\n\t\t\t<h6 style=\"text-align: center;\"><strong>ABFAHRT NACH MAROKKO ZUR RIVE MAROC<\/strong><\/h6>\n<p><img loading=\"lazy\" decoding=\"async\" class=\"size-medium wp-image-9302 aligncenter\" src=\"https:\/\/rivemaroc.com\/wp-content\/uploads\/2026\/04\/IMG_0930-244x300.jpeg\" alt=\"\" width=\"244\" height=\"300\" srcset=\"https:\/\/rivemaroc.com\/wp-content\/uploads\/2026\/04\/IMG_0930-244x300.jpeg 244w, https:\/\/rivemaroc.com\/wp-content\/uploads\/2026\/04\/IMG_0930-832x1024.jpeg 832w, https:\/\/rivemaroc.com\/wp-content\/uploads\/2026\/04\/IMG_0930-768x945.jpeg 768w, https:\/\/rivemaroc.com\/wp-content\/uploads\/2026\/04\/IMG_0930.jpeg 1125w\" sizes=\"auto, (max-width: 244px) 100vw, 244px\" \/><\/p>\n<p>Auch in diesem Jahr ist wieder eine gemeinsame Abfahrt nach Marokko zur RIVE Maroc direkt ab dem Hockenheimring m\u00f6glich. Die Abfahrt w\u00e4re am 18.10.2026 und die Ankunft m\u00fcsste in Marrakesch sp\u00e4testens am 29.10.2026 erfolgen.<\/p>\n\n\t\t<\/div>\n\t<\/div>\n<\/div><\/div><\/div><\/div><\/div><\/section>\n","protected":false},"excerpt":{"rendered":"e4Testival, Hockenheimring, 16. - 18.10.2026 eCAMP Source: EV_Overlanding &nbsp; Zum \u00a0zweiten Mal wird es nun auf dem e4Testival ein eCamp geben. Eine gute Gelegenheit f\u00fcr ehemalige und k\u00fcnftige RIVE Maroc \/ RIVE2Dakar Teams zum gegenseitigen Austausch. &nbsp; AUSSTELLERFL\u00c4CHE Wir bekommen wieder eine Ausstellerfl\u00e4che f\u00fcr die RIVE Maroc Community. Wer hat Interesse? info@rivemaroc.de SPEAKER Mindestens zwei...","protected":false},"author":2,"featured_media":0,"parent":0,"menu_order":0,"comment_status":"closed","ping_status":"closed","template":"","meta":{"om_disable_all_campaigns":false,"_monsterinsights_skip_tracking":false,"_monsterinsights_sitenote_active":false,"_monsterinsights_sitenote_note":"","_monsterinsights_sitenote_category":0,"footnotes":""},"class_list":["post-9297","page","type-page","status-publish","hentry"],"aioseo_notices":[],"_links":{"self":[{"href":"https:\/\/rivemaroc.com\/de\/wp-json\/wp\/v2\/pages\/9297","targetHints":{"allow":["GET"]}}],"collection":[{"href":"https:\/\/rivemaroc.com\/de\/wp-json\/wp\/v2\/pages"}],"about":[{"href":"https:\/\/rivemaroc.com\/de\/wp-json\/wp\/v2\/types\/page"}],"author":[{"embeddable":true,"href":"https:\/\/rivemaroc.com\/de\/wp-json\/wp\/v2\/users\/2"}],"replies":[{"embeddable":true,"href":"https:\/\/rivemaroc.com\/de\/wp-json\/wp\/v2\/comments?post=9297"}],"version-history":[{"count":8,"href":"https:\/\/rivemaroc.com\/de\/wp-json\/wp\/v2\/pages\/9297\/revisions"}],"predecessor-version":[{"id":9311,"href":"https:\/\/rivemaroc.com\/de\/wp-json\/wp\/v2\/pages\/9297\/revisions\/9311"}],"wp:attachment":[{"href":"https:\/\/rivemaroc.com\/de\/wp-json\/wp\/v2\/media?parent=9297"}],"curies":[{"name":"wp","href":"https:\/\/api.w.org\/{rel}","templated":true}]}}