{"id":7035,"date":"2018-12-15T18:07:08","date_gmt":"2018-12-15T17:07:08","guid":{"rendered":"http:\/\/rivemaroc.com\/?page_id=7035\/"},"modified":"2018-12-15T18:10:35","modified_gmt":"2018-12-15T17:10:35","slug":"categories-of-vehicles","status":"publish","type":"page","link":"https:\/\/rivemaroc.com\/en\/categories-of-vehicles\/","title":{"rendered":"Categories of vehicles"},"content":{"rendered":"<section class=\"l-section wpb_row height_huge color_primary with_img parallax_hor bgwidth_130\"><div class=\"l-section-img\" style=\"background-image: url(https:\/\/rivemaroc.com\/wp-content\/uploads\/2017\/07\/bg-text12.jpg);\" data-img-width=\"1900\" data-img-height=\"600\"><\/div><div class=\"l-section-h i-cf\"><div class=\"g-cols type_default valign_top\"><div class=\"vc_col-sm-12 wpb_column vc_column_container\"><div class=\"vc_column-inner\"><div class=\"wpb_wrapper\">[vc_custom_heading text=&#8221;Cat\u00e9gories des v\u00e9hicules&#8221; font_container=&#8221;tag:h2|font_size:48|text_align:center&#8221; use_theme_fonts=&#8221;yes&#8221;]<div class=\"w-iconbox iconpos_top style_default color_custom no_title no_text\"><a class=\"w-iconbox-link\" href=\"#intro\"><div class=\"w-iconbox-icon\" style=\"color:#ffffff;\"><i class=\"fa fa-chevron-down\"><\/i><\/div><\/a><\/div><\/div><\/div><\/div><\/div><\/div><\/section><section class=\"l-section wpb_row height_large\" id=\"intro\"><div class=\"l-section-h i-cf\"><div class=\"g-cols type_default valign_top\"><div class=\"vc_col-sm-12 wpb_column vc_column_container\"><div class=\"vc_column-inner\"><div class=\"wpb_wrapper\">\n\t<div class=\"wpb_text_column \">\n\t\t<div class=\"wpb_wrapper\">\n\t\t\t<h4 style=\"text-align: left;\"><strong>V\u00e9los \u00e9lectriques<\/strong><\/h4>\n<h6 style=\"text-align: left;\">Les v\u00e9los \u00e9lectriques peuvent participer au <a href=\"http:\/\/rivemaroc.com\/rive-maroc-precop-24\/\"><strong>RIVE MAROC PRECOP 25<\/strong><\/a>.<\/h6>\n<h4 style=\"text-align: left;\"><strong>Motos \u00e9lectriques<\/strong><\/h4>\n<h6 style=\"text-align: left;\">Les motos \u00e9lectriques capables de conduire jusqu\u2019\u00e0 350km\/jour (bornes de rechargement interm\u00e9diaires disponibles sur la route) sont accept\u00e9es soit au RIVE MAROC soit au \u00a0<a href=\"http:\/\/rivemaroc.com\/rive-maroc-precop-24\/\"><strong>RIVE MAROC PRECOP 25<\/strong><\/a>\u00a0avec \u00a0les v\u00e9los \u00e9lectriques et les v\u00e9hicules solaires.<\/h6>\n<h4 style=\"text-align: left;\"><strong>V\u00e9hicules \u00e9lectriques l\u00e9gers (L)<\/strong><\/h4>\n<h6 style=\"text-align: left;\">Les v\u00e9hicules \u00e9lectriques l\u00e9gers (tr\u00e8s efficaces), sont les bienvenus \u00e0 participer soit au RIVE MAROC (condition 350km\/jour) ou bien au <a href=\"http:\/\/rivemaroc.com\/rive-maroc-precop-24\/\"><strong>RIVE MAROC PRECOP 25<\/strong><\/a><\/h6>\n<h4 style=\"text-align: left;\"><strong>Voitures \u00e9lectriques (M)<\/strong><\/h4>\n<h6 style=\"text-align: left;\">Toutes les voitures \u00e9lectriques sont autoris\u00e9es. RIVE MAROC est une occasion de d\u00e9couvrir les diff\u00e9rentes vari\u00e9t\u00e9s de v\u00e9hicules entra\u00een\u00e9s par un moteur \u00e9lectrique.<\/h6>\n<h4 style=\"text-align: left;\"><strong>V\u00e9hicules solaires<\/strong><\/h4>\n<h6 style=\"text-align: left;\">Les v\u00e9hicules solaires sont tr\u00e8s attendus. L\u2019objectif primordial \u00e9tant de mettre en valeur les mod\u00e8les propos\u00e9s par les universit\u00e9s marocaines. D\u2019autres mod\u00e8les provenant des universit\u00e9s internationales ou des priv\u00e9s peuvent aussi participer. Pour ce type de v\u00e9hicule, une possibilit\u00e9 de participer au \u00a0<a href=\"http:\/\/rivemaroc.com\/rive-maroc-precop-24\/\"><strong>RIVE MAROC PRECOP 25<\/strong><\/a> est pr\u00e9vue.<\/h6>\n<h4 style=\"text-align: left;\"><strong>V\u00e9hicules thermiques convertis en \u00e9lectriques<\/strong><\/h4>\n<h6 style=\"text-align: left;\">Cette cat\u00e9gorie de v\u00e9hicules est tr\u00e8s int\u00e9ressante pour le RIVE. Actuellement au Maroc, des projets de conversion de v\u00e9hicules \u00e0 moteur thermique en voiture \u00e9lectrique prennent de l\u2019envergure. Nous essayons de solliciter les autorit\u00e9s \u00a0marocaines pour l\u2019homologation de ces v\u00e9hicules. Des voitures converties en provenance de l\u2019Europe peuvent nous \u00eatre d\u2019une grande utilit\u00e9 pendant le RIVE.<\/h6>\n\n\t\t<\/div>\n\t<\/div>\n<\/div><\/div><\/div><\/div><\/div><\/section>\n","protected":false},"excerpt":{"rendered":"[vc_custom_heading text=\"Cat\u00e9gories des v\u00e9hicules\" font_container=\"tag:h2|font_size:48|text_align:center\" use_theme_fonts=\"yes\"] V\u00e9los \u00e9lectriques Les v\u00e9los \u00e9lectriques peuvent participer au RIVE MAROC PRECOP 25. Motos \u00e9lectriques Les motos \u00e9lectriques capables de conduire jusqu\u2019\u00e0 350km\/jour (bornes de rechargement interm\u00e9diaires disponibles sur la route) sont accept\u00e9es soit au RIVE MAROC soit au \u00a0RIVE MAROC PRECOP 25\u00a0avec \u00a0les v\u00e9los \u00e9lectriques et les v\u00e9hicules solaires....","protected":false},"author":1,"featured_media":0,"parent":0,"menu_order":0,"comment_status":"closed","ping_status":"closed","template":"","meta":{"om_disable_all_campaigns":false,"_monsterinsights_skip_tracking":false,"_monsterinsights_sitenote_active":false,"_monsterinsights_sitenote_note":"","_monsterinsights_sitenote_category":0,"footnotes":""},"class_list":["post-7035","page","type-page","status-publish","hentry"],"aioseo_notices":[],"_links":{"self":[{"href":"https:\/\/rivemaroc.com\/en\/wp-json\/wp\/v2\/pages\/7035","targetHints":{"allow":["GET"]}}],"collection":[{"href":"https:\/\/rivemaroc.com\/en\/wp-json\/wp\/v2\/pages"}],"about":[{"href":"https:\/\/rivemaroc.com\/en\/wp-json\/wp\/v2\/types\/page"}],"author":[{"embeddable":true,"href":"https:\/\/rivemaroc.com\/en\/wp-json\/wp\/v2\/users\/1"}],"replies":[{"embeddable":true,"href":"https:\/\/rivemaroc.com\/en\/wp-json\/wp\/v2\/comments?post=7035"}],"version-history":[{"count":2,"href":"https:\/\/rivemaroc.com\/en\/wp-json\/wp\/v2\/pages\/7035\/revisions"}],"predecessor-version":[{"id":7043,"href":"https:\/\/rivemaroc.com\/en\/wp-json\/wp\/v2\/pages\/7035\/revisions\/7043"}],"wp:attachment":[{"href":"https:\/\/rivemaroc.com\/en\/wp-json\/wp\/v2\/media?parent=7035"}],"curies":[{"name":"wp","href":"https:\/\/api.w.org\/{rel}","templated":true}]}}