{"id":7051,"date":"2018-12-15T18:14:01","date_gmt":"2018-12-15T17:14:01","guid":{"rendered":"http:\/\/rivemaroc.com\/?page_id=7051\/"},"modified":"2024-09-14T19:29:41","modified_gmt":"2024-09-14T17:29:41","slug":"inscriptions","status":"publish","type":"page","link":"https:\/\/rivemaroc.com\/en\/inscriptions\/","title":{"rendered":"Inscriptions"},"content":{"rendered":"<section class=\"l-section wpb_row height_huge color_primary with_img parallax_hor bgwidth_130\"><div class=\"l-section-img\" style=\"background-image: url(https:\/\/rivemaroc.com\/wp-content\/uploads\/2017\/07\/bg-text13.jpg);\" data-img-width=\"1900\" data-img-height=\"600\"><\/div><div class=\"l-section-h i-cf\"><div class=\"g-cols type_default valign_top\"><div class=\"vc_col-sm-12 wpb_column vc_column_container\"><div class=\"vc_column-inner\"><div class=\"wpb_wrapper\">[vc_custom_heading text=&#8221;Inscriptions&#8221; font_container=&#8221;tag:h2|font_size:48|text_align:center&#8221; use_theme_fonts=&#8221;yes&#8221;]<div class=\"w-iconbox iconpos_top style_default color_custom no_title no_text\"><a class=\"w-iconbox-link\" href=\"#intro\"><div class=\"w-iconbox-icon\" style=\"color:#ffffff;\"><i class=\"fa fa-chevron-down\"><\/i><\/div><\/a><\/div><\/div><\/div><\/div><\/div><\/div><\/section><section class=\"l-section wpb_row height_large\" id=\"intro\"><div class=\"l-section-h i-cf\"><div class=\"g-cols type_default valign_top\"><div class=\"vc_col-sm-12 wpb_column vc_column_container\"><div class=\"vc_column-inner\"><div class=\"wpb_wrapper\">\n\t<div class=\"wpb_text_column \">\n\t\t<div class=\"wpb_wrapper\">\n\t\t\t<h6>Veuillez demander \u00a0les formulaires d&#8217;inscription \u00e0 <strong><a href=\"mailto:info@epamaroc.com\">info@rivemaroc.com<\/a><\/strong>.<\/h6>\n<h6>Nous avons d\u00e9lib\u00e9r\u00e9ment cr\u00e9\u00e9 trois formules tarifaires pour vous encourager \u00e0 participer d\u2019avantages:<\/h6>\n<ol>\n<li>\n<h6>Package <span style=\"color: #ff0000;\"><strong>Rouge<\/strong><\/span> :<span style=\"color: #ff0000;\">\u00a0<\/span>H\u00f4tels 4 \u00e9toiles.<\/h6>\n<\/li>\n<\/ol>\n<ol start=\"2\">\n<li>\n<h6>Package <span style=\"color: #339966;\"><strong>Vert <\/strong><\/span>: Accommodations \u00e9cologiques quand c\u2019est possibles.<\/h6>\n<\/li>\n<\/ol>\n<ol start=\"3\">\n<li>\n<h6>Package <strong>individuel<\/strong> : (sans h\u00e9bergement).\u00a0Avec nos recommandations pour des sites campings.<\/h6>\n<\/li>\n<\/ol>\n\n\t\t<\/div>\n\t<\/div>\n<\/div><\/div><\/div><\/div><\/div><\/section>\n","protected":false},"excerpt":{"rendered":"[vc_custom_heading text=\"Inscriptions\" font_container=\"tag:h2|font_size:48|text_align:center\" use_theme_fonts=\"yes\"] Veuillez demander \u00a0les formulaires d'inscription \u00e0 info@rivemaroc.com. Nous avons d\u00e9lib\u00e9r\u00e9ment cr\u00e9\u00e9 trois formules tarifaires pour vous encourager \u00e0 participer d\u2019avantages: Package Rouge :\u00a0H\u00f4tels 4 \u00e9toiles. Package Vert : Accommodations \u00e9cologiques quand c\u2019est possibles. Package individuel : (sans h\u00e9bergement).\u00a0Avec nos recommandations pour des sites campings.","protected":false},"author":1,"featured_media":0,"parent":0,"menu_order":0,"comment_status":"closed","ping_status":"closed","template":"","meta":{"om_disable_all_campaigns":false,"_monsterinsights_skip_tracking":false,"_monsterinsights_sitenote_active":false,"_monsterinsights_sitenote_note":"","_monsterinsights_sitenote_category":0,"footnotes":""},"class_list":["post-7051","page","type-page","status-publish","hentry"],"aioseo_notices":[],"_links":{"self":[{"href":"https:\/\/rivemaroc.com\/en\/wp-json\/wp\/v2\/pages\/7051","targetHints":{"allow":["GET"]}}],"collection":[{"href":"https:\/\/rivemaroc.com\/en\/wp-json\/wp\/v2\/pages"}],"about":[{"href":"https:\/\/rivemaroc.com\/en\/wp-json\/wp\/v2\/types\/page"}],"author":[{"embeddable":true,"href":"https:\/\/rivemaroc.com\/en\/wp-json\/wp\/v2\/users\/1"}],"replies":[{"embeddable":true,"href":"https:\/\/rivemaroc.com\/en\/wp-json\/wp\/v2\/comments?post=7051"}],"version-history":[{"count":2,"href":"https:\/\/rivemaroc.com\/en\/wp-json\/wp\/v2\/pages\/7051\/revisions"}],"predecessor-version":[{"id":8268,"href":"https:\/\/rivemaroc.com\/en\/wp-json\/wp\/v2\/pages\/7051\/revisions\/8268"}],"wp:attachment":[{"href":"https:\/\/rivemaroc.com\/en\/wp-json\/wp\/v2\/media?parent=7051"}],"curies":[{"name":"wp","href":"https:\/\/api.w.org\/{rel}","templated":true}]}}