{"id":7060,"date":"2018-12-15T18:17:12","date_gmt":"2018-12-15T17:17:12","guid":{"rendered":"http:\/\/rivemaroc.com\/?page_id=7060\/"},"modified":"2020-02-21T11:45:37","modified_gmt":"2020-02-21T10:45:37","slug":"rive-maroc-precop-25","status":"publish","type":"page","link":"https:\/\/rivemaroc.com\/en\/rive-maroc-precop-25\/","title":{"rendered":"RIVE MAROC PRECOP"},"content":{"rendered":"<section class=\"l-section wpb_row height_huge color_primary with_img parallax_hor bgwidth_130\"><div class=\"l-section-img\" style=\"background-image: url(https:\/\/rivemaroc.com\/wp-content\/uploads\/2017\/07\/bg-texte-20.jpg);\" data-img-width=\"1900\" data-img-height=\"600\"><\/div><div class=\"l-section-h i-cf\"><div class=\"g-cols type_default valign_top\"><div class=\"vc_col-sm-12 wpb_column vc_column_container\"><div class=\"vc_column-inner\"><div class=\"wpb_wrapper\">[vc_custom_heading text=&#8221;RIVE MAROC PRECOP 25&#8243; font_container=&#8221;tag:h2|font_size:48|text_align:center&#8221; use_theme_fonts=&#8221;yes&#8221;]<div class=\"w-iconbox iconpos_top style_default color_custom no_title no_text\"><a class=\"w-iconbox-link\" href=\"#intro\"><div class=\"w-iconbox-icon\" style=\"color:#ffffff;\"><i class=\"fa fa-chevron-down\"><\/i><\/div><\/a><\/div><\/div><\/div><\/div><\/div><\/div><\/section><section class=\"l-section wpb_row height_large\" id=\"intro\"><div class=\"l-section-h i-cf\"><div class=\"g-cols type_default valign_top\"><div class=\"vc_col-sm-12 wpb_column vc_column_container\"><div class=\"vc_column-inner\"><div class=\"wpb_wrapper\">\n\t<div class=\"wpb_text_column \">\n\t\t<div class=\"wpb_wrapper\">\n\t\t\t<h6>RIVE MAROC PRECOP 25 est une occasion pour les v\u00e9hicules ayant une puissance insuffisante qui ne leur permet pas de participer au RIVE MAROC<\/h6>\n<h6>Le RIVE MAROC PRECOP 25 commence la veille de la derni\u00e8re \u00e9tape du RIVE MAROC, Marrakech \u2013 Ouarzazate. Les bornes de recharge en 220V et 380V sont disponibles sur le trajet (indiqu\u00e9es dans le livre de route).<\/h6>\n<h6>Les participants du RIVE MAROC PRECOP 25 vont passer la nuit pr\u00e8s du sommet Tichka o\u00f9 les v\u00e9hicules seront charg\u00e9s pendant la nuit. Le jour suivant, tous les participants au rallye se dirigeront vers Ouarzazate.<\/h6>\n<h6>Toutes les cat\u00e9gories de v\u00e9hicules \u00e9lectriques et solaires sont les bienvenues. Notre objectif principal est d\u2019encourager la mobilit\u00e9 \u00e9lectrique au c\u0153ur de la diversit\u00e9 de v\u00e9hicules existants\u00a0: voitures \u00e9lectriques, v\u00e9hicules solaires (voitures et v\u00e9los),\u00a0 v\u00e9hicules l\u00e9gers \u00e9lectriques (L), e-motos, v\u00e9los \u00e9lectriques, \u2026. D\u2019autant plus, le RIVE MAROC PRECOP 24 est un moyen pour encourager le tourisme durable.<\/h6>\n<h6><strong>AU PLAISIR DE VOUS RENCONTRER BIENTOT\u00a0!<\/strong><\/h6>\n\n\t\t<\/div>\n\t<\/div>\n<div class=\"w-separator type_invisible size_large thick_1 style_solid color_border cont_none\"><span class=\"w-separator-h\"><\/span><\/div><div class=\"w-actionbox color_primary controls_right\"><div class=\"w-actionbox-text\"><h2>Pour toute demande d'inscription<\/h2><\/div><div class=\"w-actionbox-controls\"><a class=\"w-btn color_white style_solid icon_atright\" href=\"http:\/\/rivemaroc.com\/inscriptions\/\"><i class=\"fa fa-arrow-circle-right\"><\/i><span class=\"w-btn-label\">Par ici!<\/span><\/a><\/div><\/div><\/div><\/div><\/div><\/div><\/div><\/section>\n","protected":false},"excerpt":{"rendered":"[vc_custom_heading text=\"RIVE MAROC PRECOP 25\" font_container=\"tag:h2|font_size:48|text_align:center\" use_theme_fonts=\"yes\"] RIVE MAROC PRECOP 25 est une occasion pour les v\u00e9hicules ayant une puissance insuffisante qui ne leur permet pas de participer au RIVE MAROC Le RIVE MAROC PRECOP 25 commence la veille de la derni\u00e8re \u00e9tape du RIVE MAROC, Marrakech \u2013 Ouarzazate. Les bornes de recharge en 220V...","protected":false},"author":1,"featured_media":0,"parent":0,"menu_order":0,"comment_status":"closed","ping_status":"closed","template":"","meta":{"om_disable_all_campaigns":false,"_monsterinsights_skip_tracking":false,"_monsterinsights_sitenote_active":false,"_monsterinsights_sitenote_note":"","_monsterinsights_sitenote_category":0,"footnotes":""},"class_list":["post-7060","page","type-page","status-publish","hentry"],"aioseo_notices":[],"_links":{"self":[{"href":"https:\/\/rivemaroc.com\/en\/wp-json\/wp\/v2\/pages\/7060","targetHints":{"allow":["GET"]}}],"collection":[{"href":"https:\/\/rivemaroc.com\/en\/wp-json\/wp\/v2\/pages"}],"about":[{"href":"https:\/\/rivemaroc.com\/en\/wp-json\/wp\/v2\/types\/page"}],"author":[{"embeddable":true,"href":"https:\/\/rivemaroc.com\/en\/wp-json\/wp\/v2\/users\/1"}],"replies":[{"embeddable":true,"href":"https:\/\/rivemaroc.com\/en\/wp-json\/wp\/v2\/comments?post=7060"}],"version-history":[{"count":4,"href":"https:\/\/rivemaroc.com\/en\/wp-json\/wp\/v2\/pages\/7060\/revisions"}],"predecessor-version":[{"id":7787,"href":"https:\/\/rivemaroc.com\/en\/wp-json\/wp\/v2\/pages\/7060\/revisions\/7787"}],"wp:attachment":[{"href":"https:\/\/rivemaroc.com\/en\/wp-json\/wp\/v2\/media?parent=7060"}],"curies":[{"name":"wp","href":"https:\/\/api.w.org\/{rel}","templated":true}]}}