{"id":7125,"date":"2018-12-16T02:42:40","date_gmt":"2018-12-16T01:42:40","guid":{"rendered":"http:\/\/rivemaroc.com\/charte-dengagement-precop\/"},"modified":"2026-03-27T18:37:42","modified_gmt":"2026-03-27T17:37:42","slug":"precop-commitment-charter","status":"publish","type":"page","link":"https:\/\/rivemaroc.com\/en\/precop-commitment-charter\/","title":{"rendered":"PRECOP commitment charter"},"content":{"rendered":"<section class=\"l-section wpb_row height_huge color_primary with_img parallax_hor bgwidth_130\"><div class=\"l-section-img\" style=\"background-image: url(https:\/\/rivemaroc.com\/wp-content\/uploads\/2026\/03\/IMG_0897-scaled.jpeg);\" data-img-width=\"2560\" data-img-height=\"1276\"><\/div><div class=\"l-section-h i-cf\"><div class=\"g-cols type_default valign_top\"><div class=\"vc_col-sm-12 wpb_column vc_column_container\"><div class=\"vc_column-inner\"><div class=\"wpb_wrapper\">[vc_custom_heading text=&#8221;Charte d&#8217;engagement&#8221; font_container=&#8221;tag:h2|font_size:48|text_align:center&#8221; use_theme_fonts=&#8221;yes&#8221;]<div class=\"w-iconbox iconpos_top style_default color_custom no_title no_text\"><a class=\"w-iconbox-link\" href=\"#intro\"><div class=\"w-iconbox-icon\" style=\"color:#ffffff;\"><i class=\"fa fa-chevron-down\"><\/i><\/div><\/a><\/div><\/div><\/div><\/div><\/div><\/div><\/section><section class=\"l-section wpb_row height_large\" id=\"intro\"><div class=\"l-section-h i-cf\"><div class=\"g-cols type_default valign_top\"><div class=\"vc_col-sm-12 wpb_column vc_column_container\"><div class=\"vc_column-inner\"><div class=\"wpb_wrapper\">\n\t<div class=\"wpb_text_column \">\n\t\t<div class=\"wpb_wrapper\">\n\t\t\t<ol>\n<li>\n<h6>La sensibilisation pour la mobilit\u00e9 durable<\/h6>\n<\/li>\n<li>\n<h6>La cr\u00e9ation d&#8217;une infrastructure de borne de charge<\/h6>\n<\/li>\n<li>\n<h6>Echange de contacts entre les acheteurs et les producteurs<\/h6>\n<\/li>\n<li>\n<h6>Promotion du tourisme durable gr\u00e2ce \u00e0 la mobilit\u00e9 durable<\/h6>\n<\/li>\n<li>\n<h6>Soutien d\u2019un projet social<\/h6>\n<\/li>\n<li>\n<h6>Soutien d\u2019un projet pour les animaux<\/h6>\n<\/li>\n<\/ol>\n<h6>Le Maroc connait une surpopulation des chiens errants. Pendant des d\u00e9cennies, ceux-ci sont r\u00e9guli\u00e8rement empoisonn\u00e9s par les municipalit\u00e9s. Tanger et Agadir sont les premi\u00e8res villes marocaines qui supportent la st\u00e9rilisation des chiens errants.<\/h6>\n<h6>Pendant cette \u00e9dition de \u00a0RIVE, nous aiderons l\u2019Association\u00a0 SFT &#8211; \u00a0<strong><a href=\"http:\/\/www.sftmorocco.org\" target=\"_blank\" rel=\"noopener\">Le Sanctuaire de la Faune de Tanger<\/a><\/strong>\u00a0et lui apporter notre soutien.<\/h6>\n\n\t\t<\/div>\n\t<\/div>\n<\/div><\/div><\/div><\/div><\/div><\/section>\n","protected":false},"excerpt":{"rendered":"[vc_custom_heading text=\"Charte d'engagement\" font_container=\"tag:h2|font_size:48|text_align:center\" use_theme_fonts=\"yes\"] La sensibilisation pour la mobilit\u00e9 durable La cr\u00e9ation d'une infrastructure de borne de charge Echange de contacts entre les acheteurs et les producteurs Promotion du tourisme durable gr\u00e2ce \u00e0 la mobilit\u00e9 durable Soutien d\u2019un projet social Soutien d\u2019un projet pour les animaux Le Maroc connait une surpopulation des chiens errants....","protected":false},"author":1,"featured_media":0,"parent":0,"menu_order":0,"comment_status":"closed","ping_status":"closed","template":"","meta":{"om_disable_all_campaigns":false,"_monsterinsights_skip_tracking":false,"_monsterinsights_sitenote_active":false,"_monsterinsights_sitenote_note":"","_monsterinsights_sitenote_category":0,"footnotes":""},"class_list":["post-7125","page","type-page","status-publish","hentry"],"aioseo_notices":[],"_links":{"self":[{"href":"https:\/\/rivemaroc.com\/en\/wp-json\/wp\/v2\/pages\/7125","targetHints":{"allow":["GET"]}}],"collection":[{"href":"https:\/\/rivemaroc.com\/en\/wp-json\/wp\/v2\/pages"}],"about":[{"href":"https:\/\/rivemaroc.com\/en\/wp-json\/wp\/v2\/types\/page"}],"author":[{"embeddable":true,"href":"https:\/\/rivemaroc.com\/en\/wp-json\/wp\/v2\/users\/1"}],"replies":[{"embeddable":true,"href":"https:\/\/rivemaroc.com\/en\/wp-json\/wp\/v2\/comments?post=7125"}],"version-history":[{"count":2,"href":"https:\/\/rivemaroc.com\/en\/wp-json\/wp\/v2\/pages\/7125\/revisions"}],"predecessor-version":[{"id":9121,"href":"https:\/\/rivemaroc.com\/en\/wp-json\/wp\/v2\/pages\/7125\/revisions\/9121"}],"wp:attachment":[{"href":"https:\/\/rivemaroc.com\/en\/wp-json\/wp\/v2\/media?parent=7125"}],"curies":[{"name":"wp","href":"https:\/\/api.w.org\/{rel}","templated":true}]}}